{"id":40980,"date":"2025-08-04T09:31:42","date_gmt":"2025-08-04T09:31:42","guid":{"rendered":"https:\/\/skinstudio.ee\/?post_type=product&#038;p=40980"},"modified":"2025-12-30T17:05:13","modified_gmt":"2025-12-30T17:05:13","slug":"red-orange-niacinamide-toner","status":"publish","type":"product","link":"https:\/\/skinstudio.ee\/lv\/catalog\/telse\/red-orange-niacinamide-toner\/","title":{"rendered":"Red Orange Niacinamide Toner"},"content":{"rendered":"<p data-start=\"174\" data-end=\"442\">Piedz\u012bvo redzamu \u0101das to\u0146a p\u0101rmai\u0146u ar m\u016bsu progres\u012bvo balino\u0161o kop\u0161anu, kas izstr\u0101d\u0101ta, lai vienm\u0113rotu tum\u0161u un bl\u0101vu \u0101du tikai 7 dien\u0101s. Unik\u0101l\u0101 formula apvieno T&#8217;else t\u012br\u0101s sast\u0101vda\u013cas, kas atbalsta vesel\u012bgu \u0101das l\u012bdzsvaru, ar akt\u012bvaj\u0101m viel\u0101m optim\u0101lam rezult\u0101tam.<\/p>\n<p data-start=\"444\" data-end=\"735\">Apvienojot vitam\u012bniem bag\u0101t\u0101 sarkan\u0101 apels\u012bna un 2% niacinam\u012bda siner\u0123isko iedarb\u012bbu, toniks efekt\u012bvi iedarbojas gan uz dzelten\u012bgu, gan tum\u0161u \u0101das toni, nodro\u0161inot intens\u012bvu izgaismojo\u0161u efektu. Redzami uzlabojas \u0101das gai\u0161ums un skaidr\u012bba, jo sabalans\u0113t\u0101 formula pastiprina dabisko mirdzumu.<\/p>\n<p data-start=\"737\" data-end=\"983\">Izbaudi atsvaidzino\u0161o un mitrino\u0161o \u016bdens b\u0101zes tonika efektu \u2014 tas ir r\u016bp\u012bgi p\u0101rbaud\u012bts un piem\u0113rots pat jut\u012bgai \u0101dai. Uzticies produktam, kas ne tikai sola, bet ar\u012b sniedz redzamus rezult\u0101tus \u2014 kl\u012bniski p\u0101rbaud\u012bts un dermatolo\u0123iski apstiprin\u0101ts.<\/p>\n<p data-start=\"988\" data-end=\"1011\"><strong data-start=\"988\" data-end=\"1000\">Tilpums:<\/strong> <strong data-start=\"1001\" data-end=\"1011\">150 ml<\/strong><\/p>\n","protected":false},"excerpt":{"rendered":"<p data-start=\"1112\" data-end=\"1159\">Balino\u0161s toniks ar sarkan\u0101 apels\u012bna ekstraktu<\/p>\n<h2 data-start=\"1164\" data-end=\"1213\"><strong data-start=\"1164\" data-end=\"1213\">T&#8217;else &#8211; Red Orange Niacinamide Toner \u012bpa\u0161\u012bbas<\/strong><\/h2>\n<p data-start=\"1215\" data-end=\"1455\">\u2714\ufe0f Izgaismo bl\u0101vu un tum\u0161u \u0101das toni<br data-start=\"1251\" data-end=\"1254\" \/>\u2714\ufe0f Vienm\u0113rina \u0101das toni un pie\u0161\u0137ir \u0101dai mirdzumu<br data-start=\"1302\" data-end=\"1305\" \/>\u2714\ufe0f Satur 2% niacinam\u012bda pigment\u0101cijas mazin\u0101\u0161anai<br data-start=\"1354\" data-end=\"1357\" \/>\u2714\ufe0f Bag\u0101tina \u0101du ar vitam\u012bniem un antioksidantiem<br data-start=\"1405\" data-end=\"1408\" \/>\u2714\ufe0f Mitrina un atsvaidzina bez lip\u012bgas saj\u016btas<\/p>\n","protected":false},"featured_media":40970,"template":"","meta":[],"pwb-brand":[708],"product_brand":[],"product_cat":[749,751,721],"product_tag":[],"giftcard-category":[],"class_list":{"0":"post-40980","1":"product","2":"type-product","3":"status-publish","4":"has-post-thumbnail","6":"pwb-brand-telse","7":"product_cat-novecojosa-ada","8":"product_cat-pigmentacija-lv","9":"product_cat-toniki-lv","11":"first","12":"instock","13":"taxable","14":"shipping-taxable","15":"purchasable","16":"product-type-simple"},"acf":[],"brands":[{"id":708,"name":"T'else","slug":"telse"}],"_links":{"self":[{"href":"https:\/\/skinstudio.ee\/lv\/wp-json\/wp\/v2\/product\/40980","targetHints":{"allow":["GET"]}}],"collection":[{"href":"https:\/\/skinstudio.ee\/lv\/wp-json\/wp\/v2\/product"}],"about":[{"href":"https:\/\/skinstudio.ee\/lv\/wp-json\/wp\/v2\/types\/product"}],"version-history":[{"count":0,"href":"https:\/\/skinstudio.ee\/lv\/wp-json\/wp\/v2\/product\/40980\/revisions"}],"wp:featuredmedia":[{"embeddable":true,"href":"https:\/\/skinstudio.ee\/lv\/wp-json\/wp\/v2\/media\/40970"}],"wp:attachment":[{"href":"https:\/\/skinstudio.ee\/lv\/wp-json\/wp\/v2\/media?parent=40980"}],"wp:term":[{"taxonomy":"pwb-brand","embeddable":true,"href":"https:\/\/skinstudio.ee\/lv\/wp-json\/wp\/v2\/pwb-brand?post=40980"},{"taxonomy":"product_brand","embeddable":true,"href":"https:\/\/skinstudio.ee\/lv\/wp-json\/wp\/v2\/product_brand?post=40980"},{"taxonomy":"product_cat","embeddable":true,"href":"https:\/\/skinstudio.ee\/lv\/wp-json\/wp\/v2\/product_cat?post=40980"},{"taxonomy":"product_tag","embeddable":true,"href":"https:\/\/skinstudio.ee\/lv\/wp-json\/wp\/v2\/product_tag?post=40980"},{"taxonomy":"giftcard-category","embeddable":true,"href":"https:\/\/skinstudio.ee\/lv\/wp-json\/wp\/v2\/giftcard-category?post=40980"}],"curies":[{"name":"wp","href":"https:\/\/api.w.org\/{rel}","templated":true}]}}