{"id":40995,"date":"2025-08-04T09:45:56","date_gmt":"2025-08-04T09:45:56","guid":{"rendered":"https:\/\/skinstudio.ee\/?post_type=product&#038;p=40995"},"modified":"2025-12-30T17:05:13","modified_gmt":"2025-12-30T17:05:13","slug":"red-orange-niacinamide-serum","status":"publish","type":"product","link":"https:\/\/skinstudio.ee\/lv\/catalog\/telse\/red-orange-niacinamide-serum\/","title":{"rendered":"Red Orange Niacinamide Serum"},"content":{"rendered":"<p data-start=\"150\" data-end=\"421\">Balino\u0161s serums ar 5% niacinam\u012bda un sarkan\u0101 apels\u012bna ekstraktu redzami samazina pigment\u0101ciju un izl\u012bdzina \u0101das toni tikai 7 dienu laik\u0101. Maigi noloba atmiru\u0161\u0101s \u0161\u016bnas, izl\u012bdzina tekst\u016bru, likvid\u0113 bl\u0101vumu un pie\u0161\u0137ir \u0101dai dabisku mirdzumu. Intens\u012bvi mitrina un atsvaidzina.<\/p>\n<p data-start=\"423\" data-end=\"622\">Formula nodro\u0161ina sp\u0113c\u012bgu antioksidantu aizsardz\u012bbu, pasarg\u0101jot \u0101das \u0161\u016bnas no br\u012bvo radik\u0101\u013cu kait\u012bg\u0101s ietekmes un pal\u0113ninot noveco\u0161an\u0101s paz\u012bmes. M\u012bkstina raupj\u0101s vietas, padarot \u0101du maigu un z\u012bdainu.<\/p>\n<p data-start=\"624\" data-end=\"755\">Viegl\u0101 g\u0113lveida tekst\u016bra \u0101tri uzs\u016bcas, neatst\u0101j lip\u012bgumu vai taukainu pl\u0113v\u012bti. Uzreiz pie\u0161\u0137ir svaiguma saj\u016btu un vesel\u012bgu mirdzumu.<\/p>\n<p data-start=\"760\" data-end=\"782\"><strong data-start=\"760\" data-end=\"772\">Tilpums:<\/strong> <strong data-start=\"773\" data-end=\"782\">30 ml<\/strong><\/p>\n","protected":false},"excerpt":{"rendered":"<p data-start=\"875\" data-end=\"892\">Balino\u0161s serums<\/p>\n<h2 data-start=\"897\" data-end=\"946\"><strong data-start=\"897\" data-end=\"946\">T&#8217;else &#8211; Red Orange Niacinamide Serum \u012bpa\u0161\u012bbas<\/strong><\/h2>\n<p data-start=\"948\" data-end=\"1211\">\u2714\ufe0f Redzami izgaismo bl\u0101vu un nevienm\u0113r\u012bgu \u0101das toni<br data-start=\"999\" data-end=\"1002\" \/>\u2714\ufe0f Satur 5% niacinam\u012bda pigment\u0101cijas mazin\u0101\u0161anai<br data-start=\"1051\" data-end=\"1054\" \/>\u2714\ufe0f Bag\u0101tina \u0101du ar vitam\u012bniem un antioksidantiem<br data-start=\"1102\" data-end=\"1105\" \/>\u2714\ufe0f Uzlabo \u0101das tekst\u016bru un vienm\u0113r\u012bgumu<br data-start=\"1144\" data-end=\"1147\" \/>\u2714\ufe0f Viegla g\u0113la tekst\u016bra, kas \u0101tri ies\u016bcas un neatst\u0101j lip\u012bgumu<\/p>\n","protected":false},"featured_media":40988,"template":"","meta":[],"pwb-brand":[708],"product_brand":[],"product_cat":[749,751,723],"product_tag":[],"giftcard-category":[],"class_list":{"0":"post-40995","1":"product","2":"type-product","3":"status-publish","4":"has-post-thumbnail","6":"pwb-brand-telse","7":"product_cat-novecojosa-ada","8":"product_cat-pigmentacija-lv","9":"product_cat-serumi","11":"first","12":"instock","13":"taxable","14":"shipping-taxable","15":"purchasable","16":"product-type-simple"},"acf":[],"brands":[{"id":708,"name":"T'else","slug":"telse"}],"_links":{"self":[{"href":"https:\/\/skinstudio.ee\/lv\/wp-json\/wp\/v2\/product\/40995","targetHints":{"allow":["GET"]}}],"collection":[{"href":"https:\/\/skinstudio.ee\/lv\/wp-json\/wp\/v2\/product"}],"about":[{"href":"https:\/\/skinstudio.ee\/lv\/wp-json\/wp\/v2\/types\/product"}],"version-history":[{"count":0,"href":"https:\/\/skinstudio.ee\/lv\/wp-json\/wp\/v2\/product\/40995\/revisions"}],"wp:featuredmedia":[{"embeddable":true,"href":"https:\/\/skinstudio.ee\/lv\/wp-json\/wp\/v2\/media\/40988"}],"wp:attachment":[{"href":"https:\/\/skinstudio.ee\/lv\/wp-json\/wp\/v2\/media?parent=40995"}],"wp:term":[{"taxonomy":"pwb-brand","embeddable":true,"href":"https:\/\/skinstudio.ee\/lv\/wp-json\/wp\/v2\/pwb-brand?post=40995"},{"taxonomy":"product_brand","embeddable":true,"href":"https:\/\/skinstudio.ee\/lv\/wp-json\/wp\/v2\/product_brand?post=40995"},{"taxonomy":"product_cat","embeddable":true,"href":"https:\/\/skinstudio.ee\/lv\/wp-json\/wp\/v2\/product_cat?post=40995"},{"taxonomy":"product_tag","embeddable":true,"href":"https:\/\/skinstudio.ee\/lv\/wp-json\/wp\/v2\/product_tag?post=40995"},{"taxonomy":"giftcard-category","embeddable":true,"href":"https:\/\/skinstudio.ee\/lv\/wp-json\/wp\/v2\/giftcard-category?post=40995"}],"curies":[{"name":"wp","href":"https:\/\/api.w.org\/{rel}","templated":true}]}}