{"id":41012,"date":"2025-08-04T10:07:32","date_gmt":"2025-08-04T10:07:32","guid":{"rendered":"https:\/\/skinstudio.ee\/?post_type=product&#038;p=41012"},"modified":"2025-12-30T17:05:13","modified_gmt":"2025-12-30T17:05:13","slug":"red-orange-niacinamide-blemish-pads","status":"publish","type":"product","link":"https:\/\/skinstudio.ee\/lv\/catalog\/telse\/red-orange-niacinamide-blemish-pads\/","title":{"rendered":"Red Orange Niacinamide Blemish Pads"},"content":{"rendered":"<p data-start=\"185\" data-end=\"460\">Balino\u0161ie diski ar C vitam\u012bnu un 2% niacinam\u012bda saudz\u012bgi noloba atmiru\u0161\u0101s \u0101das \u0161\u016bnas, izl\u012bdzina \u0101das mikrostrukt\u016bru un m\u012bkstina raupj\u0101s vietas. Efekt\u012bvi samazina pigment\u0101cijas plankumus, bl\u0101vumu un nevienm\u0113r\u012bgu \u0101das toni, uzlabojot \u0101das izskatu un pie\u0161\u0137irot dabisku mirdzumu.<\/p>\n<p data-start=\"462\" data-end=\"687\">Produkts nodro\u0161ina sp\u0113c\u012bgu antioksidantu aizsardz\u012bbu, pasarg\u0101 \u0101du no apk\u0101rt\u0113j\u0101s vides kait\u012bg\u0101s ietekmes un UV starojuma boj\u0101jumiem, nov\u0113r\u0161 priek\u0161laic\u012bgu noveco\u0161anos, intens\u012bvi mitrina un toniz\u0113, padarot \u0101du m\u012bkstu un z\u012bdainu.<\/p>\n<p data-start=\"689\" data-end=\"887\">Diski ir pies\u016bcin\u0101ti ar 99% t\u012bra C vitam\u012bna, kas nodro\u0161ina \u0101tru un intens\u012bvu balino\u0161u efektu. Perfor\u0101cija \u013cauj disku sadal\u012bt uz pus\u0113m, lai tas lab\u0101k piek\u013cautos problem\u0101tisk\u0101m zon\u0101m SOS maskas veid\u0101.<\/p>\n<p data-start=\"892\" data-end=\"917\"><strong data-start=\"892\" data-end=\"904\">Tilpums:<\/strong> <strong data-start=\"905\" data-end=\"917\">60 diski<\/strong><\/p>\n","protected":false},"excerpt":{"rendered":"<p data-start=\"970\" data-end=\"1002\">Balino\u0161ie diski ar niacinam\u012bdu<\/p>\n<h2 data-start=\"1007\" data-end=\"1063\"><strong data-start=\"1007\" data-end=\"1063\">T&#8217;else &#8211; Red Orange Niacinamide Blemish Pads \u012bpa\u0161\u012bbas<\/strong><\/h2>\n<p data-start=\"1065\" data-end=\"1321\">\u2714\ufe0f Izgaismo pigment\u0101ciju un izl\u012bdzina \u0101das toni<br data-start=\"1112\" data-end=\"1115\" \/>\u2714\ufe0f Satur 2% niacinam\u012bda mirdzumam un vienm\u0113r\u012bgam tonim<br data-start=\"1169\" data-end=\"1172\" \/>\u2714\ufe0f Bag\u0101tin\u0101ti ar sarkan\u0101 apels\u012bna ekstraktu vitam\u012bniem<br data-start=\"1226\" data-end=\"1229\" \/>\u2714\ufe0f Saudz\u012bgi noloba un uzlabo \u0101das tekst\u016bru<br data-start=\"1271\" data-end=\"1274\" \/>\u2714\ufe0f Mitrina un atsvaidzina bez lip\u012bgas saj\u016btas<\/p>\n","protected":false},"featured_media":65482,"template":"","meta":[],"pwb-brand":[708],"product_brand":[],"product_cat":[749,751,719],"product_tag":[],"giftcard-category":[],"class_list":{"0":"post-41012","1":"product","2":"type-product","3":"status-publish","4":"has-post-thumbnail","6":"pwb-brand-telse","7":"product_cat-novecojosa-ada","8":"product_cat-pigmentacija-lv","9":"product_cat-skrubji-un-pilingi","11":"first","12":"instock","13":"taxable","14":"shipping-taxable","15":"purchasable","16":"product-type-simple"},"acf":[],"brands":[{"id":708,"name":"T'else","slug":"telse"}],"_links":{"self":[{"href":"https:\/\/skinstudio.ee\/lv\/wp-json\/wp\/v2\/product\/41012","targetHints":{"allow":["GET"]}}],"collection":[{"href":"https:\/\/skinstudio.ee\/lv\/wp-json\/wp\/v2\/product"}],"about":[{"href":"https:\/\/skinstudio.ee\/lv\/wp-json\/wp\/v2\/types\/product"}],"version-history":[{"count":0,"href":"https:\/\/skinstudio.ee\/lv\/wp-json\/wp\/v2\/product\/41012\/revisions"}],"wp:featuredmedia":[{"embeddable":true,"href":"https:\/\/skinstudio.ee\/lv\/wp-json\/wp\/v2\/media\/65482"}],"wp:attachment":[{"href":"https:\/\/skinstudio.ee\/lv\/wp-json\/wp\/v2\/media?parent=41012"}],"wp:term":[{"taxonomy":"pwb-brand","embeddable":true,"href":"https:\/\/skinstudio.ee\/lv\/wp-json\/wp\/v2\/pwb-brand?post=41012"},{"taxonomy":"product_brand","embeddable":true,"href":"https:\/\/skinstudio.ee\/lv\/wp-json\/wp\/v2\/product_brand?post=41012"},{"taxonomy":"product_cat","embeddable":true,"href":"https:\/\/skinstudio.ee\/lv\/wp-json\/wp\/v2\/product_cat?post=41012"},{"taxonomy":"product_tag","embeddable":true,"href":"https:\/\/skinstudio.ee\/lv\/wp-json\/wp\/v2\/product_tag?post=41012"},{"taxonomy":"giftcard-category","embeddable":true,"href":"https:\/\/skinstudio.ee\/lv\/wp-json\/wp\/v2\/giftcard-category?post=41012"}],"curies":[{"name":"wp","href":"https:\/\/api.w.org\/{rel}","templated":true}]}}