{"id":41095,"date":"2025-08-04T12:23:23","date_gmt":"2025-08-04T12:23:23","guid":{"rendered":"https:\/\/skinstudio.ee\/?post_type=product&#038;p=41095"},"modified":"2025-12-30T17:05:13","modified_gmt":"2025-12-30T17:05:13","slug":"blue-agave-hyaluronic-acid-cream","status":"publish","type":"product","link":"https:\/\/skinstudio.ee\/lv\/catalog\/telse\/blue-agave-hyaluronic-acid-cream\/","title":{"rendered":"Blue Agave Hyaluronic Acid Cream"},"content":{"rendered":"<p data-start=\"100\" data-end=\"354\">Blue Agave Hyaluronic Acid Cream &#8211; mitrino\u0161s kr\u0113ms ar hialuronsk\u0101bi un zil\u0101s agaves ekstraktu dzi\u013ci mitrina \u0101du, nov\u0113r\u0161 sausumu un savilkuma saj\u016btu, uzreiz atjauno komfortu un maigumu. Da\u017e\u0101das molekulmasas hialuronsk\u0101be pal\u012bdz aiztur\u0113t mitrumu \u0101d\u0101, padarot to gludu, elast\u012bgu un starojo\u0161u.<\/p>\n<p data-start=\"356\" data-end=\"609\">Zil\u0101s agaves ekstrakts pastiprina mitrino\u0161o iedarb\u012bbu, atsvaidzina \u0101du, nodro\u0161ina antioksidantu aizsardz\u012bbu un uzlabo \u0101das toni. Viegla tekst\u016bra \u0101tri uzs\u016bcas, neatst\u0101jot taukainu sp\u012bdumu vai lip\u012bgumu. Piem\u0113rots ikdienas lieto\u0161anai, tostarp jut\u012bgai \u0101dai.<\/p>\n<p data-start=\"614\" data-end=\"632\"><strong data-start=\"614\" data-end=\"632\">Tilpums: 50 ml<\/strong><\/p>\n","protected":false},"excerpt":{"rendered":"<p data-start=\"767\" data-end=\"796\">Mitrino\u0161s kr\u0113ms ar zilo agavi<\/p>\n<h2 data-start=\"798\" data-end=\"1008\"><strong data-start=\"798\" data-end=\"851\">T&#8217;else &#8211; Blue Agave Hyaluronic Acid Cream \u012bpa\u0161\u012bbas<\/strong><\/h2>\n<p data-start=\"798\" data-end=\"1008\">\u2714\ufe0f Dzi\u013ci mitrina un nov\u0113r\u0161 sausumu<br data-start=\"888\" data-end=\"891\" \/>\u2714\ufe0f Atjauno \u0101das komfortu un maigumu<br data-start=\"926\" data-end=\"929\" \/>\u2714\ufe0f Uzlabo elast\u012bbu un pie\u0161\u0137ir mirdzumu<br data-start=\"967\" data-end=\"970\" \/>\u2714\ufe0f Nodro\u0161ina antioksidantu aizsardz\u012bbu<\/p>\n","protected":false},"featured_media":65477,"template":"","meta":[],"pwb-brand":[708],"product_brand":[],"product_cat":[745,737,749],"product_tag":[],"giftcard-category":[],"class_list":{"0":"post-41095","1":"product","2":"type-product","3":"status-publish","4":"has-post-thumbnail","6":"pwb-brand-telse","7":"product_cat-jutiga-ada","8":"product_cat-mitrinasana","9":"product_cat-novecojosa-ada","11":"first","12":"instock","13":"taxable","14":"shipping-taxable","15":"purchasable","16":"product-type-simple"},"acf":[],"brands":[{"id":708,"name":"T'else","slug":"telse"}],"_links":{"self":[{"href":"https:\/\/skinstudio.ee\/lv\/wp-json\/wp\/v2\/product\/41095","targetHints":{"allow":["GET"]}}],"collection":[{"href":"https:\/\/skinstudio.ee\/lv\/wp-json\/wp\/v2\/product"}],"about":[{"href":"https:\/\/skinstudio.ee\/lv\/wp-json\/wp\/v2\/types\/product"}],"version-history":[{"count":0,"href":"https:\/\/skinstudio.ee\/lv\/wp-json\/wp\/v2\/product\/41095\/revisions"}],"wp:featuredmedia":[{"embeddable":true,"href":"https:\/\/skinstudio.ee\/lv\/wp-json\/wp\/v2\/media\/65477"}],"wp:attachment":[{"href":"https:\/\/skinstudio.ee\/lv\/wp-json\/wp\/v2\/media?parent=41095"}],"wp:term":[{"taxonomy":"pwb-brand","embeddable":true,"href":"https:\/\/skinstudio.ee\/lv\/wp-json\/wp\/v2\/pwb-brand?post=41095"},{"taxonomy":"product_brand","embeddable":true,"href":"https:\/\/skinstudio.ee\/lv\/wp-json\/wp\/v2\/product_brand?post=41095"},{"taxonomy":"product_cat","embeddable":true,"href":"https:\/\/skinstudio.ee\/lv\/wp-json\/wp\/v2\/product_cat?post=41095"},{"taxonomy":"product_tag","embeddable":true,"href":"https:\/\/skinstudio.ee\/lv\/wp-json\/wp\/v2\/product_tag?post=41095"},{"taxonomy":"giftcard-category","embeddable":true,"href":"https:\/\/skinstudio.ee\/lv\/wp-json\/wp\/v2\/giftcard-category?post=41095"}],"curies":[{"name":"wp","href":"https:\/\/api.w.org\/{rel}","templated":true}]}}