{"id":41112,"date":"2025-08-04T12:33:31","date_gmt":"2025-08-04T12:33:31","guid":{"rendered":"https:\/\/skinstudio.ee\/?post_type=product&#038;p=41112"},"modified":"2025-12-30T17:05:13","modified_gmt":"2025-12-30T17:05:13","slug":"blue-agave-hyaluronic-acid-sheet-mask","status":"publish","type":"product","link":"https:\/\/skinstudio.ee\/lv\/catalog\/telse\/blue-agave-hyaluronic-acid-sheet-mask\/","title":{"rendered":"Blue Agave Hyaluronic Acid Sheet Mask"},"content":{"rendered":"<p data-start=\"130\" data-end=\"427\">Intens\u012bvi mitrino\u0161a maska ar hialuronsk\u0101bi un zil\u0101s agaves ekstraktu, kas nekav\u0113joties nov\u0113r\u0161 sausumu un savilkuma saj\u016btu, pie\u0161\u0137irot \u0101dai svaigumu un vesel\u012bgu mirdzumu. Daudzl\u012bme\u0146u mitrin\u0101\u0161anas sist\u0113ma pal\u012bdz atjaunot optim\u0101lu mitruma l\u012bdzsvaru un nov\u0113r\u0161 dehidrat\u0101ciju pat stresa apst\u0101k\u013cos.<\/p>\n<p data-start=\"429\" data-end=\"744\">Zil\u0101s agaves ekstrakts pastiprina antioksidantu aizsardz\u012bbu, uzlabo sejas \u0101das toni un paaugstina \u0101das tonusu. Da\u017e\u0101das molekulmasas hialuronsk\u0101be dzi\u013ci ies\u016bcas \u0101d\u0101, intens\u012bvi mitrinot un pal\u012bdzot notur\u0113t mitrumu \u0161\u016bn\u0101s. Maskai piem\u012bt t\u016bl\u012bt\u0113js \u201catjaunojo\u0161s\u201d efekts \u2013 p\u0113c lieto\u0161anas \u0101da k\u013c\u016bst maiga, gluda un elast\u012bga.<\/p>\n<p data-start=\"746\" data-end=\"898\">Piem\u0113rota visiem \u0101das tipiem, tostarp jut\u012bgai \u0101dai. Ide\u0101li piem\u0113rota k\u0101 ekspress kop\u0161ana pirms svar\u012bgiem notikumiem vai dehidrat\u0101cijas paz\u012bmju gad\u012bjum\u0101.<\/p>\n<p data-start=\"900\" data-end=\"927\"><strong data-start=\"900\" data-end=\"911\">Tilpums<\/strong> 1 maska (25 ml)<\/p>\n","protected":false},"excerpt":{"rendered":"<p data-start=\"1175\" data-end=\"1219\">Mitrino\u0161a maska intens\u012bvai \u0101das atjauno\u0161anai<\/p>\n<h2 data-start=\"1224\" data-end=\"1509\"><strong data-start=\"1224\" data-end=\"1282\">T&#8217;else &#8211; Blue Agave Hyaluronic Acid Sheet Mask \u012bpa\u0161\u012bbas<\/strong><\/h2>\n<p data-start=\"1224\" data-end=\"1509\">\u2714\ufe0f Dzi\u013ci mitrina un nov\u0113r\u0161 sausumu<br data-start=\"1319\" data-end=\"1322\" \/>\u2714\ufe0f Atsvaidzina, atjauno un pie\u0161\u0137ir mirdzumu<br data-start=\"1365\" data-end=\"1368\" \/>\u2714\ufe0f Stiprina \u0101das aizsargbarjeru un uzlabo elast\u012bbu<br data-start=\"1418\" data-end=\"1421\" \/>\u2714\ufe0f Nodro\u0161ina antioksidantu aizsardz\u012bbu<br data-start=\"1459\" data-end=\"1462\" \/>\u2714\ufe0f T\u016bl\u012bt\u0113ji revitaliz\u0113 \u0101du un uzlabo t\u0101s toni<\/p>\n","protected":false},"featured_media":41103,"template":"","meta":[],"pwb-brand":[708],"product_brand":[],"product_cat":[725],"product_tag":[],"giftcard-category":[],"class_list":{"0":"post-41112","1":"product","2":"type-product","3":"status-publish","4":"has-post-thumbnail","6":"pwb-brand-telse","7":"product_cat-maskas","9":"first","10":"instock","11":"taxable","12":"shipping-taxable","13":"purchasable","14":"product-type-simple"},"acf":[],"brands":[{"id":708,"name":"T'else","slug":"telse"}],"_links":{"self":[{"href":"https:\/\/skinstudio.ee\/lv\/wp-json\/wp\/v2\/product\/41112","targetHints":{"allow":["GET"]}}],"collection":[{"href":"https:\/\/skinstudio.ee\/lv\/wp-json\/wp\/v2\/product"}],"about":[{"href":"https:\/\/skinstudio.ee\/lv\/wp-json\/wp\/v2\/types\/product"}],"version-history":[{"count":0,"href":"https:\/\/skinstudio.ee\/lv\/wp-json\/wp\/v2\/product\/41112\/revisions"}],"wp:featuredmedia":[{"embeddable":true,"href":"https:\/\/skinstudio.ee\/lv\/wp-json\/wp\/v2\/media\/41103"}],"wp:attachment":[{"href":"https:\/\/skinstudio.ee\/lv\/wp-json\/wp\/v2\/media?parent=41112"}],"wp:term":[{"taxonomy":"pwb-brand","embeddable":true,"href":"https:\/\/skinstudio.ee\/lv\/wp-json\/wp\/v2\/pwb-brand?post=41112"},{"taxonomy":"product_brand","embeddable":true,"href":"https:\/\/skinstudio.ee\/lv\/wp-json\/wp\/v2\/product_brand?post=41112"},{"taxonomy":"product_cat","embeddable":true,"href":"https:\/\/skinstudio.ee\/lv\/wp-json\/wp\/v2\/product_cat?post=41112"},{"taxonomy":"product_tag","embeddable":true,"href":"https:\/\/skinstudio.ee\/lv\/wp-json\/wp\/v2\/product_tag?post=41112"},{"taxonomy":"giftcard-category","embeddable":true,"href":"https:\/\/skinstudio.ee\/lv\/wp-json\/wp\/v2\/giftcard-category?post=41112"}],"curies":[{"name":"wp","href":"https:\/\/api.w.org\/{rel}","templated":true}]}}