{"id":41170,"date":"2025-08-04T13:04:15","date_gmt":"2025-08-04T13:04:15","guid":{"rendered":"https:\/\/skinstudio.ee\/?post_type=product&#038;p=41170"},"modified":"2026-04-03T09:35:18","modified_gmt":"2026-04-03T09:35:18","slug":"top-to-toe-wash","status":"publish","type":"product","link":"https:\/\/skinstudio.ee\/lv\/catalog\/atopalm\/top-to-toe-wash\/","title":{"rendered":"Top to Toe Wash"},"content":{"rendered":"<p data-start=\"173\" data-end=\"698\">Univers\u0101ls t\u012br\u012b\u0161anas \u017eelejs \u0137ermenim un matiem ir izstr\u0101d\u0101ts \u012bpa\u0161i maigi taukainai b\u0113rnu un pieaugu\u0161o jut\u012bgajai \u0101dai. Formul\u0101 ietvert\u0101s maig\u0101s virsmvielas no sald\u0101 mande\u013cu e\u013c\u013cas efekt\u012bvi no\u0146em net\u012brumus, neizjaucot \u0101das dabisko l\u012bdzsvaru.<br data-start=\"426\" data-end=\"429\" \/>MLE\u00ae tehnolo\u0123ija un patent\u0113tais Ceramide\u20119S\u2122 nostiprina \u0101das aizsargbarjeru un pal\u012bdz saglab\u0101t mitrumu jau t\u012br\u012b\u0161an\u0101s proces\u0101. Formula nesatur parab\u0113nus, sulf\u0101tus, miner\u0101le\u013c\u013cu, kr\u0101svielas un alkoholu \u2014 piem\u0113rots lieto\u0161anai no dzim\u0161anas, gan k\u0101 \u0161amp\u016bns, gan du\u0161as \u017eeleja.<\/p>\n<p data-start=\"700\" data-end=\"719\"><strong data-start=\"700\" data-end=\"712\">Tilpums:<\/strong> 300 ml<\/p>\n","protected":false},"excerpt":{"rendered":"<p data-start=\"954\" data-end=\"1049\">\u012apa\u0161i maigs t\u012br\u012b\u0161anas gels \u0137ermenim un matiem probl\u0113miskai un jut\u012bgai \u0101dai<\/p>\n<h2 data-start=\"1051\" data-end=\"1326\"><strong data-start=\"1051\" data-end=\"1087\">Atopalm Top to Toe Wash \u012bpa\u0161\u012bbas<\/strong><\/h2>\n<p data-start=\"1051\" data-end=\"1326\">\u2714\ufe0f Maigi t\u012bra \u0101du un mati, neizsausinot<br data-start=\"1129\" data-end=\"1132\" \/>\u2714\ufe0f Ide\u0101li piem\u0113rots jut\u012bgai un b\u0113rnu \u0101dai<br data-start=\"1173\" data-end=\"1176\" \/>\u2714\ufe0f Stiprina \u0101das aizsargbarjeru un samazina mitruma zudumu<br data-start=\"1234\" data-end=\"1237\" \/>\u2714\ufe0f Nesausina un neizraisa acu kairin\u0101jumu<br data-start=\"1278\" data-end=\"1281\" \/>\u2714\ufe0f Bez agres\u012bv\u0101m sast\u0101vda\u013c\u0101m un smar\u017eviel\u0101m<\/p>\n","protected":false},"featured_media":65549,"template":"","meta":[],"pwb-brand":[701],"product_brand":[],"product_cat":[1191,757,762],"product_tag":[],"giftcard-category":[],"class_list":{"0":"post-41170","1":"product","2":"type-product","3":"status-publish","4":"has-post-thumbnail","6":"pwb-brand-atopalm","7":"product_cat-berniem","8":"product_cat-kermena-kopsana","9":"product_cat-matu-kopsana","11":"first","12":"instock","13":"taxable","14":"shipping-taxable","15":"purchasable","16":"product-type-simple"},"acf":[],"brands":[{"id":701,"name":"Atopalm","slug":"atopalm"}],"_links":{"self":[{"href":"https:\/\/skinstudio.ee\/lv\/wp-json\/wp\/v2\/product\/41170","targetHints":{"allow":["GET"]}}],"collection":[{"href":"https:\/\/skinstudio.ee\/lv\/wp-json\/wp\/v2\/product"}],"about":[{"href":"https:\/\/skinstudio.ee\/lv\/wp-json\/wp\/v2\/types\/product"}],"version-history":[{"count":0,"href":"https:\/\/skinstudio.ee\/lv\/wp-json\/wp\/v2\/product\/41170\/revisions"}],"wp:featuredmedia":[{"embeddable":true,"href":"https:\/\/skinstudio.ee\/lv\/wp-json\/wp\/v2\/media\/65549"}],"wp:attachment":[{"href":"https:\/\/skinstudio.ee\/lv\/wp-json\/wp\/v2\/media?parent=41170"}],"wp:term":[{"taxonomy":"pwb-brand","embeddable":true,"href":"https:\/\/skinstudio.ee\/lv\/wp-json\/wp\/v2\/pwb-brand?post=41170"},{"taxonomy":"product_brand","embeddable":true,"href":"https:\/\/skinstudio.ee\/lv\/wp-json\/wp\/v2\/product_brand?post=41170"},{"taxonomy":"product_cat","embeddable":true,"href":"https:\/\/skinstudio.ee\/lv\/wp-json\/wp\/v2\/product_cat?post=41170"},{"taxonomy":"product_tag","embeddable":true,"href":"https:\/\/skinstudio.ee\/lv\/wp-json\/wp\/v2\/product_tag?post=41170"},{"taxonomy":"giftcard-category","embeddable":true,"href":"https:\/\/skinstudio.ee\/lv\/wp-json\/wp\/v2\/giftcard-category?post=41170"}],"curies":[{"name":"wp","href":"https:\/\/api.w.org\/{rel}","templated":true}]}}