{"id":41186,"date":"2025-08-04T13:38:07","date_gmt":"2025-08-04T13:38:07","guid":{"rendered":"https:\/\/skinstudio.ee\/?post_type=product&#038;p=41186"},"modified":"2026-04-03T09:35:18","modified_gmt":"2026-04-03T09:35:18","slug":"mild-shampoo","status":"publish","type":"product","link":"https:\/\/skinstudio.ee\/lv\/catalog\/atopalm\/mild-shampoo\/","title":{"rendered":"Mild Shampoo"},"content":{"rendered":"<p data-start=\"207\" data-end=\"478\">Atopalm Mild Shampoo ir maigs lamel\u0101rais \u0161amp\u016bns ar sk\u0101bu pH, kas \u012bpa\u0161i izstr\u0101d\u0101ts sausas un jut\u012bgas galvas \u0101das kop\u0161anai. Tas saudz\u012bgi att\u012bra no net\u012brumiem, liek\u0101 sebuma un putek\u013ciem, neizraisot sausumu vai lob\u012b\u0161anos. Piem\u0113rots b\u0113rniem un z\u012bdai\u0146iem. pH l\u012bmenis: 4.5\u20136.5.<\/p>\n<p data-start=\"480\" data-end=\"743\">Dab\u012bgie virsmakt\u012bv\u0101s vielas pal\u012bdz neitraliz\u0113t kr\u0101na \u016bdens kait\u012bgo iedarb\u012bbu un uztur vesel\u012bgu mikrobiomu. \u0160amp\u016bns r\u016bp\u012bgi att\u012bra matus, aizsarg\u0101jot tos no sausuma un l\u016b\u0161anas. Tam ir stiprino\u0161a un atjaunojo\u0161a iedarb\u012bba, tas nomierina kairin\u0101tu \u0101du un mazina niezi.<\/p>\n<p data-start=\"745\" data-end=\"971\">\u012apa\u0161a formula ar Multi Lamellar Emulsion (MLE\u00ae) tehnolo\u0123iju imit\u0113 \u0101das lip\u012bdus, \u013cauj akt\u012bvaj\u0101m sast\u0101vda\u013c\u0101m iek\u013cauties lip\u012bdu sl\u0101n\u012b un to atjaunot k\u0101 \u201cpl\u0101ksteri\u201d, nodro\u0161inot ilgsto\u0161u mitrin\u0101\u0161anu un nov\u0113r\u0161ot galvas \u0101das sausumu.<\/p>\n<p data-start=\"976\" data-end=\"999\"><strong data-start=\"976\" data-end=\"988\">Tilpums:<\/strong> <strong data-start=\"989\" data-end=\"999\">300 ml<\/strong><\/p>\n","protected":false},"excerpt":{"rendered":"<p data-start=\"1159\" data-end=\"1196\">Maigs \u0161amp\u016bns jut\u012bgai galvas \u0101dai<\/p>\n<h2 data-start=\"1198\" data-end=\"1465\"><strong data-start=\"1198\" data-end=\"1231\">Atopalm Mild Shampoo \u012bpa\u0161\u012bbas<\/strong><\/h2>\n<p data-start=\"1198\" data-end=\"1465\">\u2714\ufe0f Maigi att\u012bra, neizraisot sausumu un lob\u012b\u0161anos<br data-start=\"1282\" data-end=\"1285\" \/>\u2714\ufe0f Nomierina galvas \u0101du un mazina niezi<br data-start=\"1324\" data-end=\"1327\" \/>\u2714\ufe0f Atbalsta vesel\u012bgu mikrobiomu l\u012bdzsvaru<br data-start=\"1368\" data-end=\"1371\" \/>\u2714\ufe0f Stiprina matus un nov\u0113r\u0161 to l\u016b\u0161anu<br data-start=\"1408\" data-end=\"1411\" \/>\u2714\ufe0f Satur MLE\u00ae tehnolo\u0123iju lip\u012bdu barjeras atjauno\u0161anai<\/p>\n","protected":false},"featured_media":65543,"template":"","meta":[],"pwb-brand":[701],"product_brand":[],"product_cat":[1191,762],"product_tag":[],"giftcard-category":[],"class_list":{"0":"post-41186","1":"product","2":"type-product","3":"status-publish","4":"has-post-thumbnail","6":"pwb-brand-atopalm","7":"product_cat-berniem","8":"product_cat-matu-kopsana","10":"first","11":"instock","12":"taxable","13":"shipping-taxable","14":"purchasable","15":"product-type-simple"},"acf":[],"brands":[{"id":701,"name":"Atopalm","slug":"atopalm"}],"_links":{"self":[{"href":"https:\/\/skinstudio.ee\/lv\/wp-json\/wp\/v2\/product\/41186","targetHints":{"allow":["GET"]}}],"collection":[{"href":"https:\/\/skinstudio.ee\/lv\/wp-json\/wp\/v2\/product"}],"about":[{"href":"https:\/\/skinstudio.ee\/lv\/wp-json\/wp\/v2\/types\/product"}],"version-history":[{"count":0,"href":"https:\/\/skinstudio.ee\/lv\/wp-json\/wp\/v2\/product\/41186\/revisions"}],"wp:featuredmedia":[{"embeddable":true,"href":"https:\/\/skinstudio.ee\/lv\/wp-json\/wp\/v2\/media\/65543"}],"wp:attachment":[{"href":"https:\/\/skinstudio.ee\/lv\/wp-json\/wp\/v2\/media?parent=41186"}],"wp:term":[{"taxonomy":"pwb-brand","embeddable":true,"href":"https:\/\/skinstudio.ee\/lv\/wp-json\/wp\/v2\/pwb-brand?post=41186"},{"taxonomy":"product_brand","embeddable":true,"href":"https:\/\/skinstudio.ee\/lv\/wp-json\/wp\/v2\/product_brand?post=41186"},{"taxonomy":"product_cat","embeddable":true,"href":"https:\/\/skinstudio.ee\/lv\/wp-json\/wp\/v2\/product_cat?post=41186"},{"taxonomy":"product_tag","embeddable":true,"href":"https:\/\/skinstudio.ee\/lv\/wp-json\/wp\/v2\/product_tag?post=41186"},{"taxonomy":"giftcard-category","embeddable":true,"href":"https:\/\/skinstudio.ee\/lv\/wp-json\/wp\/v2\/giftcard-category?post=41186"}],"curies":[{"name":"wp","href":"https:\/\/api.w.org\/{rel}","templated":true}]}}