{"id":41203,"date":"2025-08-04T13:51:50","date_gmt":"2025-08-04T13:51:50","guid":{"rendered":"https:\/\/skinstudio.ee\/?post_type=product&#038;p=41203"},"modified":"2026-04-03T09:35:18","modified_gmt":"2026-04-03T09:35:18","slug":"mle-cream","status":"publish","type":"product","link":"https:\/\/skinstudio.ee\/lv\/catalog\/atopalm\/mle-cream\/","title":{"rendered":"MLE Cream"},"content":{"rendered":"<p data-start=\"376\" data-end=\"660\">Grezns kr\u0113ms, kas izstr\u0101d\u0101ts sausas un jut\u012bgas \u0101das kop\u0161anai, lai atjaunotu t\u0101s maigumu, gludumu un komfortu. Patent\u0113t\u0101 Multi Lamellar Emulsion (MLE\u00ae) tehnolo\u0123ija satur augu izcelsmes ceram\u012bdus, kas imit\u0113 \u0101das dabiskos lip\u012bdus, pal\u012bdzot atjaunot aizsargbarjeru un notur\u0113t mitrumu \u0101d\u0101.<\/p>\n<p data-start=\"662\" data-end=\"922\">Kl\u012bniski p\u0101rbaud\u012bt\u0101 formula ir \u013coti sader\u012bga ar \u0101du, \u0101tri ies\u016bcas bez lip\u012bguma saj\u016btas un nodro\u0161ina t\u016bl\u012bt\u0113ju nomierino\u0161u efektu. Ide\u0101li piem\u0113rots saus\u0101m viet\u0101m, piem\u0113ram, elko\u0146iem, ce\u013cgaliem un pap\u0113\u017eiem, k\u0101 ar\u012b vis\u0101m viet\u0101m, kur nepiecie\u0161ama intens\u012bva kop\u0161ana.<\/p>\n<p data-start=\"927\" data-end=\"950\"><strong data-start=\"927\" data-end=\"939\">Tilpums:<\/strong> <strong data-start=\"940\" data-end=\"950\">100 ml<\/strong><\/p>\n","protected":false},"excerpt":{"rendered":"<p data-start=\"132\" data-end=\"170\">Mitrino\u0161s kr\u0113ms ar augu ceram\u012bdiem<\/p>\n<h2 data-start=\"175\" data-end=\"205\"><strong data-start=\"175\" data-end=\"205\">\u012apa\u0161\u012bbas Atopalm MLE Cream<\/strong><\/h2>\n<p data-start=\"207\" data-end=\"371\">\u2714\ufe0f Dzi\u013ci mitrina un m\u012bkstina sausu \u0101du<br data-start=\"245\" data-end=\"248\" \/>\u2714\ufe0f Stiprina \u0101das lip\u012bdu barjeru un nov\u0113r\u0161 mitruma zudumu<br data-start=\"304\" data-end=\"307\" \/>\u2714\ufe0f Piem\u0113rots jut\u012bgai \u0101dai<br data-start=\"332\" data-end=\"335\" \/>\u2714\ufe0f Mazina diskomfortu un lob\u012b\u0161anos<\/p>\n","protected":false},"featured_media":41196,"template":"","meta":[],"pwb-brand":[701],"product_brand":[],"product_cat":[1191,745,737,749],"product_tag":[],"giftcard-category":[],"class_list":{"0":"post-41203","1":"product","2":"type-product","3":"status-publish","4":"has-post-thumbnail","6":"pwb-brand-atopalm","7":"product_cat-berniem","8":"product_cat-jutigai-adai","9":"product_cat-mitrinasana","10":"product_cat-novecojosa-ada","12":"first","13":"instock","14":"taxable","15":"shipping-taxable","16":"purchasable","17":"product-type-simple"},"acf":[],"brands":[{"id":701,"name":"Atopalm","slug":"atopalm"}],"_links":{"self":[{"href":"https:\/\/skinstudio.ee\/lv\/wp-json\/wp\/v2\/product\/41203","targetHints":{"allow":["GET"]}}],"collection":[{"href":"https:\/\/skinstudio.ee\/lv\/wp-json\/wp\/v2\/product"}],"about":[{"href":"https:\/\/skinstudio.ee\/lv\/wp-json\/wp\/v2\/types\/product"}],"version-history":[{"count":0,"href":"https:\/\/skinstudio.ee\/lv\/wp-json\/wp\/v2\/product\/41203\/revisions"}],"wp:featuredmedia":[{"embeddable":true,"href":"https:\/\/skinstudio.ee\/lv\/wp-json\/wp\/v2\/media\/41196"}],"wp:attachment":[{"href":"https:\/\/skinstudio.ee\/lv\/wp-json\/wp\/v2\/media?parent=41203"}],"wp:term":[{"taxonomy":"pwb-brand","embeddable":true,"href":"https:\/\/skinstudio.ee\/lv\/wp-json\/wp\/v2\/pwb-brand?post=41203"},{"taxonomy":"product_brand","embeddable":true,"href":"https:\/\/skinstudio.ee\/lv\/wp-json\/wp\/v2\/product_brand?post=41203"},{"taxonomy":"product_cat","embeddable":true,"href":"https:\/\/skinstudio.ee\/lv\/wp-json\/wp\/v2\/product_cat?post=41203"},{"taxonomy":"product_tag","embeddable":true,"href":"https:\/\/skinstudio.ee\/lv\/wp-json\/wp\/v2\/product_tag?post=41203"},{"taxonomy":"giftcard-category","embeddable":true,"href":"https:\/\/skinstudio.ee\/lv\/wp-json\/wp\/v2\/giftcard-category?post=41203"}],"curies":[{"name":"wp","href":"https:\/\/api.w.org\/{rel}","templated":true}]}}