{"id":41221,"date":"2025-08-04T14:09:42","date_gmt":"2025-08-04T14:09:42","guid":{"rendered":"https:\/\/skinstudio.ee\/?post_type=product&#038;p=41221"},"modified":"2026-04-03T09:35:18","modified_gmt":"2026-04-03T09:35:18","slug":"mle-cream-tube","status":"publish","type":"product","link":"https:\/\/skinstudio.ee\/lv\/catalog\/atopalm\/mle-cream-tube\/","title":{"rendered":"MLE Cream Tube"},"content":{"rendered":"<p data-start=\"204\" data-end=\"496\"><strong data-start=\"204\" data-end=\"230\">Atopalm MLE Cream Tube<\/strong> ir univers\u0101ls mitrino\u0161s un atjaunojo\u0161s kr\u0113ms sausai, jut\u012bgai un boj\u0101tai \u0101dai. T\u0101 patent\u0113t\u0101 Multi Lamellar Emulsion (MLE\u00ae) tehnolo\u0123ija un augu izcelsmes keram\u012bdi ir struktur\u0101li l\u012bdz\u012bgi \u0101das lip\u012bdiem, pal\u012bdzot atjaunot dab\u012bgo aizsargbarjeru un nov\u0113rst mitruma zudumu.<\/p>\n<p data-start=\"498\" data-end=\"825\">Kl\u012bniski p\u0101rbaud\u012bta un ar \u0101du sader\u012bga formula acumirkl\u012b nov\u0113r\u0161 savilkuma saj\u016btu, kairin\u0101jumu un diskomfortu, padarot \u0101du maigu, gludu un aizsarg\u0101tu. Viegl\u0101 tekst\u016bra \u0101tri ies\u016bcas un neatst\u0101j lip\u012bgumu, t\u0101p\u0113c piem\u0113rota lieto\u0161anai gan aukst\u0101, gan silt\u0101 sezon\u0101. Ide\u0101li piem\u0113rots elko\u0146iem, ce\u013cgaliem, pap\u0113\u017eiem un cit\u0101m saus\u0101m zon\u0101m.<\/p>\n<p data-start=\"827\" data-end=\"845\"><strong data-start=\"827\" data-end=\"839\">Tilpums:<\/strong> 65 ml<\/p>\n","protected":false},"excerpt":{"rendered":"<p data-start=\"1013\" data-end=\"1047\">Mitrino\u0161s kr\u0113ms ar augu keram\u012bdiem<\/p>\n<h2 data-start=\"1049\" data-end=\"1303\"><strong data-start=\"1049\" data-end=\"1084\">Atopalm MLE Cream Tube \u012bpa\u0161\u012bbas<\/strong><\/h2>\n<p data-start=\"1049\" data-end=\"1303\">\u2714\ufe0f Dzi\u013ci mitrina un m\u012bkstina sausu \u0101du<br data-start=\"1125\" data-end=\"1128\" \/>\u2714\ufe0f Atjauno lip\u012bdu barjeru un saglab\u0101 mitrumu<br data-start=\"1172\" data-end=\"1175\" \/>\u2714\ufe0f Nov\u0113r\u0161 lob\u012b\u0161anos un kairin\u0101jumu<br data-start=\"1209\" data-end=\"1212\" \/>\u2714\ufe0f Piem\u0113rots jut\u012bgai un b\u0113rnu \u0101dai<br data-start=\"1246\" data-end=\"1249\" \/>\u2714\ufe0f Viegl\u0101 tekst\u016bra \u0101tri ies\u016bcas un neatst\u0101j lip\u012bgumu<\/p>\n","protected":false},"featured_media":65581,"template":"","meta":[],"pwb-brand":[701],"product_brand":[],"product_cat":[1191,737,739],"product_tag":[],"giftcard-category":[],"class_list":{"0":"post-41221","1":"product","2":"type-product","3":"status-publish","4":"has-post-thumbnail","6":"pwb-brand-atopalm","7":"product_cat-berniem","8":"product_cat-mitrinasana","9":"product_cat-sausai-adai","11":"first","12":"instock","13":"taxable","14":"shipping-taxable","15":"purchasable","16":"product-type-simple"},"acf":[],"brands":[{"id":701,"name":"Atopalm","slug":"atopalm"}],"_links":{"self":[{"href":"https:\/\/skinstudio.ee\/lv\/wp-json\/wp\/v2\/product\/41221","targetHints":{"allow":["GET"]}}],"collection":[{"href":"https:\/\/skinstudio.ee\/lv\/wp-json\/wp\/v2\/product"}],"about":[{"href":"https:\/\/skinstudio.ee\/lv\/wp-json\/wp\/v2\/types\/product"}],"version-history":[{"count":0,"href":"https:\/\/skinstudio.ee\/lv\/wp-json\/wp\/v2\/product\/41221\/revisions"}],"wp:featuredmedia":[{"embeddable":true,"href":"https:\/\/skinstudio.ee\/lv\/wp-json\/wp\/v2\/media\/65581"}],"wp:attachment":[{"href":"https:\/\/skinstudio.ee\/lv\/wp-json\/wp\/v2\/media?parent=41221"}],"wp:term":[{"taxonomy":"pwb-brand","embeddable":true,"href":"https:\/\/skinstudio.ee\/lv\/wp-json\/wp\/v2\/pwb-brand?post=41221"},{"taxonomy":"product_brand","embeddable":true,"href":"https:\/\/skinstudio.ee\/lv\/wp-json\/wp\/v2\/product_brand?post=41221"},{"taxonomy":"product_cat","embeddable":true,"href":"https:\/\/skinstudio.ee\/lv\/wp-json\/wp\/v2\/product_cat?post=41221"},{"taxonomy":"product_tag","embeddable":true,"href":"https:\/\/skinstudio.ee\/lv\/wp-json\/wp\/v2\/product_tag?post=41221"},{"taxonomy":"giftcard-category","embeddable":true,"href":"https:\/\/skinstudio.ee\/lv\/wp-json\/wp\/v2\/giftcard-category?post=41221"}],"curies":[{"name":"wp","href":"https:\/\/api.w.org\/{rel}","templated":true}]}}