{"id":41237,"date":"2025-08-04T14:23:36","date_gmt":"2025-08-04T14:23:36","guid":{"rendered":"https:\/\/skinstudio.ee\/?post_type=product&#038;p=41237"},"modified":"2026-04-03T09:35:19","modified_gmt":"2026-04-03T09:35:19","slug":"mle-lotion","status":"publish","type":"product","link":"https:\/\/skinstudio.ee\/lv\/catalog\/atopalm\/mle-lotion\/","title":{"rendered":"MLE Lotion"},"content":{"rendered":"<p data-start=\"155\" data-end=\"533\">ATOPALM MLE losjons \u2013 viegli uzs\u016bco\u0161s \u0137erme\u0146a losjons, kas intens\u012bvi mitrina \u0101du un aizsarg\u0101 to no p\u0101rm\u0113r\u012bga mitruma zuduma. Allanto\u012bns un antioksidantiem bag\u0101tais E vitam\u012bns padara \u0101du maigu un gludu. Losjons ir \u012bpa\u0161i piem\u0113rots sausai un jut\u012bgai \u0101dai, ta\u010du to var lietot visu tipu \u0101dai. Atopalm \u0101das kop\u0161anas l\u012bdzek\u013ci nesatur miner\u0101le\u013c\u013cas, m\u0101ksl\u012bg\u0101s smar\u017evielas vai kr\u0101svielas.<\/p>\n<p data-start=\"538\" data-end=\"561\"><strong data-start=\"538\" data-end=\"550\">Tilpums:<\/strong> <strong data-start=\"551\" data-end=\"561\">200 ml<\/strong><\/p>\n","protected":false},"excerpt":{"rendered":"<p data-start=\"196\" data-end=\"221\">Mitrino\u0161s \u0137erme\u0146a losjons<\/p>\n<h2 data-start=\"226\" data-end=\"430\"><strong data-start=\"226\" data-end=\"257\">\u012apa\u0161\u012bbas Atopalm MLE Lotion<\/strong><\/h2>\n<p data-start=\"226\" data-end=\"430\">\u2714\ufe0f Intens\u012bvi mitrina un nov\u0113r\u0161 sausumu<br data-start=\"298\" data-end=\"301\" \/>\u2714\ufe0f Atjauno \u0101das lip\u012bdu barjeru<br data-start=\"331\" data-end=\"334\" \/>\u2714\ufe0f Nov\u0113r\u0161 mitruma zudumu<br data-start=\"358\" data-end=\"361\" \/>\u2714\ufe0f M\u012bkstina un samazina lob\u012b\u0161anos<br data-start=\"394\" data-end=\"397\" \/>\u2714\ufe0f Viegla, \u0101tri uzs\u016bco\u0161a tekst\u016bra<\/p>\n","protected":false},"featured_media":65522,"template":"","meta":[],"pwb-brand":[701],"product_brand":[],"product_cat":[1191,757],"product_tag":[],"giftcard-category":[],"class_list":{"0":"post-41237","1":"product","2":"type-product","3":"status-publish","4":"has-post-thumbnail","6":"pwb-brand-atopalm","7":"product_cat-berniem","8":"product_cat-kermena-kopsana","10":"first","11":"instock","12":"taxable","13":"shipping-taxable","14":"purchasable","15":"product-type-simple"},"acf":[],"brands":[{"id":701,"name":"Atopalm","slug":"atopalm"}],"_links":{"self":[{"href":"https:\/\/skinstudio.ee\/lv\/wp-json\/wp\/v2\/product\/41237","targetHints":{"allow":["GET"]}}],"collection":[{"href":"https:\/\/skinstudio.ee\/lv\/wp-json\/wp\/v2\/product"}],"about":[{"href":"https:\/\/skinstudio.ee\/lv\/wp-json\/wp\/v2\/types\/product"}],"version-history":[{"count":0,"href":"https:\/\/skinstudio.ee\/lv\/wp-json\/wp\/v2\/product\/41237\/revisions"}],"wp:featuredmedia":[{"embeddable":true,"href":"https:\/\/skinstudio.ee\/lv\/wp-json\/wp\/v2\/media\/65522"}],"wp:attachment":[{"href":"https:\/\/skinstudio.ee\/lv\/wp-json\/wp\/v2\/media?parent=41237"}],"wp:term":[{"taxonomy":"pwb-brand","embeddable":true,"href":"https:\/\/skinstudio.ee\/lv\/wp-json\/wp\/v2\/pwb-brand?post=41237"},{"taxonomy":"product_brand","embeddable":true,"href":"https:\/\/skinstudio.ee\/lv\/wp-json\/wp\/v2\/product_brand?post=41237"},{"taxonomy":"product_cat","embeddable":true,"href":"https:\/\/skinstudio.ee\/lv\/wp-json\/wp\/v2\/product_cat?post=41237"},{"taxonomy":"product_tag","embeddable":true,"href":"https:\/\/skinstudio.ee\/lv\/wp-json\/wp\/v2\/product_tag?post=41237"},{"taxonomy":"giftcard-category","embeddable":true,"href":"https:\/\/skinstudio.ee\/lv\/wp-json\/wp\/v2\/giftcard-category?post=41237"}],"curies":[{"name":"wp","href":"https:\/\/api.w.org\/{rel}","templated":true}]}}