{"id":41256,"date":"2025-08-04T14:40:44","date_gmt":"2025-08-04T14:40:44","guid":{"rendered":"https:\/\/skinstudio.ee\/?post_type=product&#038;p=41256"},"modified":"2026-04-03T09:35:19","modified_gmt":"2026-04-03T09:35:19","slug":"panthenol-lotion","status":"publish","type":"product","link":"https:\/\/skinstudio.ee\/lv\/catalog\/atopalm\/panthenol-lotion\/","title":{"rendered":"Panthenol Lotion"},"content":{"rendered":"<p data-start=\"132\" data-end=\"585\">Vieglas g\u0113la losjons ar augstu pantenola koncentr\u0101ciju (10%) nomierina un aizsarg\u0101 sausu, jut\u012bgu \u0101du. Nodro\u0161ina ilgsto\u0161u mitrin\u0101\u0161anu un mazina \u012bslaic\u012bgu niezi, ko izraisa \u0101das sausums, padarot to ide\u0101li piem\u0113rotu lieto\u0161anai ziem\u0101 un p\u0101rejas periodos. Formula ir bag\u0101tin\u0101ta ar piec\u0101m aminosk\u0101b\u0113m un barojo\u0161\u0101m v\u012bnogu kauli\u0146u, jojobas un nakts sveces e\u013c\u013c\u0101m. \u0160\u012bs sast\u0101vda\u013cas pal\u012bdz atjaunot un uztur\u0113t vesel\u012bgu \u0101du, dzi\u013ci mitrinot un nomierinot kairin\u0101jumu.<\/p>\n<p data-start=\"587\" data-end=\"726\">Atsvaidzino\u0161\u0101, nelip\u012bg\u0101 tekst\u016bra \u0101tri uzs\u016bcas un ir ide\u0101li piem\u0113rota ikdienas \u0137erme\u0146a kop\u0161anai, nodro\u0161inot mitrin\u0101\u0161anu l\u012bdz pat 72 stund\u0101m.<\/p>\n<p data-start=\"731\" data-end=\"750\"><strong data-start=\"731\" data-end=\"743\">Tilpums:<\/strong> 180 ml<\/p>\n","protected":false},"excerpt":{"rendered":"<p data-start=\"845\" data-end=\"877\">Nomierino\u0161s losjons ar pantenolu<\/p>\n<h2 data-start=\"882\" data-end=\"1143\"><strong data-start=\"882\" data-end=\"919\">Atopalm Panthenol Lotion \u012bpa\u0161\u012bbas<\/strong><\/h2>\n<p data-start=\"882\" data-end=\"1143\">\u2714\ufe0f Nomierina un aizsarg\u0101 sausu, jut\u012bgu \u0101du<br data-start=\"964\" data-end=\"967\" \/>\u2714\ufe0f Nodro\u0161ina 72 stundu mitrin\u0101\u0161anu<br data-start=\"1001\" data-end=\"1004\" \/>\u2714\ufe0f Mazina niezi un kairin\u0101jumu<br data-start=\"1034\" data-end=\"1037\" \/>\u2714\ufe0f Atbalsta \u0101das vesel\u012bbu ar aminosk\u0101b\u0113m un e\u013c\u013c\u0101m<br data-start=\"1086\" data-end=\"1089\" \/>\u2714\ufe0f Ide\u0101li piem\u0113rots ziemas un p\u0101rejas sezonas kop\u0161anai<\/p>\n","protected":false},"featured_media":65570,"template":"","meta":[],"pwb-brand":[701],"product_brand":[],"product_cat":[1191,757],"product_tag":[],"giftcard-category":[],"class_list":{"0":"post-41256","1":"product","2":"type-product","3":"status-publish","4":"has-post-thumbnail","6":"pwb-brand-atopalm","7":"product_cat-berniem","8":"product_cat-kermena-kopsana","10":"first","11":"instock","12":"taxable","13":"shipping-taxable","14":"purchasable","15":"product-type-simple"},"acf":[],"brands":[{"id":701,"name":"Atopalm","slug":"atopalm"}],"_links":{"self":[{"href":"https:\/\/skinstudio.ee\/lv\/wp-json\/wp\/v2\/product\/41256","targetHints":{"allow":["GET"]}}],"collection":[{"href":"https:\/\/skinstudio.ee\/lv\/wp-json\/wp\/v2\/product"}],"about":[{"href":"https:\/\/skinstudio.ee\/lv\/wp-json\/wp\/v2\/types\/product"}],"version-history":[{"count":0,"href":"https:\/\/skinstudio.ee\/lv\/wp-json\/wp\/v2\/product\/41256\/revisions"}],"wp:featuredmedia":[{"embeddable":true,"href":"https:\/\/skinstudio.ee\/lv\/wp-json\/wp\/v2\/media\/65570"}],"wp:attachment":[{"href":"https:\/\/skinstudio.ee\/lv\/wp-json\/wp\/v2\/media?parent=41256"}],"wp:term":[{"taxonomy":"pwb-brand","embeddable":true,"href":"https:\/\/skinstudio.ee\/lv\/wp-json\/wp\/v2\/pwb-brand?post=41256"},{"taxonomy":"product_brand","embeddable":true,"href":"https:\/\/skinstudio.ee\/lv\/wp-json\/wp\/v2\/product_brand?post=41256"},{"taxonomy":"product_cat","embeddable":true,"href":"https:\/\/skinstudio.ee\/lv\/wp-json\/wp\/v2\/product_cat?post=41256"},{"taxonomy":"product_tag","embeddable":true,"href":"https:\/\/skinstudio.ee\/lv\/wp-json\/wp\/v2\/product_tag?post=41256"},{"taxonomy":"giftcard-category","embeddable":true,"href":"https:\/\/skinstudio.ee\/lv\/wp-json\/wp\/v2\/giftcard-category?post=41256"}],"curies":[{"name":"wp","href":"https:\/\/api.w.org\/{rel}","templated":true}]}}