{"id":41273,"date":"2025-08-04T14:50:20","date_gmt":"2025-08-04T14:50:20","guid":{"rendered":"https:\/\/skinstudio.ee\/?post_type=product&#038;p=41273"},"modified":"2026-04-03T09:35:19","modified_gmt":"2026-04-03T09:35:19","slug":"panthenol-cream","status":"publish","type":"product","link":"https:\/\/skinstudio.ee\/lv\/catalog\/atopalm\/panthenol-cream\/","title":{"rendered":"Panthenol Cream"},"content":{"rendered":"<p data-start=\"115\" data-end=\"526\">Sejas kr\u0113ms, kas maigi kopj jut\u012bgu un delik\u0101tu \u0101du, pal\u012bdz c\u012bn\u012bties ar sausumu, lob\u012b\u0161anos, kairin\u0101jumu un dzied\u0113 mikroskopisk\u0101s plaisas, kas var rasties p\u0101rm\u0113r\u012bga sausuma rezult\u0101t\u0101. Formula satur 10% pantenola, kas paz\u012bstams ar\u012b k\u0101 B5 vitam\u012bns. MLE (daudzsl\u0101\u0146u emulsija) lieliski mitrina un nomierina jut\u012bgu un sausu \u0101du. Aizsarg\u0101 \u0101du no nelabv\u0113l\u012bgiem vides apst\u0101k\u013ciem, ar\u012b p\u0113k\u0161\u0146u temperat\u016bras izmai\u0146u gad\u012bjum\u0101.<\/p>\n<p data-start=\"528\" data-end=\"546\"><strong data-start=\"528\" data-end=\"540\">Tilpums:<\/strong> 80 ml<\/p>\n","protected":false},"excerpt":{"rendered":"<p data-start=\"684\" data-end=\"714\">Nomierino\u0161s kr\u0113ms ar pantenolu<\/p>\n<h2 data-start=\"716\" data-end=\"978\"><strong data-start=\"716\" data-end=\"752\">Atopalm Panthenol Cream \u012bpa\u0161\u012bbas<\/strong><\/h2>\n<p data-start=\"716\" data-end=\"978\">\u2714\ufe0f Nomierina un atjauno boj\u0101tu \u0101du<br data-start=\"789\" data-end=\"792\" \/>\u2714\ufe0f Mazina aps\u0101rtumu un kairin\u0101jumu<br data-start=\"826\" data-end=\"829\" \/>\u2714\ufe0f Stiprina \u0101das aizsargbarjeru<br data-start=\"860\" data-end=\"863\" \/>\u2714\ufe0f Ide\u0101li piem\u0113rots p\u0113c kosm\u0113tisk\u0101m proced\u016br\u0101m un sausuma gad\u012bjum\u0101<br data-start=\"929\" data-end=\"932\" \/>\u2714\ufe0f Nodro\u0161ina intens\u012bvu mitrin\u0101\u0161anu un komfortu<\/p>\n","protected":false},"featured_media":65575,"template":"","meta":[],"pwb-brand":[701],"product_brand":[],"product_cat":[1191,745,737,749,739],"product_tag":[],"giftcard-category":[],"class_list":{"0":"post-41273","1":"product","2":"type-product","3":"status-publish","4":"has-post-thumbnail","6":"pwb-brand-atopalm","7":"product_cat-berniem","8":"product_cat-jutigai-adai","9":"product_cat-mitrinasana","10":"product_cat-novecojosa-ada","11":"product_cat-sausai-adai","13":"first","14":"instock","15":"taxable","16":"shipping-taxable","17":"purchasable","18":"product-type-simple"},"acf":[],"brands":[{"id":701,"name":"Atopalm","slug":"atopalm"}],"_links":{"self":[{"href":"https:\/\/skinstudio.ee\/lv\/wp-json\/wp\/v2\/product\/41273","targetHints":{"allow":["GET"]}}],"collection":[{"href":"https:\/\/skinstudio.ee\/lv\/wp-json\/wp\/v2\/product"}],"about":[{"href":"https:\/\/skinstudio.ee\/lv\/wp-json\/wp\/v2\/types\/product"}],"version-history":[{"count":0,"href":"https:\/\/skinstudio.ee\/lv\/wp-json\/wp\/v2\/product\/41273\/revisions"}],"wp:featuredmedia":[{"embeddable":true,"href":"https:\/\/skinstudio.ee\/lv\/wp-json\/wp\/v2\/media\/65575"}],"wp:attachment":[{"href":"https:\/\/skinstudio.ee\/lv\/wp-json\/wp\/v2\/media?parent=41273"}],"wp:term":[{"taxonomy":"pwb-brand","embeddable":true,"href":"https:\/\/skinstudio.ee\/lv\/wp-json\/wp\/v2\/pwb-brand?post=41273"},{"taxonomy":"product_brand","embeddable":true,"href":"https:\/\/skinstudio.ee\/lv\/wp-json\/wp\/v2\/product_brand?post=41273"},{"taxonomy":"product_cat","embeddable":true,"href":"https:\/\/skinstudio.ee\/lv\/wp-json\/wp\/v2\/product_cat?post=41273"},{"taxonomy":"product_tag","embeddable":true,"href":"https:\/\/skinstudio.ee\/lv\/wp-json\/wp\/v2\/product_tag?post=41273"},{"taxonomy":"giftcard-category","embeddable":true,"href":"https:\/\/skinstudio.ee\/lv\/wp-json\/wp\/v2\/giftcard-category?post=41273"}],"curies":[{"name":"wp","href":"https:\/\/api.w.org\/{rel}","templated":true}]}}