{"id":41291,"date":"2025-08-04T14:59:06","date_gmt":"2025-08-04T14:59:06","guid":{"rendered":"https:\/\/skinstudio.ee\/?post_type=product&#038;p=41291"},"modified":"2026-04-03T09:35:19","modified_gmt":"2026-04-03T09:35:19","slug":"panthenol-cream-wash","status":"publish","type":"product","link":"https:\/\/skinstudio.ee\/lv\/catalog\/atopalm\/panthenol-cream-wash\/","title":{"rendered":"Panthenol Cream Wash"},"content":{"rendered":"<p data-start=\"141\" data-end=\"702\">Dro\u0161s un maigs att\u012bro\u0161s l\u012bdzeklis stiprina, mitrina un aizsarg\u0101 jut\u012bgu un sausu \u0101du. Augsta pantenola koncentr\u0101cija \u0101tri un dzi\u013ci ies\u016bcas \u0101d\u0101, pal\u012bdzot to mitrin\u0101t un aizsarg\u0101t. Patent\u0113t\u0101 MLE tehnolo\u0123ija ar keram\u012bdiem atjauno vesel\u012bgu \u0101das aizsargbarjeru. \u0100da k\u013c\u016bst iztur\u012bg\u0101ka pret kait\u012bgiem apk\u0101rt\u0113j\u0101s vides kairin\u0101t\u0101jiem un lab\u0101k saglab\u0101 mitrumu. Samazina niezi, ko izraisa sausums un aps\u0101rtums, un pal\u012bdz mazin\u0101t diskomfortu, ko izraisa kait\u012bgi \u0101r\u0113jie stresa faktori. Neatst\u0101j nepat\u012bkamu velko\u0161u vai sausuma saj\u016btu \u2014 \u0101da ilgsto\u0161i paliek mier\u012bga un mitrin\u0101ta.<\/p>\n<p data-start=\"704\" data-end=\"723\"><strong data-start=\"704\" data-end=\"716\">Tilpums:<\/strong> 300 ml<\/p>\n","protected":false},"excerpt":{"rendered":"<p data-start=\"811\" data-end=\"864\">Nomierino\u0161s kr\u0113mveida att\u012bro\u0161s l\u012bdzeklis ar pantenolu<\/p>\n<h2 data-start=\"866\" data-end=\"1107\"><strong data-start=\"866\" data-end=\"907\">Atopalm Panthenol Cream Wash \u012bpa\u0161\u012bbas<\/strong><\/h2>\n<p data-start=\"866\" data-end=\"1107\">\u2714\ufe0f Maigi att\u012bra, neboj\u0101jot \u0101das aizsargbarjeru<br data-start=\"956\" data-end=\"959\" \/>\u2714\ufe0f Nomierina jut\u012bgu un kairin\u0101tu \u0101du<br data-start=\"995\" data-end=\"998\" \/>\u2714\ufe0f Satur 5% pantenola un MLE kompleksu<br data-start=\"1036\" data-end=\"1039\" \/>\u2714\ufe0f Mitrina un nov\u0113r\u0161 velko\u0161u saj\u016btu<br data-start=\"1074\" data-end=\"1077\" \/>\u2714\ufe0f Piem\u0113rots sejai un \u0137ermenim<\/p>\n","protected":false},"featured_media":41281,"template":"","meta":[],"pwb-brand":[701],"product_brand":[],"product_cat":[715,1191,745,739],"product_tag":[],"giftcard-category":[],"class_list":{"0":"post-41291","1":"product","2":"type-product","3":"status-publish","4":"has-post-thumbnail","6":"pwb-brand-atopalm","7":"product_cat-attirisana","8":"product_cat-berniem","9":"product_cat-jutigai-adai","10":"product_cat-sausai-adai","12":"first","13":"instock","14":"taxable","15":"shipping-taxable","16":"purchasable","17":"product-type-simple"},"acf":[],"brands":[{"id":701,"name":"Atopalm","slug":"atopalm"}],"_links":{"self":[{"href":"https:\/\/skinstudio.ee\/lv\/wp-json\/wp\/v2\/product\/41291","targetHints":{"allow":["GET"]}}],"collection":[{"href":"https:\/\/skinstudio.ee\/lv\/wp-json\/wp\/v2\/product"}],"about":[{"href":"https:\/\/skinstudio.ee\/lv\/wp-json\/wp\/v2\/types\/product"}],"version-history":[{"count":0,"href":"https:\/\/skinstudio.ee\/lv\/wp-json\/wp\/v2\/product\/41291\/revisions"}],"wp:featuredmedia":[{"embeddable":true,"href":"https:\/\/skinstudio.ee\/lv\/wp-json\/wp\/v2\/media\/41281"}],"wp:attachment":[{"href":"https:\/\/skinstudio.ee\/lv\/wp-json\/wp\/v2\/media?parent=41291"}],"wp:term":[{"taxonomy":"pwb-brand","embeddable":true,"href":"https:\/\/skinstudio.ee\/lv\/wp-json\/wp\/v2\/pwb-brand?post=41291"},{"taxonomy":"product_brand","embeddable":true,"href":"https:\/\/skinstudio.ee\/lv\/wp-json\/wp\/v2\/product_brand?post=41291"},{"taxonomy":"product_cat","embeddable":true,"href":"https:\/\/skinstudio.ee\/lv\/wp-json\/wp\/v2\/product_cat?post=41291"},{"taxonomy":"product_tag","embeddable":true,"href":"https:\/\/skinstudio.ee\/lv\/wp-json\/wp\/v2\/product_tag?post=41291"},{"taxonomy":"giftcard-category","embeddable":true,"href":"https:\/\/skinstudio.ee\/lv\/wp-json\/wp\/v2\/giftcard-category?post=41291"}],"curies":[{"name":"wp","href":"https:\/\/api.w.org\/{rel}","templated":true}]}}