{"id":41326,"date":"2025-08-04T15:24:48","date_gmt":"2025-08-04T15:24:48","guid":{"rendered":"https:\/\/skinstudio.ee\/?post_type=product&#038;p=41326"},"modified":"2026-04-03T09:35:19","modified_gmt":"2026-04-03T09:35:19","slug":"foaming-hand-wash-kids","status":"publish","type":"product","link":"https:\/\/skinstudio.ee\/lv\/catalog\/atopalm\/foaming-hand-wash-kids\/","title":{"rendered":"Foaming Hand Wash Kids"},"content":{"rendered":"<p data-start=\"150\" data-end=\"528\">\u0160is ir dabisks mitrino\u0161s faktors, kas ieg\u016bts no cukura komponent\u0113m un veido aizsargk\u0101rtu uz \u0101das barjeras virsmas.<br data-start=\"264\" data-end=\"267\" \/>Tas nov\u0113r\u0161 mitruma zudumu no \u0101das virsmas, pal\u012bdz notur\u0113t \u016bdeni \u0101d\u0101 un vienm\u0113r\u012bgi sadala mitrumu, lai saglab\u0101tu optim\u0101lu mitruma l\u012bdzsvaru.<br data-start=\"406\" data-end=\"409\" \/>Augstas koncentr\u0101cijas akt\u012bv\u0101s sast\u0101vda\u013cas, kas ieg\u016btas ar oleo-ekstrakcijas tehnolo\u0123iju, \u012bpa\u0161i piem\u0113rotas sausai \u0101dai.<\/p>\n<p data-start=\"530\" data-end=\"549\"><strong data-start=\"530\" data-end=\"542\">Tilpums:<\/strong> 300 ml<\/p>\n","protected":false},"excerpt":{"rendered":"<p data-start=\"643\" data-end=\"674\">Maigas putojo\u0161\u0101s ziepes b\u0113rniem<\/p>\n<h2 data-start=\"676\" data-end=\"902\"><strong data-start=\"676\" data-end=\"719\">Atopalm Foaming Hand Wash Kids \u012bpa\u0161\u012bbas<\/strong><\/h2>\n<p data-start=\"676\" data-end=\"902\">\u2714\ufe0f Maigi att\u012bra, neboj\u0101jot \u0101du<br data-start=\"752\" data-end=\"755\" \/>\u2714\ufe0f Saglab\u0101 dabisko mitruma l\u012bmeni<br data-start=\"788\" data-end=\"791\" \/>\u2714\ufe0f Veido aizsargbarjeru uz \u0101das<br data-start=\"822\" data-end=\"825\" \/>\u2714\ufe0f Satur dab\u012bgas mitrino\u0161as sast\u0101vda\u013cas<br data-start=\"864\" data-end=\"867\" \/>\u2714\ufe0f Piem\u0113rots sausai un jut\u012bgai \u0101dai<\/p>\n","protected":false},"featured_media":41318,"template":"","meta":[],"pwb-brand":[701],"product_brand":[],"product_cat":[1191,757],"product_tag":[],"giftcard-category":[],"class_list":{"0":"post-41326","1":"product","2":"type-product","3":"status-publish","4":"has-post-thumbnail","6":"pwb-brand-atopalm","7":"product_cat-berniem","8":"product_cat-kermena-kopsana","10":"first","11":"instock","12":"taxable","13":"shipping-taxable","14":"purchasable","15":"product-type-simple"},"acf":[],"brands":[{"id":701,"name":"Atopalm","slug":"atopalm"}],"_links":{"self":[{"href":"https:\/\/skinstudio.ee\/lv\/wp-json\/wp\/v2\/product\/41326","targetHints":{"allow":["GET"]}}],"collection":[{"href":"https:\/\/skinstudio.ee\/lv\/wp-json\/wp\/v2\/product"}],"about":[{"href":"https:\/\/skinstudio.ee\/lv\/wp-json\/wp\/v2\/types\/product"}],"version-history":[{"count":0,"href":"https:\/\/skinstudio.ee\/lv\/wp-json\/wp\/v2\/product\/41326\/revisions"}],"wp:featuredmedia":[{"embeddable":true,"href":"https:\/\/skinstudio.ee\/lv\/wp-json\/wp\/v2\/media\/41318"}],"wp:attachment":[{"href":"https:\/\/skinstudio.ee\/lv\/wp-json\/wp\/v2\/media?parent=41326"}],"wp:term":[{"taxonomy":"pwb-brand","embeddable":true,"href":"https:\/\/skinstudio.ee\/lv\/wp-json\/wp\/v2\/pwb-brand?post=41326"},{"taxonomy":"product_brand","embeddable":true,"href":"https:\/\/skinstudio.ee\/lv\/wp-json\/wp\/v2\/product_brand?post=41326"},{"taxonomy":"product_cat","embeddable":true,"href":"https:\/\/skinstudio.ee\/lv\/wp-json\/wp\/v2\/product_cat?post=41326"},{"taxonomy":"product_tag","embeddable":true,"href":"https:\/\/skinstudio.ee\/lv\/wp-json\/wp\/v2\/product_tag?post=41326"},{"taxonomy":"giftcard-category","embeddable":true,"href":"https:\/\/skinstudio.ee\/lv\/wp-json\/wp\/v2\/giftcard-category?post=41326"}],"curies":[{"name":"wp","href":"https:\/\/api.w.org\/{rel}","templated":true}]}}