{"id":41343,"date":"2025-08-04T15:33:55","date_gmt":"2025-08-04T15:33:55","guid":{"rendered":"https:\/\/skinstudio.ee\/?post_type=product&#038;p=41343"},"modified":"2026-04-03T09:35:19","modified_gmt":"2026-04-03T09:35:19","slug":"soft-foaming-body-wash-kids","status":"publish","type":"product","link":"https:\/\/skinstudio.ee\/lv\/catalog\/atopalm\/soft-foaming-body-wash-kids\/","title":{"rendered":"Soft Foaming Body Wash Kids"},"content":{"rendered":"<p data-start=\"154\" data-end=\"505\">Atopalm maig\u0101s putojo\u0161\u0101s du\u0161as putas satur dro\u0161u un b\u0113rniem \u012bpa\u0161i izstr\u0101d\u0101tu formulu. T\u0101s sast\u0101v\u0101 ir tikai p\u0101rbaud\u012btas un maigai \u0101dai draudz\u012bgas sast\u0101vda\u013cas, kas nekairina \u0101du.<br data-start=\"330\" data-end=\"333\" \/>Lai padar\u012btu mazg\u0101\u0161anos pat\u012bkam\u0101ku un \u0113rt\u0101ku, Atopalm izv\u0113l\u0113j\u0101s maigas, m\u0101konim l\u012bdz\u012bgas putas, kas ir pat\u012bkamas uz \u0101das un pal\u012bdz b\u0113rniem efekt\u012bvi un saudz\u012bgi nomazg\u0101ties.<\/p>\n<p data-start=\"507\" data-end=\"526\"><strong data-start=\"507\" data-end=\"519\">Tilpums:<\/strong> 460 ml<\/p>\n","protected":false},"excerpt":{"rendered":"<p data-start=\"611\" data-end=\"647\">Maigas putojo\u0161\u0101s du\u0161as putas b\u0113rniem<\/p>\n<h2 data-start=\"649\" data-end=\"874\"><strong data-start=\"649\" data-end=\"697\">Atopalm Soft Foaming Body Wash Kids \u012bpa\u0161\u012bbas<\/strong><\/h2>\n<p data-start=\"649\" data-end=\"874\">\u2714\ufe0f Maigi un efekt\u012bvi att\u012bra \u0101du<br data-start=\"731\" data-end=\"734\" \/>\u2714\ufe0f Veido bag\u0101t\u012bgas un maigas putas<br data-start=\"768\" data-end=\"771\" \/>\u2714\ufe0f Nekairina un nesausina \u0101du<br data-start=\"800\" data-end=\"803\" \/>\u2714\ufe0f Saglab\u0101 dabisko mitruma l\u012bdzsvaru<br data-start=\"839\" data-end=\"842\" \/>\u2714\ufe0f Piem\u0113rots ikdienas lieto\u0161anai<\/p>\n","protected":false},"featured_media":65560,"template":"","meta":[],"pwb-brand":[701],"product_brand":[],"product_cat":[1191,757],"product_tag":[],"giftcard-category":[],"class_list":{"0":"post-41343","1":"product","2":"type-product","3":"status-publish","4":"has-post-thumbnail","6":"pwb-brand-atopalm","7":"product_cat-berniem","8":"product_cat-kermena-kopsana","10":"first","11":"instock","12":"taxable","13":"shipping-taxable","14":"purchasable","15":"product-type-simple"},"acf":[],"brands":[{"id":701,"name":"Atopalm","slug":"atopalm"}],"_links":{"self":[{"href":"https:\/\/skinstudio.ee\/lv\/wp-json\/wp\/v2\/product\/41343","targetHints":{"allow":["GET"]}}],"collection":[{"href":"https:\/\/skinstudio.ee\/lv\/wp-json\/wp\/v2\/product"}],"about":[{"href":"https:\/\/skinstudio.ee\/lv\/wp-json\/wp\/v2\/types\/product"}],"version-history":[{"count":0,"href":"https:\/\/skinstudio.ee\/lv\/wp-json\/wp\/v2\/product\/41343\/revisions"}],"wp:featuredmedia":[{"embeddable":true,"href":"https:\/\/skinstudio.ee\/lv\/wp-json\/wp\/v2\/media\/65560"}],"wp:attachment":[{"href":"https:\/\/skinstudio.ee\/lv\/wp-json\/wp\/v2\/media?parent=41343"}],"wp:term":[{"taxonomy":"pwb-brand","embeddable":true,"href":"https:\/\/skinstudio.ee\/lv\/wp-json\/wp\/v2\/pwb-brand?post=41343"},{"taxonomy":"product_brand","embeddable":true,"href":"https:\/\/skinstudio.ee\/lv\/wp-json\/wp\/v2\/product_brand?post=41343"},{"taxonomy":"product_cat","embeddable":true,"href":"https:\/\/skinstudio.ee\/lv\/wp-json\/wp\/v2\/product_cat?post=41343"},{"taxonomy":"product_tag","embeddable":true,"href":"https:\/\/skinstudio.ee\/lv\/wp-json\/wp\/v2\/product_tag?post=41343"},{"taxonomy":"giftcard-category","embeddable":true,"href":"https:\/\/skinstudio.ee\/lv\/wp-json\/wp\/v2\/giftcard-category?post=41343"}],"curies":[{"name":"wp","href":"https:\/\/api.w.org\/{rel}","templated":true}]}}