{"id":41359,"date":"2025-08-04T15:42:10","date_gmt":"2025-08-04T15:42:10","guid":{"rendered":"https:\/\/skinstudio.ee\/?post_type=product&#038;p=41359"},"modified":"2026-04-03T09:35:19","modified_gmt":"2026-04-03T09:35:19","slug":"fresh-facial-cleanser","status":"publish","type":"product","link":"https:\/\/skinstudio.ee\/lv\/catalog\/atopalm\/fresh-facial-cleanser\/","title":{"rendered":"Fresh Facial Cleanser"},"content":{"rendered":"<p data-start=\"143\" data-end=\"487\">Putek\u013ci, v\u0113j\u0161 un akt\u012bvas rota\u013cas var rad\u012bt net\u012brumu uzkr\u0101\u0161anos uz b\u0113rnu jut\u012bg\u0101s \u0101das, kas ir iev\u0113rojami maig\u0101ka nek\u0101 pieaugu\u0161ajiem. T\u0101p\u0113c Korejas z\u012bmols Atopalm izstr\u0101d\u0101ja Kids Fresh sejas att\u012bro\u0161o putu l\u012bdzekli, lai jau no agras b\u0113rn\u012bbas iem\u0101c\u012btu b\u0113rniem r\u016bp\u0113ties par sevi. Interesantais multfilmu dizains padara produktu b\u0113rniem pievilc\u012bg\u0101ku.<\/p>\n<p data-start=\"489\" data-end=\"730\">L\u012bdzeklim ir sabalans\u0113ts pH l\u012bmenis (4\u20136), kas ir tuvs b\u0113rnu \u0101das dabiskajam l\u012bmenim. Tas pal\u012bdz saglab\u0101t komforta saj\u016btu p\u0113c mazg\u0101\u0161an\u0101s un stiprina \u0101das dabisko aizsargbarjeru. Nesatur kait\u012bgas sast\u0101vda\u013cas un ir p\u0101rbaud\u012bts k\u0101 hipoaler\u0123isks.<\/p>\n<p data-start=\"732\" data-end=\"751\"><strong data-start=\"732\" data-end=\"744\">Tilpums:<\/strong> 150 ml<\/p>\n","protected":false},"excerpt":{"rendered":"<p data-start=\"845\" data-end=\"878\">Sejas t\u012br\u012b\u0161anas l\u012bdzeklis b\u0113rniem<\/p>\n<h2 data-start=\"880\" data-end=\"1118\"><strong data-start=\"880\" data-end=\"922\">Atopalm Fresh Facial Cleanser \u012bpa\u0161\u012bbas<\/strong><\/h2>\n<p data-start=\"880\" data-end=\"1118\">\u2714\ufe0f Maigi att\u012bra b\u0113rna \u0101du no net\u012brumiem<br data-start=\"964\" data-end=\"967\" \/>\u2714\ufe0f Atsvaidzina, neradot sausumu un kairin\u0101jumu<br data-start=\"1013\" data-end=\"1016\" \/>\u2714\ufe0f Uztur dabisko mitruma l\u012bdzsvaru<br data-start=\"1050\" data-end=\"1053\" \/>\u2714\ufe0f Piem\u0113rots jut\u012bgai b\u0113rnu \u0101dai<br data-start=\"1084\" data-end=\"1087\" \/>\u2714\ufe0f Nekait\u0113 \u0101das aizsargbarjerai<\/p>\n","protected":false},"featured_media":65554,"template":"","meta":[],"pwb-brand":[701],"product_brand":[],"product_cat":[715,1191,745],"product_tag":[],"giftcard-category":[],"class_list":{"0":"post-41359","1":"product","2":"type-product","3":"status-publish","4":"has-post-thumbnail","6":"pwb-brand-atopalm","7":"product_cat-attirisana","8":"product_cat-berniem","9":"product_cat-jutigai-adai","11":"first","12":"instock","13":"taxable","14":"shipping-taxable","15":"purchasable","16":"product-type-simple"},"acf":[],"brands":[{"id":701,"name":"Atopalm","slug":"atopalm"}],"_links":{"self":[{"href":"https:\/\/skinstudio.ee\/lv\/wp-json\/wp\/v2\/product\/41359","targetHints":{"allow":["GET"]}}],"collection":[{"href":"https:\/\/skinstudio.ee\/lv\/wp-json\/wp\/v2\/product"}],"about":[{"href":"https:\/\/skinstudio.ee\/lv\/wp-json\/wp\/v2\/types\/product"}],"version-history":[{"count":0,"href":"https:\/\/skinstudio.ee\/lv\/wp-json\/wp\/v2\/product\/41359\/revisions"}],"wp:featuredmedia":[{"embeddable":true,"href":"https:\/\/skinstudio.ee\/lv\/wp-json\/wp\/v2\/media\/65554"}],"wp:attachment":[{"href":"https:\/\/skinstudio.ee\/lv\/wp-json\/wp\/v2\/media?parent=41359"}],"wp:term":[{"taxonomy":"pwb-brand","embeddable":true,"href":"https:\/\/skinstudio.ee\/lv\/wp-json\/wp\/v2\/pwb-brand?post=41359"},{"taxonomy":"product_brand","embeddable":true,"href":"https:\/\/skinstudio.ee\/lv\/wp-json\/wp\/v2\/product_brand?post=41359"},{"taxonomy":"product_cat","embeddable":true,"href":"https:\/\/skinstudio.ee\/lv\/wp-json\/wp\/v2\/product_cat?post=41359"},{"taxonomy":"product_tag","embeddable":true,"href":"https:\/\/skinstudio.ee\/lv\/wp-json\/wp\/v2\/product_tag?post=41359"},{"taxonomy":"giftcard-category","embeddable":true,"href":"https:\/\/skinstudio.ee\/lv\/wp-json\/wp\/v2\/giftcard-category?post=41359"}],"curies":[{"name":"wp","href":"https:\/\/api.w.org\/{rel}","templated":true}]}}