{"id":41397,"date":"2025-08-05T16:50:55","date_gmt":"2025-08-05T16:50:55","guid":{"rendered":"https:\/\/skinstudio.ee\/?post_type=product&#038;p=41397"},"modified":"2026-04-03T09:35:19","modified_gmt":"2026-04-03T09:35:19","slug":"honey-face-lotion-kids","status":"publish","type":"product","link":"https:\/\/skinstudio.ee\/lv\/catalog\/atopalm\/honey-face-lotion-kids\/","title":{"rendered":"Honey Face Lotion Kids"},"content":{"rendered":"<p data-start=\"154\" data-end=\"786\">Mitrino\u0161s sejas losjons ar nomierino\u0161u iedarb\u012bbu, kas pal\u012bdz atjaunot noguru\u0161u \u0101du. Bag\u0101t\u012bg\u0101s uzturvielas no manuka medus, kas ieg\u016bts no Jaunz\u0113landes t\u012brajiem me\u017eiem, dzi\u013ci mitrina sausu \u0101du un pal\u012bdz ilgsto\u0161i saglab\u0101t mitrumu.<br data-start=\"381\" data-end=\"384\" \/>Worry Free formula vienlaikus nomierina, aizsarg\u0101 un mitrina \u0101du, stiprinot t\u0101s dabisko aizsargbarjeru. Losjons maigi aptver \u0101du, \u0101tri ies\u016bcas un neatst\u0101j lip\u012bgumu, sniedzot svaiguma un komforta saj\u016btu.<br data-start=\"586\" data-end=\"589\" \/>MLE formula un saudz\u012bgas sast\u0101vda\u013cas r\u016bp\u0113jas ne tikai par mazu\u013cu un b\u0113rnu \u0101du, bet ar\u012b ir piem\u0113rotas pusaud\u017eiem un pieaugu\u0161ajiem. Izbaudi manuka medus mitrino\u0161o, barojo\u0161o un aizsarg\u0101jo\u0161o iedarb\u012bbu.<\/p>\n<p data-start=\"788\" data-end=\"807\"><strong data-start=\"788\" data-end=\"800\">Tilpums:<\/strong> 150 ml<\/p>\n","protected":false},"excerpt":{"rendered":"<p data-start=\"931\" data-end=\"962\">Mitrino\u0161s sejas losjons b\u0113rniem<\/p>\n<h2 data-start=\"964\" data-end=\"1203\"><strong data-start=\"964\" data-end=\"1007\">Atopalm Honey Face Lotion Kids \u012bpa\u0161\u012bbas<\/strong><\/h2>\n<p data-start=\"964\" data-end=\"1203\">\u2714\ufe0f Dzi\u013ci mitrina un m\u012bkstina \u0101du<br data-start=\"1042\" data-end=\"1045\" \/>\u2714\ufe0f Baro un aizsarg\u0101, pateicoties manuka medum<br data-start=\"1090\" data-end=\"1093\" \/>\u2714\ufe0f Stiprina \u0101das dabisko aizsargbarjeru<br data-start=\"1132\" data-end=\"1135\" \/>\u2714\ufe0f Viegl\u0101 tekst\u016bra, kas \u0101tri ies\u016bcas<br data-start=\"1171\" data-end=\"1174\" \/>\u2714\ufe0f Nekairina un nesausina \u0101du<\/p>\n","protected":false},"featured_media":41390,"template":"","meta":[],"pwb-brand":[701],"product_brand":[],"product_cat":[1191,745,737,739],"product_tag":[],"giftcard-category":[],"class_list":{"0":"post-41397","1":"product","2":"type-product","3":"status-publish","4":"has-post-thumbnail","6":"pwb-brand-atopalm","7":"product_cat-berniem","8":"product_cat-jutigai-adai","9":"product_cat-mitrinasana","10":"product_cat-sausai-adai","12":"first","13":"instock","14":"taxable","15":"shipping-taxable","16":"purchasable","17":"product-type-simple"},"acf":[],"brands":[{"id":701,"name":"Atopalm","slug":"atopalm"}],"_links":{"self":[{"href":"https:\/\/skinstudio.ee\/lv\/wp-json\/wp\/v2\/product\/41397","targetHints":{"allow":["GET"]}}],"collection":[{"href":"https:\/\/skinstudio.ee\/lv\/wp-json\/wp\/v2\/product"}],"about":[{"href":"https:\/\/skinstudio.ee\/lv\/wp-json\/wp\/v2\/types\/product"}],"version-history":[{"count":0,"href":"https:\/\/skinstudio.ee\/lv\/wp-json\/wp\/v2\/product\/41397\/revisions"}],"wp:featuredmedia":[{"embeddable":true,"href":"https:\/\/skinstudio.ee\/lv\/wp-json\/wp\/v2\/media\/41390"}],"wp:attachment":[{"href":"https:\/\/skinstudio.ee\/lv\/wp-json\/wp\/v2\/media?parent=41397"}],"wp:term":[{"taxonomy":"pwb-brand","embeddable":true,"href":"https:\/\/skinstudio.ee\/lv\/wp-json\/wp\/v2\/pwb-brand?post=41397"},{"taxonomy":"product_brand","embeddable":true,"href":"https:\/\/skinstudio.ee\/lv\/wp-json\/wp\/v2\/product_brand?post=41397"},{"taxonomy":"product_cat","embeddable":true,"href":"https:\/\/skinstudio.ee\/lv\/wp-json\/wp\/v2\/product_cat?post=41397"},{"taxonomy":"product_tag","embeddable":true,"href":"https:\/\/skinstudio.ee\/lv\/wp-json\/wp\/v2\/product_tag?post=41397"},{"taxonomy":"giftcard-category","embeddable":true,"href":"https:\/\/skinstudio.ee\/lv\/wp-json\/wp\/v2\/giftcard-category?post=41397"}],"curies":[{"name":"wp","href":"https:\/\/api.w.org\/{rel}","templated":true}]}}