{"id":41413,"date":"2025-08-04T16:58:42","date_gmt":"2025-08-04T16:58:42","guid":{"rendered":"https:\/\/skinstudio.ee\/?post_type=product&#038;p=41413"},"modified":"2026-04-03T09:35:19","modified_gmt":"2026-04-03T09:35:19","slug":"cica-aloe-soothing-gel","status":"publish","type":"product","link":"https:\/\/skinstudio.ee\/lv\/catalog\/atopalm\/cica-aloe-soothing-gel\/","title":{"rendered":"Cica Aloe Soothing Gel"},"content":{"rendered":"<p data-start=\"166\" data-end=\"535\">Nomierino\u0161s b\u0113rnu gels ar alveju un centellu <strong data-start=\"211\" data-end=\"242\">Kids Cica Aloe Soothing Gel<\/strong> atsvaidzina un m\u012bkstina jut\u012bgu \u0101du, mazina aps\u0101rtumu un pal\u012bdz \u0101dai atjaunoties p\u0113c saules iedarb\u012bbas vai citiem agres\u012bviem faktoriem. Veicina dz\u012b\u0161anu, pat\u012bkami atv\u0113sina un sniedz komforta saj\u016btu. Gels sast\u0101v no 95% alvejas sulas, satur 4 da\u017e\u0101dus \u0100zijas centellas ekstraktus un hialuronsk\u0101bi.<\/p>\n<p data-start=\"537\" data-end=\"556\"><strong data-start=\"537\" data-end=\"549\">Tilpums:<\/strong> 250 ml<\/p>\n","protected":false},"excerpt":{"rendered":"<p data-start=\"779\" data-end=\"805\">Nomierino\u0161s gels ar alveju<\/p>\n<h2 data-start=\"807\" data-end=\"1069\"><strong data-start=\"807\" data-end=\"850\">Atopalm Cica Aloe Soothing Gel \u012bpa\u0161\u012bbas<\/strong><\/h2>\n<p data-start=\"807\" data-end=\"1069\">\u2714\ufe0f Nomierina jut\u012bgu un kairin\u0101tu \u0101du<br data-start=\"889\" data-end=\"892\" \/>\u2714\ufe0f Sniedz atsvaidzino\u0161u un atv\u0113sino\u0161u efektu<br data-start=\"936\" data-end=\"939\" \/>\u2714\ufe0f Satur alvejas un centellas ekstraktus \u0101das atjauno\u0161anai<br data-start=\"997\" data-end=\"1000\" \/>\u2714\ufe0f Viegl\u0101 tekst\u016bra, kas \u0101tri ies\u016bcas<br data-start=\"1036\" data-end=\"1039\" \/>\u2714\ufe0f Piem\u0113rots sejai un \u0137ermenim<\/p>\n","protected":false},"featured_media":65532,"template":"","meta":[],"pwb-brand":[701],"product_brand":[],"product_cat":[1191,745,737],"product_tag":[],"giftcard-category":[],"class_list":{"0":"post-41413","1":"product","2":"type-product","3":"status-publish","4":"has-post-thumbnail","6":"pwb-brand-atopalm","7":"product_cat-berniem","8":"product_cat-jutiga-ada","9":"product_cat-mitrinasana","11":"first","12":"instock","13":"taxable","14":"shipping-taxable","15":"purchasable","16":"product-type-simple"},"acf":[],"brands":[{"id":701,"name":"Atopalm","slug":"atopalm"}],"_links":{"self":[{"href":"https:\/\/skinstudio.ee\/lv\/wp-json\/wp\/v2\/product\/41413","targetHints":{"allow":["GET"]}}],"collection":[{"href":"https:\/\/skinstudio.ee\/lv\/wp-json\/wp\/v2\/product"}],"about":[{"href":"https:\/\/skinstudio.ee\/lv\/wp-json\/wp\/v2\/types\/product"}],"version-history":[{"count":0,"href":"https:\/\/skinstudio.ee\/lv\/wp-json\/wp\/v2\/product\/41413\/revisions"}],"wp:featuredmedia":[{"embeddable":true,"href":"https:\/\/skinstudio.ee\/lv\/wp-json\/wp\/v2\/media\/65532"}],"wp:attachment":[{"href":"https:\/\/skinstudio.ee\/lv\/wp-json\/wp\/v2\/media?parent=41413"}],"wp:term":[{"taxonomy":"pwb-brand","embeddable":true,"href":"https:\/\/skinstudio.ee\/lv\/wp-json\/wp\/v2\/pwb-brand?post=41413"},{"taxonomy":"product_brand","embeddable":true,"href":"https:\/\/skinstudio.ee\/lv\/wp-json\/wp\/v2\/product_brand?post=41413"},{"taxonomy":"product_cat","embeddable":true,"href":"https:\/\/skinstudio.ee\/lv\/wp-json\/wp\/v2\/product_cat?post=41413"},{"taxonomy":"product_tag","embeddable":true,"href":"https:\/\/skinstudio.ee\/lv\/wp-json\/wp\/v2\/product_tag?post=41413"},{"taxonomy":"giftcard-category","embeddable":true,"href":"https:\/\/skinstudio.ee\/lv\/wp-json\/wp\/v2\/giftcard-category?post=41413"}],"curies":[{"name":"wp","href":"https:\/\/api.w.org\/{rel}","templated":true}]}}