{"id":41433,"date":"2025-08-04T17:09:55","date_gmt":"2025-08-04T17:09:55","guid":{"rendered":"https:\/\/skinstudio.ee\/?post_type=product&#038;p=41433"},"modified":"2026-04-03T09:35:19","modified_gmt":"2026-04-03T09:35:19","slug":"wild-kitty-mask-kids","status":"publish","type":"product","link":"https:\/\/skinstudio.ee\/lv\/catalog\/atopalm\/wild-kitty-mask-kids\/","title":{"rendered":"Wild Kitty Mask Pack Kids"},"content":{"rendered":"<p data-start=\"162\" data-end=\"445\">Auduma sejas maska, kas \u012bpa\u0161i izstr\u0101d\u0101ta jut\u012bgai b\u0113rnu \u0101dai. 16 gadus p\u0113c k\u0101rtas atz\u012bta par Nr. 1 produktu jut\u012bgas \u0101das kop\u0161an\u0101. Maska ir dermatolo\u0123iski p\u0101rbaud\u012bta un nekairina \u0101du. Izgatavota no 100% t\u012bras kokvilnas, t\u0101 maigi piegu\u013c \u0101dai un nodro\u0161ina saudz\u012bgu, bet efekt\u012bvu kop\u0161anu.<\/p>\n<p data-start=\"447\" data-end=\"835\">Maig\u0101 kr\u0113mveida esence ar piena lip\u012bdiem un prote\u012bniem dzi\u013ci baro \u0101du, atjauno t\u0101s m\u012bkstumu, mitrin\u0101jumu un vesel\u012bgu mirdzumu.<br data-start=\"573\" data-end=\"576\" \/>Septi\u0146u da\u017e\u0101du jauno lapu ekstrakti sniedz \u0101dai za\u013co ener\u0123iju un pal\u012bdz atjaunoties p\u0113c \u0101r\u0113jo faktoru \u2014 v\u0113ja, aukstuma, saules vai pies\u0101r\u0146ojuma \u2014 iedarb\u012bbas. Maska stiprina un aizsarg\u0101 nov\u0101jin\u0101tu \u0101du, saglab\u0101 t\u0101s dabisko l\u012bdzsvaru un sniedz ilgsto\u0161u komfortu.<\/p>\n<p data-start=\"837\" data-end=\"862\"><strong data-start=\"837\" data-end=\"849\">Tilpums:<\/strong> 1 gab., 15 g<\/p>\n","protected":false},"excerpt":{"rendered":"<p data-start=\"1041\" data-end=\"1073\">Nomierino\u0161a auduma maska b\u0113rniem<\/p>\n<h2 data-start=\"1075\" data-end=\"1328\"><strong data-start=\"1075\" data-end=\"1121\">Atopalm Wild Kitty Mask Pack Kids \u012bpa\u0161\u012bbas<\/strong><\/h2>\n<p data-start=\"1075\" data-end=\"1328\">\u2714\ufe0f Mitrina un nomierina \u0101du<br data-start=\"1151\" data-end=\"1154\" \/>\u2714\ufe0f 100% kokvilnas pamatne cie\u0161i piegu\u013c \u0101dai<br data-start=\"1197\" data-end=\"1200\" \/>\u2714\ufe0f Piem\u0113rota pat \u013coti jut\u012bgai \u0101dai<br data-start=\"1234\" data-end=\"1237\" \/>\u2714\ufe0f Dermatolo\u0123iski p\u0101rbaud\u012bta, nekairina<br data-start=\"1276\" data-end=\"1279\" \/>\u2714\ufe0f Pies\u016bcin\u0101ta ar vieglu un \u0101tri uzs\u016bco\u0161os esenci<\/p>\n","protected":false},"featured_media":41421,"template":"","meta":[],"pwb-brand":[701],"product_brand":[],"product_cat":[1191,725],"product_tag":[],"giftcard-category":[],"class_list":{"0":"post-41433","1":"product","2":"type-product","3":"status-publish","4":"has-post-thumbnail","6":"pwb-brand-atopalm","7":"product_cat-berniem","8":"product_cat-maskas","10":"first","11":"instock","12":"taxable","13":"shipping-taxable","14":"purchasable","15":"product-type-simple"},"acf":[],"brands":[{"id":701,"name":"Atopalm","slug":"atopalm"}],"_links":{"self":[{"href":"https:\/\/skinstudio.ee\/lv\/wp-json\/wp\/v2\/product\/41433","targetHints":{"allow":["GET"]}}],"collection":[{"href":"https:\/\/skinstudio.ee\/lv\/wp-json\/wp\/v2\/product"}],"about":[{"href":"https:\/\/skinstudio.ee\/lv\/wp-json\/wp\/v2\/types\/product"}],"version-history":[{"count":0,"href":"https:\/\/skinstudio.ee\/lv\/wp-json\/wp\/v2\/product\/41433\/revisions"}],"wp:featuredmedia":[{"embeddable":true,"href":"https:\/\/skinstudio.ee\/lv\/wp-json\/wp\/v2\/media\/41421"}],"wp:attachment":[{"href":"https:\/\/skinstudio.ee\/lv\/wp-json\/wp\/v2\/media?parent=41433"}],"wp:term":[{"taxonomy":"pwb-brand","embeddable":true,"href":"https:\/\/skinstudio.ee\/lv\/wp-json\/wp\/v2\/pwb-brand?post=41433"},{"taxonomy":"product_brand","embeddable":true,"href":"https:\/\/skinstudio.ee\/lv\/wp-json\/wp\/v2\/product_brand?post=41433"},{"taxonomy":"product_cat","embeddable":true,"href":"https:\/\/skinstudio.ee\/lv\/wp-json\/wp\/v2\/product_cat?post=41433"},{"taxonomy":"product_tag","embeddable":true,"href":"https:\/\/skinstudio.ee\/lv\/wp-json\/wp\/v2\/product_tag?post=41433"},{"taxonomy":"giftcard-category","embeddable":true,"href":"https:\/\/skinstudio.ee\/lv\/wp-json\/wp\/v2\/giftcard-category?post=41433"}],"curies":[{"name":"wp","href":"https:\/\/api.w.org\/{rel}","templated":true}]}}