{"id":41453,"date":"2025-08-07T07:59:02","date_gmt":"2025-08-07T07:59:02","guid":{"rendered":"https:\/\/skinstudio.ee\/?post_type=product&#038;p=41453"},"modified":"2026-04-03T09:35:19","modified_gmt":"2026-04-03T09:35:19","slug":"froggy-mask-pack","status":"publish","type":"product","link":"https:\/\/skinstudio.ee\/lv\/catalog\/atopalm\/froggy-mask-pack\/","title":{"rendered":"Froggy Mask Pack"},"content":{"rendered":"<p data-start=\"159\" data-end=\"381\"><strong data-start=\"159\" data-end=\"187\">Atopalm Froggy Mask Pack<\/strong> mitrino\u0161\u0101 esence sniedz atv\u0113sino\u0161u un nomierino\u0161u efektu p\u0101rkarsu\u0161ai un kairin\u0101tai \u0101dai.<br data-start=\"276\" data-end=\"279\" \/>Formula ar fitonc\u012bdu \u016bdeni maigi mazina diskomfortu un jut\u012bgumu, \u012bpa\u0161i p\u0113c saules vai v\u0113ja iedarb\u012bbas.<\/p>\n<p data-start=\"383\" data-end=\"717\">Septi\u0146i jauno lapu ekstrakti pie\u0161\u0137ir \u0101dai za\u013co ener\u0123iju, intens\u012bvi mitrina un aizsarg\u0101 nov\u0101jin\u0101tu \u0101du no apk\u0101rt\u0113j\u0101s vides kait\u012bg\u0101s ietekmes.<br data-start=\"523\" data-end=\"526\" \/>Maska izgatavota no 100% t\u012bras kokvilnas, nekairina \u0101du un ir piem\u0113rota pat \u013coti jut\u012bgai \u0101dai.<br data-start=\"620\" data-end=\"623\" \/>16 gadus p\u0113c k\u0101rtas atz\u012bta par Nr. 1 produktu jut\u012bgas \u0101das kop\u0161an\u0101. Dermatolo\u0123iski p\u0101rbaud\u012bta.<\/p>\n<p data-start=\"719\" data-end=\"744\"><strong data-start=\"719\" data-end=\"731\">Tilpums:<\/strong> 1 gab., 15 g<\/p>\n","protected":false},"excerpt":{"rendered":"<p data-start=\"958\" data-end=\"990\">Nomierino\u0161a auduma maska b\u0113rniem<\/p>\n<h2 data-start=\"992\" data-end=\"1251\"><strong data-start=\"992\" data-end=\"1034\">Atopalm Froggy Mask Pack \u012bpa\u0161\u012bbas<\/strong><\/h2>\n<p data-start=\"992\" data-end=\"1251\">\u2714\ufe0f Atv\u0113sina un mazina aps\u0101rtumu<br data-start=\"1068\" data-end=\"1071\" \/>\u2714\ufe0f Nomierina jut\u012bgu un kairin\u0101tu \u0101du<br data-start=\"1107\" data-end=\"1110\" \/>\u2714\ufe0f Satur fitonc\u012bdu \u016bdeni un 7 jauno lapu ekstraktus<br data-start=\"1161\" data-end=\"1164\" \/>\u2714\ufe0f Stiprina un aizsarg\u0101 nov\u0101jin\u0101tu \u0101du<br data-start=\"1202\" data-end=\"1205\" \/>\u2714\ufe0f 100% kokvilnas b\u0101ze, piem\u0113rota jut\u012bgai \u0101dai<\/p>\n","protected":false},"featured_media":65527,"template":"","meta":[],"pwb-brand":[701],"product_brand":[],"product_cat":[1191,725],"product_tag":[],"giftcard-category":[],"class_list":{"0":"post-41453","1":"product","2":"type-product","3":"status-publish","4":"has-post-thumbnail","6":"pwb-brand-atopalm","7":"product_cat-berniem","8":"product_cat-maskas","10":"first","11":"instock","12":"taxable","13":"shipping-taxable","14":"purchasable","15":"product-type-simple"},"acf":[],"brands":[{"id":701,"name":"Atopalm","slug":"atopalm"}],"_links":{"self":[{"href":"https:\/\/skinstudio.ee\/lv\/wp-json\/wp\/v2\/product\/41453","targetHints":{"allow":["GET"]}}],"collection":[{"href":"https:\/\/skinstudio.ee\/lv\/wp-json\/wp\/v2\/product"}],"about":[{"href":"https:\/\/skinstudio.ee\/lv\/wp-json\/wp\/v2\/types\/product"}],"version-history":[{"count":0,"href":"https:\/\/skinstudio.ee\/lv\/wp-json\/wp\/v2\/product\/41453\/revisions"}],"wp:featuredmedia":[{"embeddable":true,"href":"https:\/\/skinstudio.ee\/lv\/wp-json\/wp\/v2\/media\/65527"}],"wp:attachment":[{"href":"https:\/\/skinstudio.ee\/lv\/wp-json\/wp\/v2\/media?parent=41453"}],"wp:term":[{"taxonomy":"pwb-brand","embeddable":true,"href":"https:\/\/skinstudio.ee\/lv\/wp-json\/wp\/v2\/pwb-brand?post=41453"},{"taxonomy":"product_brand","embeddable":true,"href":"https:\/\/skinstudio.ee\/lv\/wp-json\/wp\/v2\/product_brand?post=41453"},{"taxonomy":"product_cat","embeddable":true,"href":"https:\/\/skinstudio.ee\/lv\/wp-json\/wp\/v2\/product_cat?post=41453"},{"taxonomy":"product_tag","embeddable":true,"href":"https:\/\/skinstudio.ee\/lv\/wp-json\/wp\/v2\/product_tag?post=41453"},{"taxonomy":"giftcard-category","embeddable":true,"href":"https:\/\/skinstudio.ee\/lv\/wp-json\/wp\/v2\/giftcard-category?post=41453"}],"curies":[{"name":"wp","href":"https:\/\/api.w.org\/{rel}","templated":true}]}}