{"id":41476,"date":"2025-08-04T17:28:38","date_gmt":"2025-08-04T17:28:38","guid":{"rendered":"https:\/\/skinstudio.ee\/?post_type=product&#038;p=41476"},"modified":"2026-04-03T09:35:19","modified_gmt":"2026-04-03T09:35:19","slug":"kids-outdoor-sunstick-spf50","status":"publish","type":"product","link":"https:\/\/skinstudio.ee\/lv\/catalog\/atopalm\/kids-outdoor-sunstick-spf50\/","title":{"rendered":"Kids Outdoor Sunstick SPF50"},"content":{"rendered":"<p data-start=\"177\" data-end=\"466\"><strong data-start=\"177\" data-end=\"225\">Atopalm Kids Outdoor Sun Stick SPF50+ PA++++<\/strong> ir \u012bpa\u0161i izstr\u0101d\u0101ts b\u0113rnu maigajai un jut\u012bgajai \u0101dai. Tas nerada kairin\u0101jumu vai niezi un nodro\u0161ina dro\u0161u aizsardz\u012bbu pret UV starojumu, nov\u0113r\u0161ot aps\u0101rtumu, saules apdegumus un hiperpigment\u0101ciju. Piem\u0113rots lieto\u0161anai jau no 6 m\u0113ne\u0161u vecuma.<\/p>\n<p data-start=\"468\" data-end=\"747\">Stika konsistence vienm\u0113r\u012bgi uzkl\u0101jas uz \u0101das un \u013cauj viegli atjaunot saules aizsardz\u012bbu dienas laik\u0101. Tas atst\u0101j vieglu un z\u012bdainu fini\u0161u bez lip\u012bguma vai l\u012bnij\u0101m. Produkts satur 100\u202f% miner\u0101los filtrus, kas ir absol\u016bti dro\u0161i pat \u013coti jut\u012bgai \u0101dai. Lietojams visiem \u0101das tipiem.<\/p>\n<p data-start=\"749\" data-end=\"766\"><strong data-start=\"749\" data-end=\"761\">Tilpums:<\/strong> 21\u202fg<\/p>\n","protected":false},"excerpt":{"rendered":"<p data-start=\"957\" data-end=\"992\">B\u0113rnu saules aizsardz\u012bbas stiks<\/p>\n<h2 data-start=\"994\" data-end=\"1339\"><strong data-start=\"994\" data-end=\"1042\">Atopalm Kids Outdoor Sunstick SPF50 \u012bpa\u0161\u012bbas<\/strong><\/h2>\n<p data-start=\"994\" data-end=\"1339\">\u2714\ufe0f Nodro\u0161ina sp\u0113c\u012bgu aizsardz\u012bbu pret UVA un UVB starojumu<br data-start=\"1103\" data-end=\"1106\" \/>\u2714\ufe0f Aizsarg\u0101 \u0101du no saules boj\u0101jumiem un mitruma zuduma<br data-start=\"1160\" data-end=\"1163\" \/>\u2714\ufe0f Stiprina un atbalsta \u0101das dabisko barjeru<br data-start=\"1207\" data-end=\"1210\" \/>\u2714\ufe0f Nomierina un aizsarg\u0101 jut\u012bgu \u0101du pret \u0101r\u0113jiem kairin\u0101jumiem<br data-start=\"1272\" data-end=\"1275\" \/>\u2714\ufe0f Saglab\u0101 \u0101das mitrumu pat ilgsto\u0161as saules iedarb\u012bbas gad\u012bjum\u0101<\/p>\n","protected":false},"featured_media":65586,"template":"","meta":[],"pwb-brand":[701],"product_brand":[],"product_cat":[1191,731],"product_tag":[],"giftcard-category":[],"class_list":{"0":"post-41476","1":"product","2":"type-product","3":"status-publish","4":"has-post-thumbnail","6":"pwb-brand-atopalm","7":"product_cat-berniem","8":"product_cat-spf-aizsardziba","10":"first","11":"instock","12":"taxable","13":"shipping-taxable","14":"purchasable","15":"product-type-simple"},"acf":[],"brands":[{"id":701,"name":"Atopalm","slug":"atopalm"}],"_links":{"self":[{"href":"https:\/\/skinstudio.ee\/lv\/wp-json\/wp\/v2\/product\/41476","targetHints":{"allow":["GET"]}}],"collection":[{"href":"https:\/\/skinstudio.ee\/lv\/wp-json\/wp\/v2\/product"}],"about":[{"href":"https:\/\/skinstudio.ee\/lv\/wp-json\/wp\/v2\/types\/product"}],"version-history":[{"count":0,"href":"https:\/\/skinstudio.ee\/lv\/wp-json\/wp\/v2\/product\/41476\/revisions"}],"wp:featuredmedia":[{"embeddable":true,"href":"https:\/\/skinstudio.ee\/lv\/wp-json\/wp\/v2\/media\/65586"}],"wp:attachment":[{"href":"https:\/\/skinstudio.ee\/lv\/wp-json\/wp\/v2\/media?parent=41476"}],"wp:term":[{"taxonomy":"pwb-brand","embeddable":true,"href":"https:\/\/skinstudio.ee\/lv\/wp-json\/wp\/v2\/pwb-brand?post=41476"},{"taxonomy":"product_brand","embeddable":true,"href":"https:\/\/skinstudio.ee\/lv\/wp-json\/wp\/v2\/product_brand?post=41476"},{"taxonomy":"product_cat","embeddable":true,"href":"https:\/\/skinstudio.ee\/lv\/wp-json\/wp\/v2\/product_cat?post=41476"},{"taxonomy":"product_tag","embeddable":true,"href":"https:\/\/skinstudio.ee\/lv\/wp-json\/wp\/v2\/product_tag?post=41476"},{"taxonomy":"giftcard-category","embeddable":true,"href":"https:\/\/skinstudio.ee\/lv\/wp-json\/wp\/v2\/giftcard-category?post=41476"}],"curies":[{"name":"wp","href":"https:\/\/api.w.org\/{rel}","templated":true}]}}