{"id":41508,"date":"2025-08-05T07:45:12","date_gmt":"2025-08-05T07:45:12","guid":{"rendered":"https:\/\/skinstudio.ee\/?post_type=product&#038;p=41508"},"modified":"2025-12-30T17:05:11","modified_gmt":"2025-12-30T17:05:11","slug":"ceramide-moisture-cleansing-foam","status":"publish","type":"product","link":"https:\/\/skinstudio.ee\/lv\/catalog\/real-barrier\/ceramide-moisture-cleansing-foam\/","title":{"rendered":"Ceramide Moisture Cleansing Foam"},"content":{"rendered":"<p data-start=\"208\" data-end=\"758\">Real Barrier Ceramide Moisture Cleansing Foam ir inovat\u012bvas att\u012bro\u0161\u0101s putas ar kr\u0113m\u012bgu konsistenci, kas vienlaikus att\u012bra, mitrina un nostiprina \u0101das aizsargbarjeru. MLE formula ar keram\u012bdu kompleksu pal\u012bdz atjaunot un aizsarg\u0101t \u0101du, savuk\u0101rt pantenols, alanto\u012bns un madekaso\u012bds nomierina jut\u012bgu un kairin\u0101tu \u0101du. Saulespu\u0137u e\u013c\u013ca, broko\u013cu un kvie\u0161u ekstrakti, k\u0101 ar\u012b bergamotes e\u013c\u013ca pal\u012bdz att\u012br\u012bt, vienlaikus barojot un mitrinot \u0101du. Piem\u0113rots visiem \u0101das tipiem, ar\u012b sausai un jut\u012bgai \u0101dai. Nesatur parab\u0113nus, miner\u0101le\u013c\u013cas un m\u0101ksl\u012bg\u0101s smar\u017evielas.<\/p>\n<p data-start=\"763\" data-end=\"786\"><strong data-start=\"763\" data-end=\"775\">Tilpums:<\/strong> <strong data-start=\"776\" data-end=\"786\">220 ml<\/strong><\/p>\n","protected":false},"excerpt":{"rendered":"<p data-start=\"189\" data-end=\"217\">Maigas att\u012bro\u0161as putas sejai<\/p>\n<h2 data-start=\"222\" data-end=\"280\"><strong data-start=\"222\" data-end=\"280\">\u012apa\u0161\u012bbas Real Barrier Ceramide Moisture Cleansing Foam<\/strong><\/h2>\n<p data-start=\"282\" data-end=\"523\">\u2714\ufe0f Maigi att\u012bra \u0101du, neboj\u0101jot t\u0101s aizsargbarjeru<br data-start=\"331\" data-end=\"334\" \/>\u2714\ufe0f Nomierina un mitrina jut\u012bgu \u0101du<br data-start=\"368\" data-end=\"371\" \/>\u2714\ufe0f Satur keram\u012bdus, pantenolu, alanto\u012bnu un madekaso\u012bdu<br data-start=\"426\" data-end=\"429\" \/>\u2714\ufe0f Aizsarg\u0101 un nostiprina \u0101das dabisko aizsargbarjeru<br data-start=\"482\" data-end=\"485\" \/>\u2714\ufe0f Neizraisa sausumu vai kairin\u0101jumu<\/p>\n","protected":false},"featured_media":41501,"template":"","meta":[],"pwb-brand":[713],"product_brand":[],"product_cat":[715,745,739],"product_tag":[],"giftcard-category":[],"class_list":{"0":"post-41508","1":"product","2":"type-product","3":"status-publish","4":"has-post-thumbnail","6":"pwb-brand-real-barrier","7":"product_cat-attirisana","8":"product_cat-jutiga-ada","9":"product_cat-sausa-ada","11":"first","12":"instock","13":"taxable","14":"shipping-taxable","15":"purchasable","16":"product-type-simple"},"acf":[],"brands":[{"id":713,"name":"Real Barrier","slug":"real-barrier"}],"_links":{"self":[{"href":"https:\/\/skinstudio.ee\/lv\/wp-json\/wp\/v2\/product\/41508","targetHints":{"allow":["GET"]}}],"collection":[{"href":"https:\/\/skinstudio.ee\/lv\/wp-json\/wp\/v2\/product"}],"about":[{"href":"https:\/\/skinstudio.ee\/lv\/wp-json\/wp\/v2\/types\/product"}],"version-history":[{"count":0,"href":"https:\/\/skinstudio.ee\/lv\/wp-json\/wp\/v2\/product\/41508\/revisions"}],"wp:featuredmedia":[{"embeddable":true,"href":"https:\/\/skinstudio.ee\/lv\/wp-json\/wp\/v2\/media\/41501"}],"wp:attachment":[{"href":"https:\/\/skinstudio.ee\/lv\/wp-json\/wp\/v2\/media?parent=41508"}],"wp:term":[{"taxonomy":"pwb-brand","embeddable":true,"href":"https:\/\/skinstudio.ee\/lv\/wp-json\/wp\/v2\/pwb-brand?post=41508"},{"taxonomy":"product_brand","embeddable":true,"href":"https:\/\/skinstudio.ee\/lv\/wp-json\/wp\/v2\/product_brand?post=41508"},{"taxonomy":"product_cat","embeddable":true,"href":"https:\/\/skinstudio.ee\/lv\/wp-json\/wp\/v2\/product_cat?post=41508"},{"taxonomy":"product_tag","embeddable":true,"href":"https:\/\/skinstudio.ee\/lv\/wp-json\/wp\/v2\/product_tag?post=41508"},{"taxonomy":"giftcard-category","embeddable":true,"href":"https:\/\/skinstudio.ee\/lv\/wp-json\/wp\/v2\/giftcard-category?post=41508"}],"curies":[{"name":"wp","href":"https:\/\/api.w.org\/{rel}","templated":true}]}}