{"id":41542,"date":"2025-08-05T08:13:29","date_gmt":"2025-08-05T08:13:29","guid":{"rendered":"https:\/\/skinstudio.ee\/?post_type=product&#038;p=41542"},"modified":"2025-12-30T17:05:11","modified_gmt":"2025-12-30T17:05:11","slug":"aqua-soothing-cream","status":"publish","type":"product","link":"https:\/\/skinstudio.ee\/lv\/catalog\/real-barrier\/aqua-soothing-cream\/","title":{"rendered":"Aqua Soothing Cream"},"content":{"rendered":"<p data-start=\"96\" data-end=\"676\">Real Barrier Aqua Soothing Cream ir maigs mitrino\u0161s g\u0113la kr\u0113ms, kas \u012bpa\u0161i izstr\u0101d\u0101ts jut\u012bgai un kairin\u0101tai \u0101dai. Tas nekav\u0113joties atv\u0113sina un mitrina \u0101du, mazina savilkuma saj\u016btu un pal\u012bdz atjaunot komfortu p\u0113c saules, v\u0113ja vai citu \u0101r\u0113jo faktoru iedarb\u012bbas. Pateicoties MLE tehnolo\u0123ijai un unik\u0101lajam 7 veidu hialuronsk\u0101bes kompleksam, kr\u0113ms dzi\u013ci mitrina \u0101du visos l\u012bme\u0146os, atjauno mitruma l\u012bmeni un stiprina \u0101das aizsargbarjeru. Zil\u0101s me\u017eteiksm\u012btes e\u013c\u013ca ar azul\u0113nu, ksil\u012bts un eritritols papildus nomierina \u0101du un pal\u012bdz tai atjaunoties p\u0113c stresa.<\/p>\n<p data-start=\"678\" data-end=\"786\">Hipoaler\u0123isk\u0101 formula neatst\u0101j lip\u012bgu saj\u016btu un ir ide\u0101li piem\u0113rota ikdienas lieto\u0161anai, \u012bpa\u0161i karst\u0101 laik\u0101.<\/p>\n<p data-start=\"788\" data-end=\"806\"><strong data-start=\"788\" data-end=\"800\">Tilpums:<\/strong> 50 ml<\/p>\n","protected":false},"excerpt":{"rendered":"<p>Mitrino\u0161s g\u0113la kr\u0113ms<\/p>\n<h2><strong data-start=\"956\" data-end=\"1001\">Real Barrier Aqua Soothing Cream \u012bpa\u0161\u012bbas<\/strong><\/h2>\n<p>\u2714\ufe0f \u0100tri atv\u0113sina un nomierina kairin\u0101tu \u0101du<br data-start=\"1047\" data-end=\"1050\" \/>\u2714\ufe0f Dzi\u013ci mitrina ar 7 veidu hialuronsk\u0101bi<br data-start=\"1091\" data-end=\"1094\" \/>\u2714\ufe0f Atjauno un stiprina \u0101das aizsargbarjeru<br data-start=\"1136\" data-end=\"1139\" \/>\u2714\ufe0f Mazina sausumu un savilkumu<br data-start=\"1169\" data-end=\"1172\" \/>\u2714\ufe0f Padara \u0101du maigu, gludu un svaigu bez lip\u012bguma<\/p>\n","protected":false},"featured_media":66785,"template":"","meta":[],"pwb-brand":[713],"product_brand":[],"product_cat":[745,737,739],"product_tag":[],"giftcard-category":[],"class_list":{"0":"post-41542","1":"product","2":"type-product","3":"status-publish","4":"has-post-thumbnail","6":"pwb-brand-real-barrier","7":"product_cat-jutigai-adai","8":"product_cat-mitrinasana","9":"product_cat-sausai-adai","11":"first","12":"instock","13":"taxable","14":"shipping-taxable","15":"purchasable","16":"product-type-simple"},"acf":[],"brands":[{"id":713,"name":"Real Barrier","slug":"real-barrier"}],"_links":{"self":[{"href":"https:\/\/skinstudio.ee\/lv\/wp-json\/wp\/v2\/product\/41542","targetHints":{"allow":["GET"]}}],"collection":[{"href":"https:\/\/skinstudio.ee\/lv\/wp-json\/wp\/v2\/product"}],"about":[{"href":"https:\/\/skinstudio.ee\/lv\/wp-json\/wp\/v2\/types\/product"}],"version-history":[{"count":0,"href":"https:\/\/skinstudio.ee\/lv\/wp-json\/wp\/v2\/product\/41542\/revisions"}],"wp:featuredmedia":[{"embeddable":true,"href":"https:\/\/skinstudio.ee\/lv\/wp-json\/wp\/v2\/media\/66785"}],"wp:attachment":[{"href":"https:\/\/skinstudio.ee\/lv\/wp-json\/wp\/v2\/media?parent=41542"}],"wp:term":[{"taxonomy":"pwb-brand","embeddable":true,"href":"https:\/\/skinstudio.ee\/lv\/wp-json\/wp\/v2\/pwb-brand?post=41542"},{"taxonomy":"product_brand","embeddable":true,"href":"https:\/\/skinstudio.ee\/lv\/wp-json\/wp\/v2\/product_brand?post=41542"},{"taxonomy":"product_cat","embeddable":true,"href":"https:\/\/skinstudio.ee\/lv\/wp-json\/wp\/v2\/product_cat?post=41542"},{"taxonomy":"product_tag","embeddable":true,"href":"https:\/\/skinstudio.ee\/lv\/wp-json\/wp\/v2\/product_tag?post=41542"},{"taxonomy":"giftcard-category","embeddable":true,"href":"https:\/\/skinstudio.ee\/lv\/wp-json\/wp\/v2\/giftcard-category?post=41542"}],"curies":[{"name":"wp","href":"https:\/\/api.w.org\/{rel}","templated":true}]}}