{"id":41564,"date":"2025-08-05T08:40:53","date_gmt":"2025-08-05T08:40:53","guid":{"rendered":"https:\/\/skinstudio.ee\/?post_type=product&#038;p=41564"},"modified":"2025-12-30T17:05:11","modified_gmt":"2025-12-30T17:05:11","slug":"aqua-soothing-ampoule-pad","status":"publish","type":"product","link":"https:\/\/skinstudio.ee\/lv\/catalog\/real-barrier\/aqua-soothing-ampoule-pad\/","title":{"rendered":"Aqua Soothing Ampoule Pad"},"content":{"rendered":"<p data-start=\"282\" data-end=\"596\">Maigi atsvaidzina un nomierina jut\u012bgu un kairin\u0101tu \u0101du. Real Barrier Aqua Soothing Ampoule Pad nodro\u0161ina t\u016bl\u012bt\u0113ju atv\u0113sin\u0101\u0161anas efektu, samazinot aps\u0101rtumu un niezi, pal\u012bdzot atjaunot \u0101das komfortu p\u0113c saules, v\u0113ja vai citu \u0101r\u0113jo faktoru iedarb\u012bbas. Ide\u0101li piem\u0113rots lieto\u0161anai karst\u0101 laik\u0101 vai p\u0113c akt\u012bvas dienas.<\/p>\n<p data-start=\"598\" data-end=\"616\"><strong data-start=\"598\" data-end=\"610\">Tilpums:<\/strong>\u202f90\u202fml<\/p>\n","protected":false},"excerpt":{"rendered":"<p data-start=\"129\" data-end=\"171\">Nomierino\u0161as ampulu diski jut\u012bgai \u0101dai<\/p>\n<h2 data-start=\"173\" data-end=\"415\"><strong data-start=\"173\" data-end=\"224\">Real Barrier Aqua Soothing Ampoule Pad \u012bpa\u0161\u012bbas<\/strong><\/h2>\n<p data-start=\"173\" data-end=\"415\">\u2714\ufe0f Nomierina jut\u012bgu un kairin\u0101tu \u0101du<br data-start=\"263\" data-end=\"266\" \/>\u2714\ufe0f Samazina aps\u0101rtumu un niezi<br data-start=\"296\" data-end=\"299\" \/>\u2714\ufe0f Nodro\u0161ina dzi\u013cu mitrin\u0101\u0161anu un svaigumu<br data-start=\"341\" data-end=\"344\" \/>\u2714\ufe0f No\u0146em sasprindzin\u0101jumu un diskomfortu<br data-start=\"384\" data-end=\"387\" \/>\u2714\ufe0f Padara \u0101du maigu un gludu<\/p>\n","protected":false},"featured_media":66780,"template":"","meta":[],"pwb-brand":[713],"product_brand":[],"product_cat":[745,721],"product_tag":[],"giftcard-category":[],"class_list":{"0":"post-41564","1":"product","2":"type-product","3":"status-publish","4":"has-post-thumbnail","6":"pwb-brand-real-barrier","7":"product_cat-jutigai-adai","8":"product_cat-toniki-lv","10":"first","11":"instock","12":"taxable","13":"shipping-taxable","14":"purchasable","15":"product-type-simple"},"acf":[],"brands":[{"id":713,"name":"Real Barrier","slug":"real-barrier"}],"_links":{"self":[{"href":"https:\/\/skinstudio.ee\/lv\/wp-json\/wp\/v2\/product\/41564","targetHints":{"allow":["GET"]}}],"collection":[{"href":"https:\/\/skinstudio.ee\/lv\/wp-json\/wp\/v2\/product"}],"about":[{"href":"https:\/\/skinstudio.ee\/lv\/wp-json\/wp\/v2\/types\/product"}],"version-history":[{"count":0,"href":"https:\/\/skinstudio.ee\/lv\/wp-json\/wp\/v2\/product\/41564\/revisions"}],"wp:featuredmedia":[{"embeddable":true,"href":"https:\/\/skinstudio.ee\/lv\/wp-json\/wp\/v2\/media\/66780"}],"wp:attachment":[{"href":"https:\/\/skinstudio.ee\/lv\/wp-json\/wp\/v2\/media?parent=41564"}],"wp:term":[{"taxonomy":"pwb-brand","embeddable":true,"href":"https:\/\/skinstudio.ee\/lv\/wp-json\/wp\/v2\/pwb-brand?post=41564"},{"taxonomy":"product_brand","embeddable":true,"href":"https:\/\/skinstudio.ee\/lv\/wp-json\/wp\/v2\/product_brand?post=41564"},{"taxonomy":"product_cat","embeddable":true,"href":"https:\/\/skinstudio.ee\/lv\/wp-json\/wp\/v2\/product_cat?post=41564"},{"taxonomy":"product_tag","embeddable":true,"href":"https:\/\/skinstudio.ee\/lv\/wp-json\/wp\/v2\/product_tag?post=41564"},{"taxonomy":"giftcard-category","embeddable":true,"href":"https:\/\/skinstudio.ee\/lv\/wp-json\/wp\/v2\/giftcard-category?post=41564"}],"curies":[{"name":"wp","href":"https:\/\/api.w.org\/{rel}","templated":true}]}}