{"id":41583,"date":"2025-08-05T08:54:54","date_gmt":"2025-08-05T08:54:54","guid":{"rendered":"https:\/\/skinstudio.ee\/?post_type=product&#038;p=41583"},"modified":"2025-12-30T17:05:11","modified_gmt":"2025-12-30T17:05:11","slug":"aqua-soothing-toner","status":"publish","type":"product","link":"https:\/\/skinstudio.ee\/lv\/catalog\/real-barrier\/aqua-soothing-toner\/","title":{"rendered":"Aqua Soothing Toner"},"content":{"rendered":"<p data-start=\"336\" data-end=\"587\">Nomierino\u0161s toniks Real Barrier Aqua Soothing Toner nekav\u0113joties nov\u0113r\u0161 sausuma un savilkuma saj\u016btu, pies\u0101tina \u0101das \u0161\u016bnas ar mitrumu un sagatavo to turpm\u0101kai kop\u0161anai. Toniks nomierina \u0101du, mazina niezi un kairin\u0101jumu, samazina aps\u0101rtumu un iekaisumu.<\/p>\n<p data-start=\"589\" data-end=\"742\">Produkts pal\u012bdz nostiprin\u0101t \u0101du un atjaunot lip\u012bdu barjeru, aizsarg\u0101 epidermas virsmu no \u0101r\u0113j\u0101s vides kait\u012bg\u0101s ietekmes un nodro\u0161ina antiseptisku efektu.<\/p>\n<p data-start=\"744\" data-end=\"947\">Pateicoties zemam pH l\u012bmenim (5,5), toniks nesaboj\u0101 \u0101das aizsargbarjeru un neboj\u0101 t\u0101s virsmu. Tas neitraliz\u0113 kr\u0101na \u016bdens agres\u012bvo iedarb\u012bbu, aizsarg\u0101jot \u0101du no mitruma zuduma un nov\u0113r\u0161ot sausuma ra\u0161anos.<\/p>\n<p data-start=\"952\" data-end=\"975\"><strong data-start=\"952\" data-end=\"964\">Tilpums:<\/strong> <strong data-start=\"965\" data-end=\"975\">200 ml<\/strong><\/p>\n","protected":false},"excerpt":{"rendered":"<p data-start=\"1376\" data-end=\"1394\">Nomierino\u0161s toniks<\/p>\n<h2 data-start=\"1396\" data-end=\"1647\"><strong data-start=\"1396\" data-end=\"1441\">\u012apa\u0161\u012bbas Real Barrier Aqua Soothing Toner<\/strong><\/h2>\n<p data-start=\"1396\" data-end=\"1647\">\u2714\ufe0f Nekav\u0113joties mitrina un atsvaidzina<br data-start=\"1482\" data-end=\"1485\" \/>\u2714\ufe0f Samazina aps\u0101rtumu un savilkuma saj\u016btu<br data-start=\"1526\" data-end=\"1529\" \/>\u2714\ufe0f Stiprina \u0101das aizsargbarjeru<br data-start=\"1560\" data-end=\"1563\" \/>\u2714\ufe0f Piem\u0113rots jut\u012bgai un dehidr\u0113tai \u0101dai<br data-start=\"1602\" data-end=\"1605\" \/>\u2714\ufe0f Viegls, \u016bde\u0146ains tekst\u016bra, \u0101tri uzs\u016bcas<\/p>\n","protected":false},"featured_media":41574,"template":"","meta":[],"pwb-brand":[713],"product_brand":[],"product_cat":[745,721],"product_tag":[],"giftcard-category":[],"class_list":{"0":"post-41583","1":"product","2":"type-product","3":"status-publish","4":"has-post-thumbnail","6":"pwb-brand-real-barrier","7":"product_cat-jutigai-adai","8":"product_cat-toniki-lv","10":"first","11":"instock","12":"taxable","13":"shipping-taxable","14":"purchasable","15":"product-type-simple"},"acf":[],"brands":[{"id":713,"name":"Real Barrier","slug":"real-barrier"}],"_links":{"self":[{"href":"https:\/\/skinstudio.ee\/lv\/wp-json\/wp\/v2\/product\/41583","targetHints":{"allow":["GET"]}}],"collection":[{"href":"https:\/\/skinstudio.ee\/lv\/wp-json\/wp\/v2\/product"}],"about":[{"href":"https:\/\/skinstudio.ee\/lv\/wp-json\/wp\/v2\/types\/product"}],"version-history":[{"count":0,"href":"https:\/\/skinstudio.ee\/lv\/wp-json\/wp\/v2\/product\/41583\/revisions"}],"wp:featuredmedia":[{"embeddable":true,"href":"https:\/\/skinstudio.ee\/lv\/wp-json\/wp\/v2\/media\/41574"}],"wp:attachment":[{"href":"https:\/\/skinstudio.ee\/lv\/wp-json\/wp\/v2\/media?parent=41583"}],"wp:term":[{"taxonomy":"pwb-brand","embeddable":true,"href":"https:\/\/skinstudio.ee\/lv\/wp-json\/wp\/v2\/pwb-brand?post=41583"},{"taxonomy":"product_brand","embeddable":true,"href":"https:\/\/skinstudio.ee\/lv\/wp-json\/wp\/v2\/product_brand?post=41583"},{"taxonomy":"product_cat","embeddable":true,"href":"https:\/\/skinstudio.ee\/lv\/wp-json\/wp\/v2\/product_cat?post=41583"},{"taxonomy":"product_tag","embeddable":true,"href":"https:\/\/skinstudio.ee\/lv\/wp-json\/wp\/v2\/product_tag?post=41583"},{"taxonomy":"giftcard-category","embeddable":true,"href":"https:\/\/skinstudio.ee\/lv\/wp-json\/wp\/v2\/giftcard-category?post=41583"}],"curies":[{"name":"wp","href":"https:\/\/api.w.org\/{rel}","templated":true}]}}