{"id":41602,"date":"2025-08-05T09:05:53","date_gmt":"2025-08-05T09:05:53","guid":{"rendered":"https:\/\/skinstudio.ee\/?post_type=product&#038;p=41602"},"modified":"2025-12-30T17:05:11","modified_gmt":"2025-12-30T17:05:11","slug":"aqua-soothing-ampoule-mask","status":"publish","type":"product","link":"https:\/\/skinstudio.ee\/lv\/catalog\/real-barrier\/aqua-soothing-ampoule-mask\/","title":{"rendered":"Aqua Soothing Ampoule Mask"},"content":{"rendered":"<p data-start=\"191\" data-end=\"432\">Nomierino\u0161a ampulu auduma maska <strong data-start=\"223\" data-end=\"266\">Real Barrier Aqua Soothing Ampoule Mask<\/strong> ar \u012bpa\u0161u antiseptisku kompleksu un 5 veidu hialuronsk\u0101b\u0113m. Maska pal\u012bdz \u0101tri nov\u0113rst sausumu un lob\u012b\u0161anos, mazina kairin\u0101jumu un niezi, k\u0101 ar\u012b intens\u012bvi mitrina \u0101du.<\/p>\n<p data-start=\"434\" data-end=\"627\">Auduma maska ir bag\u0101t\u012bgi pies\u016bcin\u0101ta ar ampulas esenci, kas dzi\u013ci ies\u016bcas epiderm\u0101, nov\u0113r\u0161 mitruma zudumu un savilkuma saj\u016btu. T\u0101 atjauno mitruma l\u012bmeni un pal\u012bdz saglab\u0101t \u0101das mitruma balansu.<\/p>\n<p data-start=\"629\" data-end=\"835\">Maskas pamatne ir izgatavota no oglek\u013ca \u0161\u0137iedras, kas pal\u012bdz normaliz\u0113t tauku un \u016bdens l\u012bdzsvaru un stiprina \u0101das aizsargbarjeru. Tai ir augsta absorbcijas sp\u0113ja, kas uzlabo akt\u012bvo sast\u0101vda\u013cu iek\u013c\u016b\u0161anu \u0101d\u0101.<\/p>\n<p data-start=\"837\" data-end=\"941\">Sniedz sp\u0113c\u012bgu nomierino\u0161u efektu, mazina niezi, kairin\u0101jumu un aps\u0101rtumu, veicina iekaisumu dzied\u0113\u0161anu.<\/p>\n<p data-start=\"946\" data-end=\"968\"><strong data-start=\"946\" data-end=\"958\">Tilpums:<\/strong> <strong data-start=\"959\" data-end=\"968\">28 ml<\/strong><\/p>\n","protected":false},"excerpt":{"rendered":"<p data-start=\"1145\" data-end=\"1176\">Nomierino\u0161a ampulu auduma maska<\/p>\n<h2 data-start=\"1178\" data-end=\"1444\"><strong data-start=\"1178\" data-end=\"1230\">Real Barrier Aqua Soothing Ampoule Mask \u012bpa\u0161\u012bbas<\/strong><\/h2>\n<p data-start=\"1178\" data-end=\"1444\">\u2714\ufe0f Intens\u012bvi mitrina un nov\u0113r\u0161 sausumu<br data-start=\"1271\" data-end=\"1274\" \/>\u2714\ufe0f \u0100tri nomierina kairin\u0101jumu un aps\u0101rtumu<br data-start=\"1316\" data-end=\"1319\" \/>\u2714\ufe0f Nomierina jut\u012bgu \u0101du<br data-start=\"1342\" data-end=\"1345\" \/>\u2714\ufe0f Sniedz atsvaidzino\u0161u un v\u0113sino\u0161u efektu<br data-start=\"1387\" data-end=\"1390\" \/>\u2714\ufe0f Saglab\u0101 vesel\u012bgu pH l\u012bmeni un stiprina \u0101das barjeru<\/p>\n","protected":false},"featured_media":41593,"template":"","meta":[],"pwb-brand":[713],"product_brand":[],"product_cat":[745,725,739],"product_tag":[],"giftcard-category":[],"class_list":{"0":"post-41602","1":"product","2":"type-product","3":"status-publish","4":"has-post-thumbnail","6":"pwb-brand-real-barrier","7":"product_cat-jutigai-adai","8":"product_cat-maskas","9":"product_cat-sausai-adai","11":"first","12":"instock","13":"taxable","14":"shipping-taxable","15":"purchasable","16":"product-type-simple"},"acf":[],"brands":[{"id":713,"name":"Real Barrier","slug":"real-barrier"}],"_links":{"self":[{"href":"https:\/\/skinstudio.ee\/lv\/wp-json\/wp\/v2\/product\/41602","targetHints":{"allow":["GET"]}}],"collection":[{"href":"https:\/\/skinstudio.ee\/lv\/wp-json\/wp\/v2\/product"}],"about":[{"href":"https:\/\/skinstudio.ee\/lv\/wp-json\/wp\/v2\/types\/product"}],"version-history":[{"count":0,"href":"https:\/\/skinstudio.ee\/lv\/wp-json\/wp\/v2\/product\/41602\/revisions"}],"wp:featuredmedia":[{"embeddable":true,"href":"https:\/\/skinstudio.ee\/lv\/wp-json\/wp\/v2\/media\/41593"}],"wp:attachment":[{"href":"https:\/\/skinstudio.ee\/lv\/wp-json\/wp\/v2\/media?parent=41602"}],"wp:term":[{"taxonomy":"pwb-brand","embeddable":true,"href":"https:\/\/skinstudio.ee\/lv\/wp-json\/wp\/v2\/pwb-brand?post=41602"},{"taxonomy":"product_brand","embeddable":true,"href":"https:\/\/skinstudio.ee\/lv\/wp-json\/wp\/v2\/product_brand?post=41602"},{"taxonomy":"product_cat","embeddable":true,"href":"https:\/\/skinstudio.ee\/lv\/wp-json\/wp\/v2\/product_cat?post=41602"},{"taxonomy":"product_tag","embeddable":true,"href":"https:\/\/skinstudio.ee\/lv\/wp-json\/wp\/v2\/product_tag?post=41602"},{"taxonomy":"giftcard-category","embeddable":true,"href":"https:\/\/skinstudio.ee\/lv\/wp-json\/wp\/v2\/giftcard-category?post=41602"}],"curies":[{"name":"wp","href":"https:\/\/api.w.org\/{rel}","templated":true}]}}