{"id":41628,"date":"2025-08-05T09:59:28","date_gmt":"2025-08-05T09:59:28","guid":{"rendered":"https:\/\/skinstudio.ee\/?post_type=product&#038;p=41628"},"modified":"2025-12-30T17:05:11","modified_gmt":"2025-12-30T17:05:11","slug":"intense-moisture-hyaluronic-cream","status":"publish","type":"product","link":"https:\/\/skinstudio.ee\/lv\/catalog\/real-barrier\/intense-moisture-hyaluronic-cream\/","title":{"rendered":"Intense Moisture Hyaluronic Cream"},"content":{"rendered":"<p data-start=\"187\" data-end=\"480\"><strong data-start=\"187\" data-end=\"237\">Real Barrier Intense Moisture Hyaluronic Cream<\/strong> ir intens\u012bvi mitrino\u0161s kr\u0113ms ar 5 veidu hialuronsk\u0101b\u0113m, kas izstr\u0101d\u0101ts, lai atjaunotu \u0101das mitruma l\u012bmeni un nodro\u0161in\u0101tu ilgsto\u0161u mitrin\u0101\u0161anu. Lieliski piem\u0113rots sausai, dehidr\u0113tai un jut\u012bgai \u0101dai ar noslieci uz savilkuma saj\u016btu un lob\u012b\u0161anos.<\/p>\n<p data-start=\"482\" data-end=\"690\">Kr\u0113ms stiprina \u0101das aizsargbarjeru, pasarg\u0101 to no nelabv\u0113l\u012bgiem vides faktoriem un nov\u0113r\u0161 mitruma zudumu. T\u0101 viegl\u0101, bet barojo\u0161\u0101 tekst\u016bra \u0101tri uzs\u016bcas, padarot \u0101du gludu, maigu un elast\u012bgu, nep\u0101rslogojot to.<\/p>\n<p data-start=\"692\" data-end=\"841\">Formula nomierina kairin\u0101jumu, nov\u0113r\u0161 sausuma saj\u016btu un uzlabo \u0101das toni, pal\u012bdzot tai saglab\u0101t vesel\u012bgu un komfortablu st\u0101vokli visas dienas garum\u0101.<\/p>\n<p data-start=\"846\" data-end=\"868\"><strong data-start=\"846\" data-end=\"858\">Tilpums:<\/strong> <strong data-start=\"859\" data-end=\"868\">60 ml<\/strong><\/p>\n","protected":false},"excerpt":{"rendered":"<p data-start=\"1072\" data-end=\"1104\">Mitrino\u0161s kr\u0113ms ar hialuronsk\u0101bi<\/p>\n<h2 data-start=\"1106\" data-end=\"1391\"><strong data-start=\"1106\" data-end=\"1165\">Real Barrier Intense Moisture Hyaluronic Cream \u012bpa\u0161\u012bbas<\/strong><\/h2>\n<p data-start=\"1106\" data-end=\"1391\">\u2714\ufe0f Intens\u012bvi un dzi\u013ci mitrina \u0101du<br data-start=\"1201\" data-end=\"1204\" \/>\u2714\ufe0f Stiprina \u0101das aizsargbarjeru un nov\u0113r\u0161 mitruma zudumu<br data-start=\"1260\" data-end=\"1263\" \/>\u2714\ufe0f M\u012bkstina un izl\u012bdzina sausu, jut\u012bgu \u0101du<br data-start=\"1305\" data-end=\"1308\" \/>\u2714\ufe0f Mazina savilkuma saj\u016btu<br data-start=\"1334\" data-end=\"1337\" \/>\u2714\ufe0f Viegl\u0101 tekst\u016bra \u0101tri uzs\u016bcas un neatst\u0101j lip\u012bgumu<\/p>\n","protected":false},"featured_media":66775,"template":"","meta":[],"pwb-brand":[713],"product_brand":[],"product_cat":[745,737,749,739],"product_tag":[],"giftcard-category":[],"class_list":{"0":"post-41628","1":"product","2":"type-product","3":"status-publish","4":"has-post-thumbnail","6":"pwb-brand-real-barrier","7":"product_cat-jutigai-adai","8":"product_cat-mitrinasana","9":"product_cat-novecojosa-ada","10":"product_cat-sausai-adai","12":"first","13":"instock","14":"taxable","15":"shipping-taxable","16":"purchasable","17":"product-type-simple"},"acf":[],"brands":[{"id":713,"name":"Real Barrier","slug":"real-barrier"}],"_links":{"self":[{"href":"https:\/\/skinstudio.ee\/lv\/wp-json\/wp\/v2\/product\/41628","targetHints":{"allow":["GET"]}}],"collection":[{"href":"https:\/\/skinstudio.ee\/lv\/wp-json\/wp\/v2\/product"}],"about":[{"href":"https:\/\/skinstudio.ee\/lv\/wp-json\/wp\/v2\/types\/product"}],"version-history":[{"count":0,"href":"https:\/\/skinstudio.ee\/lv\/wp-json\/wp\/v2\/product\/41628\/revisions"}],"wp:featuredmedia":[{"embeddable":true,"href":"https:\/\/skinstudio.ee\/lv\/wp-json\/wp\/v2\/media\/66775"}],"wp:attachment":[{"href":"https:\/\/skinstudio.ee\/lv\/wp-json\/wp\/v2\/media?parent=41628"}],"wp:term":[{"taxonomy":"pwb-brand","embeddable":true,"href":"https:\/\/skinstudio.ee\/lv\/wp-json\/wp\/v2\/pwb-brand?post=41628"},{"taxonomy":"product_brand","embeddable":true,"href":"https:\/\/skinstudio.ee\/lv\/wp-json\/wp\/v2\/product_brand?post=41628"},{"taxonomy":"product_cat","embeddable":true,"href":"https:\/\/skinstudio.ee\/lv\/wp-json\/wp\/v2\/product_cat?post=41628"},{"taxonomy":"product_tag","embeddable":true,"href":"https:\/\/skinstudio.ee\/lv\/wp-json\/wp\/v2\/product_tag?post=41628"},{"taxonomy":"giftcard-category","embeddable":true,"href":"https:\/\/skinstudio.ee\/lv\/wp-json\/wp\/v2\/giftcard-category?post=41628"}],"curies":[{"name":"wp","href":"https:\/\/api.w.org\/{rel}","templated":true}]}}