{"id":41646,"date":"2025-08-05T10:09:46","date_gmt":"2025-08-05T10:09:46","guid":{"rendered":"https:\/\/skinstudio.ee\/?post_type=product&#038;p=41646"},"modified":"2025-12-30T17:05:11","modified_gmt":"2025-12-30T17:05:11","slug":"intensive-moisture-panthenol-sleeping-pack","status":"publish","type":"product","link":"https:\/\/skinstudio.ee\/lv\/catalog\/real-barrier\/intensive-moisture-panthenol-sleeping-pack\/","title":{"rendered":"Intensive Moisture Panthenol Sleeping Pack"},"content":{"rendered":"<p data-start=\"564\" data-end=\"831\"><strong data-start=\"586\" data-end=\"643\">Real Barrier Intense Moisture Panthenol Sleeping Pack<\/strong> ir kapsulu nakts maska ar 5% pantenolu, kas mitrina, atjauno un m\u012bkstina \u0101du nakts laik\u0101. T\u0101 nov\u0113r\u0161 sausumu un lob\u012b\u0161anos, atjauno mitruma l\u012bmeni un padara \u0101du z\u012bdainu un samtainu no r\u012bta.<\/p>\n<p data-start=\"833\" data-end=\"1029\">Maska samazina \u0101das jut\u012bgumu, c\u012bn\u0101s ar kairin\u0101jumu un aps\u0101rtumu, sniedz ilgsto\u0161u komfortu un mitrin\u0101\u0161anu. Sast\u0101v\u0101 ir pantenola kapsulas, kas izk\u016bst uz \u0101das un dzi\u013ci nog\u0101d\u0101 akt\u012bv\u0101s vielas epiderm\u0101.<\/p>\n<p data-start=\"1031\" data-end=\"1131\">Formul\u0101 ietilpst 3 veidu hialuronsk\u0101bes, ekto\u012bns, keram\u012bdi un centellas, v\u012b\u0123u un kurkumas ekstrakti.<\/p>\n<p data-start=\"1136\" data-end=\"1158\"><strong data-start=\"1136\" data-end=\"1148\">Tilpums:<\/strong> <strong data-start=\"1149\" data-end=\"1158\">70 ml<\/strong><\/p>\n","protected":false},"excerpt":{"rendered":"<p data-start=\"196\" data-end=\"232\">Kapsulu nakts maska ar pantenolu<\/p>\n<h2 data-start=\"237\" data-end=\"557\"><strong data-start=\"237\" data-end=\"305\">Real Barrier Intensive Moisture Panthenol Sleeping Pack \u012bpa\u0161\u012bbas<\/strong><\/h2>\n<p data-start=\"237\" data-end=\"557\">\u2714\ufe0f Atjauno un intens\u012bvi mitrina \u0101du miega laik\u0101<br data-start=\"355\" data-end=\"358\" \/>\u2714\ufe0f Stiprina \u0101das aizsargbarjeru un samazina jut\u012bgumu<br data-start=\"410\" data-end=\"413\" \/>\u2714\ufe0f M\u012bkstina, nomierina un mazina aps\u0101rtumu<br data-start=\"455\" data-end=\"458\" \/>\u2714\ufe0f Nov\u0113r\u0161 mitruma zudumu un dehidrat\u0101ciju<br data-start=\"499\" data-end=\"502\" \/>\u2714\ufe0f Viegla tekst\u016bra, neatst\u0101j taukainu vai lip\u012bgu saj\u016btu<\/p>\n","protected":false},"featured_media":66770,"template":"","meta":[],"pwb-brand":[713],"product_brand":[],"product_cat":[725,749],"product_tag":[],"giftcard-category":[],"class_list":{"0":"post-41646","1":"product","2":"type-product","3":"status-publish","4":"has-post-thumbnail","6":"pwb-brand-real-barrier","7":"product_cat-maskas","8":"product_cat-novecojosa-ada","10":"first","11":"instock","12":"taxable","13":"shipping-taxable","14":"purchasable","15":"product-type-simple"},"acf":[],"brands":[{"id":713,"name":"Real Barrier","slug":"real-barrier"}],"_links":{"self":[{"href":"https:\/\/skinstudio.ee\/lv\/wp-json\/wp\/v2\/product\/41646","targetHints":{"allow":["GET"]}}],"collection":[{"href":"https:\/\/skinstudio.ee\/lv\/wp-json\/wp\/v2\/product"}],"about":[{"href":"https:\/\/skinstudio.ee\/lv\/wp-json\/wp\/v2\/types\/product"}],"version-history":[{"count":0,"href":"https:\/\/skinstudio.ee\/lv\/wp-json\/wp\/v2\/product\/41646\/revisions"}],"wp:featuredmedia":[{"embeddable":true,"href":"https:\/\/skinstudio.ee\/lv\/wp-json\/wp\/v2\/media\/66770"}],"wp:attachment":[{"href":"https:\/\/skinstudio.ee\/lv\/wp-json\/wp\/v2\/media?parent=41646"}],"wp:term":[{"taxonomy":"pwb-brand","embeddable":true,"href":"https:\/\/skinstudio.ee\/lv\/wp-json\/wp\/v2\/pwb-brand?post=41646"},{"taxonomy":"product_brand","embeddable":true,"href":"https:\/\/skinstudio.ee\/lv\/wp-json\/wp\/v2\/product_brand?post=41646"},{"taxonomy":"product_cat","embeddable":true,"href":"https:\/\/skinstudio.ee\/lv\/wp-json\/wp\/v2\/product_cat?post=41646"},{"taxonomy":"product_tag","embeddable":true,"href":"https:\/\/skinstudio.ee\/lv\/wp-json\/wp\/v2\/product_tag?post=41646"},{"taxonomy":"giftcard-category","embeddable":true,"href":"https:\/\/skinstudio.ee\/lv\/wp-json\/wp\/v2\/giftcard-category?post=41646"}],"curies":[{"name":"wp","href":"https:\/\/api.w.org\/{rel}","templated":true}]}}