{"id":41671,"date":"2025-08-05T10:27:33","date_gmt":"2025-08-05T10:27:33","guid":{"rendered":"https:\/\/skinstudio.ee\/?post_type=product&#038;p=41671"},"modified":"2025-12-30T17:05:11","modified_gmt":"2025-12-30T17:05:11","slug":"extreme-essence-toner","status":"publish","type":"product","link":"https:\/\/skinstudio.ee\/lv\/catalog\/real-barrier\/extreme-essence-toner\/","title":{"rendered":"Extreme Essence Toner"},"content":{"rendered":"<p data-start=\"465\" data-end=\"852\"><strong data-start=\"487\" data-end=\"525\">Real Barrier Extreme Essence Toner<\/strong> ir rad\u012bts norm\u0101las, sausas un dehidr\u0113tas \u0101das intens\u012bvai un ilgsto\u0161ai mitrin\u0101\u0161anai. Tas var aizst\u0101t divus kop\u0161anas posmus \u2014 toniku un serumu. Regul\u0101ri lietojot, tas atjauno \u0101das mitruma l\u012bdzsvaru, stiprina epidermas aizsargbarjeru, kas aizsarg\u0101 \u0101du no apk\u0101rt\u0113j\u0101s vides negat\u012bv\u0101s ietekmes, notur mitrumu \u0161\u016bn\u0101s un nomierina \u0101du.<\/p>\n<p data-start=\"854\" data-end=\"919\">Sast\u0101v\u0101 ir 5 da\u017e\u0101das hialuronsk\u0101bes formas ar da\u017e\u0101du molekulmasu:<\/p>\n<ul>\n<li data-start=\"854\" data-end=\"919\">Sodium Hyaluronate Crosspolymer<\/li>\n<li data-start=\"854\" data-end=\"919\">Hydrolyzed Glycosaminoglycans<\/li>\n<li data-start=\"854\" data-end=\"919\">Sodium Hyaluronate<\/li>\n<li data-start=\"854\" data-end=\"919\">Hydrolyzed Hyaluronic Acid<\/li>\n<li data-start=\"854\" data-end=\"919\">Hyaluronic Acid<\/li>\n<\/ul>\n<p data-start=\"1066\" data-end=\"1251\">\u0160is komplekss veido neredzamu aizsargsl\u0101ni, kas nov\u0113r\u0161 mitruma iztvaiko\u0161anu, uzlabo \u0101das tekst\u016bru, veicina epidermas atjauno\u0161anos, samazina s\u012bk\u0101s krunci\u0146as un padara \u0101du gludu un maigu.<\/p>\n<p data-start=\"1256\" data-end=\"1279\"><strong data-start=\"1256\" data-end=\"1268\">Tilpums:<\/strong> <strong data-start=\"1269\" data-end=\"1279\">200 ml<\/strong><\/p>\n","protected":false},"excerpt":{"rendered":"<p data-start=\"176\" data-end=\"223\">Esences toniks intens\u012bvai \u0101das atjauno\u0161anai<\/p>\n<h2 data-start=\"228\" data-end=\"458\"><strong data-start=\"228\" data-end=\"275\">Real Barrier Extreme Essence Toner \u012bpa\u0161\u012bbas<\/strong><\/h2>\n<p data-start=\"228\" data-end=\"458\">\u2714\ufe0f Intens\u012bvi mitrina un baro \u0101du<br data-start=\"310\" data-end=\"313\" \/>\u2714\ufe0f Stiprina \u0101das aizsargbarjeru un samazina jut\u012bgumu<br data-start=\"365\" data-end=\"368\" \/>\u2714\ufe0f M\u012bkstina, mazina sausumu un savilkuma saj\u016btu<br data-start=\"415\" data-end=\"418\" \/>\u2714\ufe0f Nomierina kairin\u0101tu un noguru\u0161u \u0101du<\/p>\n","protected":false},"featured_media":66765,"template":"","meta":[],"pwb-brand":[713],"product_brand":[],"product_cat":[745,737],"product_tag":[],"giftcard-category":[],"class_list":{"0":"post-41671","1":"product","2":"type-product","3":"status-publish","4":"has-post-thumbnail","6":"pwb-brand-real-barrier","7":"product_cat-jutigai-adai","8":"product_cat-mitrinasana","10":"first","11":"instock","12":"taxable","13":"shipping-taxable","14":"purchasable","15":"product-type-simple"},"acf":[],"brands":[{"id":713,"name":"Real Barrier","slug":"real-barrier"}],"_links":{"self":[{"href":"https:\/\/skinstudio.ee\/lv\/wp-json\/wp\/v2\/product\/41671","targetHints":{"allow":["GET"]}}],"collection":[{"href":"https:\/\/skinstudio.ee\/lv\/wp-json\/wp\/v2\/product"}],"about":[{"href":"https:\/\/skinstudio.ee\/lv\/wp-json\/wp\/v2\/types\/product"}],"version-history":[{"count":0,"href":"https:\/\/skinstudio.ee\/lv\/wp-json\/wp\/v2\/product\/41671\/revisions"}],"wp:featuredmedia":[{"embeddable":true,"href":"https:\/\/skinstudio.ee\/lv\/wp-json\/wp\/v2\/media\/66765"}],"wp:attachment":[{"href":"https:\/\/skinstudio.ee\/lv\/wp-json\/wp\/v2\/media?parent=41671"}],"wp:term":[{"taxonomy":"pwb-brand","embeddable":true,"href":"https:\/\/skinstudio.ee\/lv\/wp-json\/wp\/v2\/pwb-brand?post=41671"},{"taxonomy":"product_brand","embeddable":true,"href":"https:\/\/skinstudio.ee\/lv\/wp-json\/wp\/v2\/product_brand?post=41671"},{"taxonomy":"product_cat","embeddable":true,"href":"https:\/\/skinstudio.ee\/lv\/wp-json\/wp\/v2\/product_cat?post=41671"},{"taxonomy":"product_tag","embeddable":true,"href":"https:\/\/skinstudio.ee\/lv\/wp-json\/wp\/v2\/product_tag?post=41671"},{"taxonomy":"giftcard-category","embeddable":true,"href":"https:\/\/skinstudio.ee\/lv\/wp-json\/wp\/v2\/giftcard-category?post=41671"}],"curies":[{"name":"wp","href":"https:\/\/api.w.org\/{rel}","templated":true}]}}