{"id":41689,"date":"2025-08-05T10:34:49","date_gmt":"2025-08-05T10:34:49","guid":{"rendered":"https:\/\/skinstudio.ee\/?post_type=product&#038;p=41689"},"modified":"2025-12-30T17:05:11","modified_gmt":"2025-12-30T17:05:11","slug":"extreme-cream-tube","status":"publish","type":"product","link":"https:\/\/skinstudio.ee\/lv\/catalog\/real-barrier\/extreme-cream-tube\/","title":{"rendered":"Extreme Cream Tube"},"content":{"rendered":"<p data-start=\"552\" data-end=\"775\"><strong data-start=\"574\" data-end=\"604\">Real Barrier Extreme Cream<\/strong> ir izstr\u0101d\u0101ts, lai atjaunotu \u0101das hidro-lip\u012bdu aizsargsl\u0101\u0146a integrit\u0101ti, stiprin\u0101tu aizsargfunkcijas, intens\u012bvi mitrin\u0101tu un barotu, k\u0101 ar\u012b izl\u012bdzin\u0101tu \u0101das mikroreljefu.<\/p>\n<p data-start=\"777\" data-end=\"982\">Ide\u0101li piem\u0113rots kairin\u0101tai, bl\u0101vai un mitruma tr\u016bkuma nov\u0101jin\u0101tai \u0101dai, kurai nepiecie\u0161ama intens\u012bva kop\u0161ana un re\u0123ener\u0101cija. \u012apa\u0161i efekt\u012bvs \u0101das atjauno\u0161anas period\u0101 p\u0113c dzi\u013c\u0101s att\u012br\u012b\u0161anas vai p\u012blingiem.<\/p>\n<p data-start=\"987\" data-end=\"1009\"><strong data-start=\"987\" data-end=\"999\">Tilpums:<\/strong> <strong data-start=\"1000\" data-end=\"1009\">50 ml<\/strong><\/p>\n","protected":false},"excerpt":{"rendered":"<p data-start=\"185\" data-end=\"238\">Intens\u012bvs kr\u0113ms \u0101das aizsardz\u012bbai un atjauno\u0161anai<\/p>\n<h2 data-start=\"243\" data-end=\"545\"><strong data-start=\"243\" data-end=\"287\">Real Barrier Extreme Cream Tube \u012bpa\u0161\u012bbas<\/strong><\/h2>\n<p data-start=\"243\" data-end=\"545\">\u2714\ufe0f Stiprina \u0101das aizsargbarjeru un pasarg\u0101 no apk\u0101rt\u0113j\u0101s vides ietekmes<br data-start=\"361\" data-end=\"364\" \/>\u2714\ufe0f Dzi\u013ci baro un m\u012bkstina sausu, dehidr\u0113tu \u0101du<br data-start=\"410\" data-end=\"413\" \/>\u2714\ufe0f Nomierina kairin\u0101jumu un pal\u012bdz nov\u0113rst iekaisumus<br data-start=\"466\" data-end=\"469\" \/>\u2714\ufe0f Nodro\u0161ina ilgsto\u0161u mitrin\u0101\u0161anu<br data-start=\"502\" data-end=\"505\" \/>\u2714\ufe0f Piem\u0113rots jut\u012bgai un atopiskai \u0101dai<\/p>\n","protected":false},"featured_media":66760,"template":"","meta":[],"pwb-brand":[713],"product_brand":[],"product_cat":[745,737,739],"product_tag":[],"giftcard-category":[],"class_list":{"0":"post-41689","1":"product","2":"type-product","3":"status-publish","4":"has-post-thumbnail","6":"pwb-brand-real-barrier","7":"product_cat-jutiga-ada","8":"product_cat-mitrinasana","9":"product_cat-sausa-ada","11":"first","12":"instock","13":"taxable","14":"shipping-taxable","15":"purchasable","16":"product-type-simple"},"acf":[],"brands":[{"id":713,"name":"Real Barrier","slug":"real-barrier"}],"_links":{"self":[{"href":"https:\/\/skinstudio.ee\/lv\/wp-json\/wp\/v2\/product\/41689","targetHints":{"allow":["GET"]}}],"collection":[{"href":"https:\/\/skinstudio.ee\/lv\/wp-json\/wp\/v2\/product"}],"about":[{"href":"https:\/\/skinstudio.ee\/lv\/wp-json\/wp\/v2\/types\/product"}],"version-history":[{"count":0,"href":"https:\/\/skinstudio.ee\/lv\/wp-json\/wp\/v2\/product\/41689\/revisions"}],"wp:featuredmedia":[{"embeddable":true,"href":"https:\/\/skinstudio.ee\/lv\/wp-json\/wp\/v2\/media\/66760"}],"wp:attachment":[{"href":"https:\/\/skinstudio.ee\/lv\/wp-json\/wp\/v2\/media?parent=41689"}],"wp:term":[{"taxonomy":"pwb-brand","embeddable":true,"href":"https:\/\/skinstudio.ee\/lv\/wp-json\/wp\/v2\/pwb-brand?post=41689"},{"taxonomy":"product_brand","embeddable":true,"href":"https:\/\/skinstudio.ee\/lv\/wp-json\/wp\/v2\/product_brand?post=41689"},{"taxonomy":"product_cat","embeddable":true,"href":"https:\/\/skinstudio.ee\/lv\/wp-json\/wp\/v2\/product_cat?post=41689"},{"taxonomy":"product_tag","embeddable":true,"href":"https:\/\/skinstudio.ee\/lv\/wp-json\/wp\/v2\/product_tag?post=41689"},{"taxonomy":"giftcard-category","embeddable":true,"href":"https:\/\/skinstudio.ee\/lv\/wp-json\/wp\/v2\/giftcard-category?post=41689"}],"curies":[{"name":"wp","href":"https:\/\/api.w.org\/{rel}","templated":true}]}}