{"id":41708,"date":"2025-08-05T10:45:46","date_gmt":"2025-08-05T10:45:46","guid":{"rendered":"https:\/\/skinstudio.ee\/?post_type=product&#038;p=41708"},"modified":"2025-12-30T17:05:11","modified_gmt":"2025-12-30T17:05:11","slug":"extreme-cream-mask","status":"publish","type":"product","link":"https:\/\/skinstudio.ee\/lv\/catalog\/real-barrier\/extreme-cream-mask\/","title":{"rendered":"Extreme Cream Mask"},"content":{"rendered":"<p data-start=\"479\" data-end=\"775\"><strong data-start=\"501\" data-end=\"536\">Real Barrier Extreme Cream Mask<\/strong> ir intens\u012bvi atjaunojo\u0161a auduma maska ar keram\u012bdiem, kas \u012bpa\u0161i paredz\u0113ta sausas, boj\u0101tas un jut\u012bgas \u0101das kop\u0161anai. Maska cie\u0161i piek\u013caujas sejai, nodro\u0161inot ilgsto\u0161u kontaktu un veicinot akt\u012bvo sast\u0101vda\u013cu ies\u016bk\u0161anos dzi\u013c\u0101kajos \u0101das sl\u0101\u0146os.<\/p>\n<p data-start=\"777\" data-end=\"968\">Maskas formula ir bag\u0101tin\u0101ta ar keram\u012bdu kompleksu, kas stiprina \u0101das dabisko aizsargbarjeru, uzlabo t\u0101s notur\u012bbu pret \u0101r\u0113j\u0101s vides kait\u012bgo iedarb\u012bbu un nov\u0113r\u0161 transepiderm\u0101lo mitruma zudumu.<\/p>\n<p data-start=\"970\" data-end=\"1068\">T\u0101 baro, m\u012bkstina \u0101du, pal\u012bdz atjaunot boj\u0101t\u0101s vietas, uzlabo \u0101das tekst\u016bru un visp\u0101r\u0113jo st\u0101vokli.<\/p>\n<p data-start=\"1070\" data-end=\"1287\">Pateicoties nomierino\u0161\u0101m sast\u0101vda\u013c\u0101m, maska efekt\u012bvi mazina niezi, kairin\u0101jumu un aps\u0101rtumu, atgrie\u017eot \u0101dai komforta un maiguma saj\u016btu. Lieliski piem\u0113rota lieto\u0161anai p\u0113c kosm\u0113tiskaj\u0101m proced\u016br\u0101m vai jut\u012bguma periodos.<\/p>\n<p data-start=\"1292\" data-end=\"1316\"><strong data-start=\"1292\" data-end=\"1304\">Tilpums:<\/strong> <strong data-start=\"1305\" data-end=\"1316\">1 maska<\/strong><\/p>\n","protected":false},"excerpt":{"rendered":"<p data-start=\"186\" data-end=\"228\">Atjaunojo\u0161a auduma maska ar keram\u012bdiem<\/p>\n<h2 data-start=\"233\" data-end=\"472\"><strong data-start=\"233\" data-end=\"277\">Real Barrier Extreme Cream Mask \u012bpa\u0161\u012bbas<\/strong><\/h2>\n<p data-start=\"233\" data-end=\"472\">\u2714\ufe0f Stiprina \u0101das aizsargbarjeru<br data-start=\"311\" data-end=\"314\" \/>\u2714\ufe0f Intens\u012bvi baro un mitrina<br data-start=\"342\" data-end=\"345\" \/>\u2714\ufe0f M\u012bkstina un atjauno boj\u0101tu \u0101du<br data-start=\"378\" data-end=\"381\" \/>\u2714\ufe0f Nomierina niezi, kairin\u0101jumu un aps\u0101rtumu<br data-start=\"425\" data-end=\"428\" \/>\u2714\ufe0f Pal\u012bdz c\u012bn\u012bties ar sausumu un lob\u012b\u0161anos<\/p>\n","protected":false},"featured_media":41700,"template":"","meta":[],"pwb-brand":[713],"product_brand":[],"product_cat":[725],"product_tag":[],"giftcard-category":[],"class_list":{"0":"post-41708","1":"product","2":"type-product","3":"status-publish","4":"has-post-thumbnail","6":"pwb-brand-real-barrier","7":"product_cat-maskas","9":"first","10":"instock","11":"taxable","12":"shipping-taxable","13":"purchasable","14":"product-type-simple"},"acf":[],"brands":[{"id":713,"name":"Real Barrier","slug":"real-barrier"}],"_links":{"self":[{"href":"https:\/\/skinstudio.ee\/lv\/wp-json\/wp\/v2\/product\/41708","targetHints":{"allow":["GET"]}}],"collection":[{"href":"https:\/\/skinstudio.ee\/lv\/wp-json\/wp\/v2\/product"}],"about":[{"href":"https:\/\/skinstudio.ee\/lv\/wp-json\/wp\/v2\/types\/product"}],"version-history":[{"count":0,"href":"https:\/\/skinstudio.ee\/lv\/wp-json\/wp\/v2\/product\/41708\/revisions"}],"wp:featuredmedia":[{"embeddable":true,"href":"https:\/\/skinstudio.ee\/lv\/wp-json\/wp\/v2\/media\/41700"}],"wp:attachment":[{"href":"https:\/\/skinstudio.ee\/lv\/wp-json\/wp\/v2\/media?parent=41708"}],"wp:term":[{"taxonomy":"pwb-brand","embeddable":true,"href":"https:\/\/skinstudio.ee\/lv\/wp-json\/wp\/v2\/pwb-brand?post=41708"},{"taxonomy":"product_brand","embeddable":true,"href":"https:\/\/skinstudio.ee\/lv\/wp-json\/wp\/v2\/product_brand?post=41708"},{"taxonomy":"product_cat","embeddable":true,"href":"https:\/\/skinstudio.ee\/lv\/wp-json\/wp\/v2\/product_cat?post=41708"},{"taxonomy":"product_tag","embeddable":true,"href":"https:\/\/skinstudio.ee\/lv\/wp-json\/wp\/v2\/product_tag?post=41708"},{"taxonomy":"giftcard-category","embeddable":true,"href":"https:\/\/skinstudio.ee\/lv\/wp-json\/wp\/v2\/giftcard-category?post=41708"}],"curies":[{"name":"wp","href":"https:\/\/api.w.org\/{rel}","templated":true}]}}