{"id":41730,"date":"2025-08-05T12:06:36","date_gmt":"2025-08-05T12:06:36","guid":{"rendered":"https:\/\/skinstudio.ee\/?post_type=product&#038;p=41730"},"modified":"2025-12-30T17:05:11","modified_gmt":"2025-12-30T17:05:11","slug":"extreme-cream-light","status":"publish","type":"product","link":"https:\/\/skinstudio.ee\/lv\/catalog\/real-barrier\/extreme-cream-light\/","title":{"rendered":"Extreme Cream Light"},"content":{"rendered":"<p data-start=\"514\" data-end=\"794\">Izbaudiet intens\u012bvu mitrin\u0101\u0161anu un \u0101das barjeras aizsardz\u012bbu ar <strong data-start=\"600\" data-end=\"636\">Real Barrier Extreme Cream Light<\/strong>. \u0160\u012b viegl\u0101, nelip\u012bg\u0101 formula satur 7 sl\u0101\u0146u hialuronsk\u0101bju kompleksu, kas dzi\u013ci ies\u016bcas visos \u0101das sl\u0101\u0146os un nodro\u0161ina ilgsto\u0161u komfortu pat \u013coti sausai \u0101dai.<\/p>\n<p data-start=\"796\" data-end=\"1107\">Kombin\u0101cij\u0101 ar patent\u0113to MLE\u00ae tehnolo\u0123iju un sp\u0113c\u012bgo 5-Cera kompleksu kr\u0113ms stiprina dabisko \u0101das aizsargbarjeru, pasarg\u0101 no mitruma zuduma un \u0101r\u0113jiem kairin\u0101t\u0101jiem. Nomierino\u0161as sast\u0101vda\u013cas, piem\u0113ram, madekaso\u012bds un alanto\u012bns, mazina kairin\u0101jumu un aps\u0101rtumu, padarot \u0101du vienm\u0113r\u012bg\u0101ku, vesel\u012bg\u0101ku un atjaunotu.<\/p>\n<p data-start=\"1112\" data-end=\"1134\"><strong data-start=\"1112\" data-end=\"1124\">Tilpums:<\/strong> <strong data-start=\"1125\" data-end=\"1134\">50 ml<\/strong><\/p>\n","protected":false},"excerpt":{"rendered":"<p data-start=\"166\" data-end=\"216\">Vieglas konsistences kr\u0113ms dzi\u013cai mitrin\u0101\u0161anai<\/p>\n<h2 data-start=\"221\" data-end=\"507\"><strong data-start=\"221\" data-end=\"266\">Real Barrier Extreme Cream Light \u012bpa\u0161\u012bbas<\/strong><\/h2>\n<p data-start=\"221\" data-end=\"507\">\u2714\ufe0f Nodro\u0161ina ilgsto\u0161u mitrin\u0101\u0161anu<br data-start=\"302\" data-end=\"305\" \/>\u2714\ufe0f Stiprina \u0101das aizsargbarjeru un nov\u0113r\u0161 mitruma zudumu<br data-start=\"361\" data-end=\"364\" \/>\u2714\ufe0f Nomierina kairin\u0101jumu un samazina aps\u0101rtumu<br data-start=\"410\" data-end=\"413\" \/>\u2714\ufe0f Piem\u0113rots sausai, jut\u012bgai un dehidr\u0113tai \u0101dai<br data-start=\"460\" data-end=\"463\" \/>\u2714\ufe0f Viegla, nelip\u012bga tekst\u016bra, \u0101tri uzs\u016bcas<\/p>\n","protected":false},"featured_media":66754,"template":"","meta":[],"pwb-brand":[713],"product_brand":[],"product_cat":[745,737,739],"product_tag":[],"giftcard-category":[],"class_list":{"0":"post-41730","1":"product","2":"type-product","3":"status-publish","4":"has-post-thumbnail","6":"pwb-brand-real-barrier","7":"product_cat-jutigai-adai","8":"product_cat-mitrinasana","9":"product_cat-sausai-adai","11":"first","12":"instock","13":"taxable","14":"shipping-taxable","15":"purchasable","16":"product-type-simple"},"acf":[],"brands":[{"id":713,"name":"Real Barrier","slug":"real-barrier"}],"_links":{"self":[{"href":"https:\/\/skinstudio.ee\/lv\/wp-json\/wp\/v2\/product\/41730","targetHints":{"allow":["GET"]}}],"collection":[{"href":"https:\/\/skinstudio.ee\/lv\/wp-json\/wp\/v2\/product"}],"about":[{"href":"https:\/\/skinstudio.ee\/lv\/wp-json\/wp\/v2\/types\/product"}],"version-history":[{"count":0,"href":"https:\/\/skinstudio.ee\/lv\/wp-json\/wp\/v2\/product\/41730\/revisions"}],"wp:featuredmedia":[{"embeddable":true,"href":"https:\/\/skinstudio.ee\/lv\/wp-json\/wp\/v2\/media\/66754"}],"wp:attachment":[{"href":"https:\/\/skinstudio.ee\/lv\/wp-json\/wp\/v2\/media?parent=41730"}],"wp:term":[{"taxonomy":"pwb-brand","embeddable":true,"href":"https:\/\/skinstudio.ee\/lv\/wp-json\/wp\/v2\/pwb-brand?post=41730"},{"taxonomy":"product_brand","embeddable":true,"href":"https:\/\/skinstudio.ee\/lv\/wp-json\/wp\/v2\/product_brand?post=41730"},{"taxonomy":"product_cat","embeddable":true,"href":"https:\/\/skinstudio.ee\/lv\/wp-json\/wp\/v2\/product_cat?post=41730"},{"taxonomy":"product_tag","embeddable":true,"href":"https:\/\/skinstudio.ee\/lv\/wp-json\/wp\/v2\/product_tag?post=41730"},{"taxonomy":"giftcard-category","embeddable":true,"href":"https:\/\/skinstudio.ee\/lv\/wp-json\/wp\/v2\/giftcard-category?post=41730"}],"curies":[{"name":"wp","href":"https:\/\/api.w.org\/{rel}","templated":true}]}}