{"id":41745,"date":"2025-08-05T12:18:47","date_gmt":"2025-08-05T12:18:47","guid":{"rendered":"https:\/\/skinstudio.ee\/?post_type=product&#038;p=41745"},"modified":"2025-12-30T17:05:11","modified_gmt":"2025-12-30T17:05:11","slug":"extreme-panthenol-toner-pads","status":"publish","type":"product","link":"https:\/\/skinstudio.ee\/lv\/catalog\/real-barrier\/extreme-panthenol-toner-pads\/","title":{"rendered":"Extreme Panthenol Toner Pads"},"content":{"rendered":"<p data-start=\"517\" data-end=\"784\"><strong data-start=\"539\" data-end=\"584\">Real Barrier Extreme Panthenol Toner Pads<\/strong> moment\u0101ni pal\u012bdz mazin\u0101t niezi un kairin\u0101jumu, samazina aps\u0101rtumu, pazemina \u0101das temperat\u016bru un izl\u012bdzina toni. Diski dzi\u013ci mitrina, atjauno \u0101das mitruma l\u012bmeni, nov\u0113r\u0161 lob\u012b\u0161anos un savilkuma saj\u016btu.<\/p>\n<p data-start=\"786\" data-end=\"1000\">Pamatne izgatavota no 100% kokvilnas \u2014 \u012bpa\u0161i maiga un piem\u0113rota ar\u012b \u013coti jut\u012bgai un atopiskai \u0101dai.<br data-start=\"885\" data-end=\"888\" \/>Sast\u0101v\u0101 ir LHA, PHA, ekto\u012bns, rozmar\u012bna e\u013c\u013ca un baobaba s\u0113klu e\u013c\u013ca, kas maigi noloba un pal\u012bdz \u0101dai atjaunoties.<\/p>\n<p data-start=\"1005\" data-end=\"1030\"><strong data-start=\"1005\" data-end=\"1017\">Tilpums:<\/strong> <strong data-start=\"1018\" data-end=\"1030\">80 diski<\/strong><\/p>\n","protected":false},"excerpt":{"rendered":"<p data-start=\"175\" data-end=\"214\">Mitrino\u0161i tonika diski ar pantenolu<\/p>\n<h2 data-start=\"219\" data-end=\"510\"><strong data-start=\"219\" data-end=\"273\">Real Barrier Extreme Panthenol Toner Pads \u012bpa\u0161\u012bbas<\/strong><\/h2>\n<p data-start=\"219\" data-end=\"510\">\u2714\ufe0f Mitrina un acumirkl\u012b nomierina \u0101du<br data-start=\"313\" data-end=\"316\" \/>\u2714\ufe0f Mazina kairin\u0101jumu un aps\u0101rtumu<br data-start=\"350\" data-end=\"353\" \/>\u2714\ufe0f Stiprina \u0101das aizsargbarjeru un nov\u0113r\u0161 dehidrat\u0101ciju<br data-start=\"408\" data-end=\"411\" \/>\u2714\ufe0f Viegli noloba un sagatavo \u0101du turpm\u0101kai kop\u0161anai<br data-start=\"462\" data-end=\"465\" \/>\u2714\ufe0f \u0112rts form\u0101ts \u0101trai kop\u0161anai un ce\u013co\u0161anai<\/p>\n","protected":false},"featured_media":66749,"template":"","meta":[],"pwb-brand":[713],"product_brand":[],"product_cat":[745,749,721],"product_tag":[],"giftcard-category":[],"class_list":{"0":"post-41745","1":"product","2":"type-product","3":"status-publish","4":"has-post-thumbnail","6":"pwb-brand-real-barrier","7":"product_cat-jutigai-adai","8":"product_cat-novecojosa-ada","9":"product_cat-toniki-lv","11":"first","12":"instock","13":"taxable","14":"shipping-taxable","15":"purchasable","16":"product-type-simple"},"acf":[],"brands":[{"id":713,"name":"Real Barrier","slug":"real-barrier"}],"_links":{"self":[{"href":"https:\/\/skinstudio.ee\/lv\/wp-json\/wp\/v2\/product\/41745","targetHints":{"allow":["GET"]}}],"collection":[{"href":"https:\/\/skinstudio.ee\/lv\/wp-json\/wp\/v2\/product"}],"about":[{"href":"https:\/\/skinstudio.ee\/lv\/wp-json\/wp\/v2\/types\/product"}],"version-history":[{"count":0,"href":"https:\/\/skinstudio.ee\/lv\/wp-json\/wp\/v2\/product\/41745\/revisions"}],"wp:featuredmedia":[{"embeddable":true,"href":"https:\/\/skinstudio.ee\/lv\/wp-json\/wp\/v2\/media\/66749"}],"wp:attachment":[{"href":"https:\/\/skinstudio.ee\/lv\/wp-json\/wp\/v2\/media?parent=41745"}],"wp:term":[{"taxonomy":"pwb-brand","embeddable":true,"href":"https:\/\/skinstudio.ee\/lv\/wp-json\/wp\/v2\/pwb-brand?post=41745"},{"taxonomy":"product_brand","embeddable":true,"href":"https:\/\/skinstudio.ee\/lv\/wp-json\/wp\/v2\/product_brand?post=41745"},{"taxonomy":"product_cat","embeddable":true,"href":"https:\/\/skinstudio.ee\/lv\/wp-json\/wp\/v2\/product_cat?post=41745"},{"taxonomy":"product_tag","embeddable":true,"href":"https:\/\/skinstudio.ee\/lv\/wp-json\/wp\/v2\/product_tag?post=41745"},{"taxonomy":"giftcard-category","embeddable":true,"href":"https:\/\/skinstudio.ee\/lv\/wp-json\/wp\/v2\/giftcard-category?post=41745"}],"curies":[{"name":"wp","href":"https:\/\/api.w.org\/{rel}","templated":true}]}}