{"id":41762,"date":"2025-08-05T12:27:31","date_gmt":"2025-08-05T12:27:31","guid":{"rendered":"https:\/\/skinstudio.ee\/?post_type=product&#038;p=41762"},"modified":"2025-12-30T17:05:11","modified_gmt":"2025-12-30T17:05:11","slug":"extreme-panthenol-essence-mist","status":"publish","type":"product","link":"https:\/\/skinstudio.ee\/lv\/catalog\/real-barrier\/extreme-panthenol-essence-mist\/","title":{"rendered":"Extreme Panthenol Essence Mist"},"content":{"rendered":"<p data-start=\"549\" data-end=\"863\"><strong data-start=\"571\" data-end=\"600\">Real Barrier Essence Mist<\/strong> satur nomierino\u0161u, re\u0123ener\u0113jo\u0161u un aizsarg\u0101jo\u0161u sast\u0101vda\u013cu kompleksu, kas ide\u0101li piem\u0113rots sausai un jut\u012bgai \u0101dai. Migla ar hialuronsk\u0101bi nodro\u0161ina intens\u012bvu 24 stundu mitrin\u0101\u0161anu. T\u0101 atjauno \u0101das dabisko aizsargbarjeru un sagatavo to n\u0101kamajiem kop\u0161anas so\u013ciem.<\/p>\n<p data-start=\"865\" data-end=\"1077\">Produkts satur MLE (Multi-Layer Emulsion) \u2014 daudzsl\u0101\u0146u emulsijas tehnolo\u0123iju, kas imit\u0113 \u0101das starp\u0161\u016bnu lip\u012bdu strukt\u016bru. \u0160\u012b unik\u0101l\u0101 tekst\u016bra nodro\u0161ina izcilu sader\u012bbu ar \u0101du un uzlabo akt\u012bvo sast\u0101vda\u013cu iedarb\u012bbu.<\/p>\n<p data-start=\"1079\" data-end=\"1307\">MLE sast\u0101v\u0101 ir pseido-keram\u012bdi, tauksk\u0101bes, holester\u012bns un dabiski mitrino\u0161i faktori, kas pal\u012bdz kompens\u0113t \u0101das tr\u016bksto\u0161\u0101s vielas un stiprina t\u0101s strukt\u016bru.<br data-start=\"1235\" data-end=\"1238\" \/>Piem\u0113rots visiem \u0101das tipiem, tostarp jut\u012bgai un problem\u0101tiskai \u0101dai.<\/p>\n<p data-start=\"1312\" data-end=\"1335\"><strong data-start=\"1312\" data-end=\"1324\">Tilpums:<\/strong> <strong data-start=\"1325\" data-end=\"1335\">100 ml<\/strong><\/p>\n","protected":false},"excerpt":{"rendered":"<p data-start=\"184\" data-end=\"224\">Nomierino\u0161s sejas mists ar pantenolu<\/p>\n<h2 data-start=\"229\" data-end=\"542\"><strong data-start=\"229\" data-end=\"285\">Real Barrier Extreme Panthenol Essence Mist \u012bpa\u0161\u012bbas<\/strong><\/h2>\n<p data-start=\"229\" data-end=\"542\">\u2714\ufe0f Mitrina un acumirkl\u012b nov\u0113r\u0161 sausumu un savilkuma saj\u016btu<br data-start=\"346\" data-end=\"349\" \/>\u2714\ufe0f Nomierina kairin\u0101tu un jut\u012bgu \u0101du<br data-start=\"385\" data-end=\"388\" \/>\u2714\ufe0f Stiprina \u0101das aizsargbarjeru un nov\u0113r\u0161 dehidrat\u0101ciju<br data-start=\"443\" data-end=\"446\" \/>\u2714\ufe0f Atsvaidzina un atjauno \u0101das l\u012bdzsvaru<br data-start=\"486\" data-end=\"489\" \/>\u2714\ufe0f Piem\u0113rots lieto\u0161anai virs dekorat\u012bv\u0101s kosm\u0113tikas<\/p>\n","protected":false},"featured_media":66744,"template":"","meta":[],"pwb-brand":[713],"product_brand":[],"product_cat":[745,737,721],"product_tag":[],"giftcard-category":[],"class_list":{"0":"post-41762","1":"product","2":"type-product","3":"status-publish","4":"has-post-thumbnail","6":"pwb-brand-real-barrier","7":"product_cat-jutigai-adai","8":"product_cat-mitrinasana","9":"product_cat-toniki-lv","11":"first","12":"instock","13":"taxable","14":"shipping-taxable","15":"purchasable","16":"product-type-simple"},"acf":[],"brands":[{"id":713,"name":"Real Barrier","slug":"real-barrier"}],"_links":{"self":[{"href":"https:\/\/skinstudio.ee\/lv\/wp-json\/wp\/v2\/product\/41762","targetHints":{"allow":["GET"]}}],"collection":[{"href":"https:\/\/skinstudio.ee\/lv\/wp-json\/wp\/v2\/product"}],"about":[{"href":"https:\/\/skinstudio.ee\/lv\/wp-json\/wp\/v2\/types\/product"}],"version-history":[{"count":0,"href":"https:\/\/skinstudio.ee\/lv\/wp-json\/wp\/v2\/product\/41762\/revisions"}],"wp:featuredmedia":[{"embeddable":true,"href":"https:\/\/skinstudio.ee\/lv\/wp-json\/wp\/v2\/media\/66744"}],"wp:attachment":[{"href":"https:\/\/skinstudio.ee\/lv\/wp-json\/wp\/v2\/media?parent=41762"}],"wp:term":[{"taxonomy":"pwb-brand","embeddable":true,"href":"https:\/\/skinstudio.ee\/lv\/wp-json\/wp\/v2\/pwb-brand?post=41762"},{"taxonomy":"product_brand","embeddable":true,"href":"https:\/\/skinstudio.ee\/lv\/wp-json\/wp\/v2\/product_brand?post=41762"},{"taxonomy":"product_cat","embeddable":true,"href":"https:\/\/skinstudio.ee\/lv\/wp-json\/wp\/v2\/product_cat?post=41762"},{"taxonomy":"product_tag","embeddable":true,"href":"https:\/\/skinstudio.ee\/lv\/wp-json\/wp\/v2\/product_tag?post=41762"},{"taxonomy":"giftcard-category","embeddable":true,"href":"https:\/\/skinstudio.ee\/lv\/wp-json\/wp\/v2\/giftcard-category?post=41762"}],"curies":[{"name":"wp","href":"https:\/\/api.w.org\/{rel}","templated":true}]}}