{"id":41778,"date":"2025-08-05T12:40:02","date_gmt":"2025-08-05T12:40:02","guid":{"rendered":"https:\/\/skinstudio.ee\/?post_type=product&#038;p=41778"},"modified":"2025-12-30T17:05:11","modified_gmt":"2025-12-30T17:05:11","slug":"extreme-deep-cleansing-blue-oil","status":"publish","type":"product","link":"https:\/\/skinstudio.ee\/lv\/catalog\/real-barrier\/extreme-deep-cleansing-blue-oil\/","title":{"rendered":"Extreme Deep Cleansing Blue Oil"},"content":{"rendered":"<p data-start=\"563\" data-end=\"776\">Maiga un atsvaidzino\u0161a <strong data-start=\"608\" data-end=\"656\">Real Barrier Extreme Deep Cleansing Blue Oil<\/strong> att\u012bra \u0101du bez tipisk\u0101s e\u013c\u013cas taukain\u012bbas. T\u0101 stiprina nov\u0101jin\u0101tu \u0101das barjeru, nodro\u0161inot maigu, bet efekt\u012bvu kop\u0161anu.<\/p>\n<p data-start=\"778\" data-end=\"1002\">E\u013c\u013cai ir strukt\u016bra, kas l\u012bdzin\u0101s dab\u012bgajam \u0101das sebumam, t\u0101p\u0113c t\u0101 efekt\u012bvi att\u012bra poras no net\u012brumiem un dekorat\u012bv\u0101s kosm\u0113tikas. Inovat\u012bv\u0101 formula viegli noskalojas bez atlikuma, \u013caujot \u0101dai elpot un saglab\u0101t svaigu izskatu.<\/p>\n<p data-start=\"1007\" data-end=\"1030\"><strong data-start=\"1007\" data-end=\"1019\">Tilpums:<\/strong> <strong data-start=\"1020\" data-end=\"1030\">200 ml<\/strong><\/p>\n","protected":false},"excerpt":{"rendered":"<p data-start=\"179\" data-end=\"227\">Dzi\u013ci att\u012bro\u0161a pantenolu saturo\u0161a e\u013c\u013ca sejai<\/p>\n<h2 data-start=\"232\" data-end=\"556\"><strong data-start=\"232\" data-end=\"289\">Real Barrier Extreme Deep Cleansing Blue Oil \u012bpa\u0161\u012bbas<\/strong><\/h2>\n<p data-start=\"232\" data-end=\"556\">\u2714\ufe0f Efekt\u012bvi iz\u0161\u0137\u012bdina kosm\u0113tiku, sebuma p\u0101rpalikumus un net\u012brumus<br data-start=\"357\" data-end=\"360\" \/>\u2714\ufe0f Nomierina \u0101du un pal\u012bdz nov\u0113rst kairin\u0101jumu<br data-start=\"406\" data-end=\"409\" \/>\u2714\ufe0f Stiprina \u0101das aizsargbarjeru un nov\u0113r\u0161 sausumu<br data-start=\"458\" data-end=\"461\" \/>\u2714\ufe0f Piem\u0113rota jut\u012bgai un dehidr\u0113tai \u0101dai<br data-start=\"500\" data-end=\"503\" \/>\u2714\ufe0f Viegla tekst\u016bra bez taukainas saj\u016btas vai pl\u0113ves<\/p>\n","protected":false},"featured_media":66739,"template":"","meta":[],"pwb-brand":[713],"product_brand":[],"product_cat":[715,745],"product_tag":[],"giftcard-category":[],"class_list":{"0":"post-41778","1":"product","2":"type-product","3":"status-publish","4":"has-post-thumbnail","6":"pwb-brand-real-barrier","7":"product_cat-attirisana","8":"product_cat-jutigai-adai","10":"first","11":"instock","12":"taxable","13":"shipping-taxable","14":"purchasable","15":"product-type-simple"},"acf":[],"brands":[{"id":713,"name":"Real Barrier","slug":"real-barrier"}],"_links":{"self":[{"href":"https:\/\/skinstudio.ee\/lv\/wp-json\/wp\/v2\/product\/41778","targetHints":{"allow":["GET"]}}],"collection":[{"href":"https:\/\/skinstudio.ee\/lv\/wp-json\/wp\/v2\/product"}],"about":[{"href":"https:\/\/skinstudio.ee\/lv\/wp-json\/wp\/v2\/types\/product"}],"version-history":[{"count":0,"href":"https:\/\/skinstudio.ee\/lv\/wp-json\/wp\/v2\/product\/41778\/revisions"}],"wp:featuredmedia":[{"embeddable":true,"href":"https:\/\/skinstudio.ee\/lv\/wp-json\/wp\/v2\/media\/66739"}],"wp:attachment":[{"href":"https:\/\/skinstudio.ee\/lv\/wp-json\/wp\/v2\/media?parent=41778"}],"wp:term":[{"taxonomy":"pwb-brand","embeddable":true,"href":"https:\/\/skinstudio.ee\/lv\/wp-json\/wp\/v2\/pwb-brand?post=41778"},{"taxonomy":"product_brand","embeddable":true,"href":"https:\/\/skinstudio.ee\/lv\/wp-json\/wp\/v2\/product_brand?post=41778"},{"taxonomy":"product_cat","embeddable":true,"href":"https:\/\/skinstudio.ee\/lv\/wp-json\/wp\/v2\/product_cat?post=41778"},{"taxonomy":"product_tag","embeddable":true,"href":"https:\/\/skinstudio.ee\/lv\/wp-json\/wp\/v2\/product_tag?post=41778"},{"taxonomy":"giftcard-category","embeddable":true,"href":"https:\/\/skinstudio.ee\/lv\/wp-json\/wp\/v2\/giftcard-category?post=41778"}],"curies":[{"name":"wp","href":"https:\/\/api.w.org\/{rel}","templated":true}]}}