{"id":41794,"date":"2025-08-05T13:35:45","date_gmt":"2025-08-05T13:35:45","guid":{"rendered":"https:\/\/skinstudio.ee\/?post_type=product&#038;p=41794"},"modified":"2025-12-30T17:05:12","modified_gmt":"2025-12-30T17:05:12","slug":"cicarelief-rx-fade-in-serum","status":"publish","type":"product","link":"https:\/\/skinstudio.ee\/lv\/catalog\/real-barrier\/cicarelief-rx-fade-in-serum\/","title":{"rendered":"Cicarelief Rx Fade In Serum"},"content":{"rendered":"<p data-start=\"455\" data-end=\"544\">Serums kairin\u0101tai \u0101dai, kurai steidzami nepiecie\u0161ama SOS pal\u012bdz\u012bba!<\/p>\n<p data-start=\"546\" data-end=\"825\"><strong data-start=\"546\" data-end=\"577\">Cicarelief Rx Fade In Serum<\/strong> ar centellas ekstraktu nekav\u0113joties ies\u016bcas, nomierina iekaisumu un aps\u0101rtumu, atjauno komforta saj\u016btu un dzi\u013cu mitrin\u0101jumu.<br data-start=\"702\" data-end=\"705\" \/>Produkts pal\u012bdz mazin\u0101t kairin\u0101jumu, izgaismo aknes r\u0113tas un boj\u0101jumu izrais\u012btus plankumus, atjaunojot vesel\u012bgu izskatu.<\/p>\n<p data-start=\"827\" data-end=\"1054\">Roz\u0101 serums no Real Barrier \u0101tri ies\u016bcas, neatst\u0101jot lip\u012bgumu, un padara \u0101du z\u012bdaini maigu.<br data-start=\"918\" data-end=\"921\" \/>Papildus tam serums izl\u012bdzina \u0101das nel\u012bdzenumus, ko izraisa iekaisumi. Tas ir saudz\u012bgs un ar pH, kas ir tuvs dabiskajam \u0101das l\u012bmenim.<\/p>\n<p data-start=\"1059\" data-end=\"1081\"><strong data-start=\"1059\" data-end=\"1071\">Tilpums:<\/strong> <strong data-start=\"1072\" data-end=\"1081\">50 ml<\/strong><\/p>\n","protected":false},"excerpt":{"rendered":"<p data-start=\"124\" data-end=\"169\">Atjaunojo\u0161s serums ar centellas ekstraktu<\/p>\n<h2 data-start=\"174\" data-end=\"448\"><strong data-start=\"174\" data-end=\"227\">Real Barrier Cicarelief Rx Fade In Serum \u012bpa\u0161\u012bbas<\/strong><\/h2>\n<p data-start=\"174\" data-end=\"448\">\u2714\ufe0f Nomierina iekaisumu un samazina aps\u0101rtumu<br data-start=\"274\" data-end=\"277\" \/>\u2714\ufe0f Samazina p\u0113caknes r\u0113tas un pigment\u0101ciju<br data-start=\"319\" data-end=\"322\" \/>\u2714\ufe0f Padara \u0101du maig\u0101ku un izl\u012bdzina t\u0101s tekst\u016bru<br data-start=\"369\" data-end=\"372\" \/>\u2714\ufe0f \u0100tri ies\u016bcas, neatst\u0101jot lip\u012bgumu<br data-start=\"408\" data-end=\"411\" \/>\u2714\ufe0f Uztur vesel\u012bgu \u0101das pH l\u012bdzsvaru<\/p>\n","protected":false},"featured_media":41786,"template":"","meta":[],"pwb-brand":[713],"product_brand":[],"product_cat":[745,751,723],"product_tag":[],"giftcard-category":[],"class_list":{"0":"post-41794","1":"product","2":"type-product","3":"status-publish","4":"has-post-thumbnail","6":"pwb-brand-real-barrier","7":"product_cat-jutigai-adai","8":"product_cat-pigmentacija-lv","9":"product_cat-serumi","11":"first","12":"instock","13":"taxable","14":"shipping-taxable","15":"purchasable","16":"product-type-simple"},"acf":[],"brands":[{"id":713,"name":"Real Barrier","slug":"real-barrier"}],"_links":{"self":[{"href":"https:\/\/skinstudio.ee\/lv\/wp-json\/wp\/v2\/product\/41794","targetHints":{"allow":["GET"]}}],"collection":[{"href":"https:\/\/skinstudio.ee\/lv\/wp-json\/wp\/v2\/product"}],"about":[{"href":"https:\/\/skinstudio.ee\/lv\/wp-json\/wp\/v2\/types\/product"}],"version-history":[{"count":0,"href":"https:\/\/skinstudio.ee\/lv\/wp-json\/wp\/v2\/product\/41794\/revisions"}],"wp:featuredmedia":[{"embeddable":true,"href":"https:\/\/skinstudio.ee\/lv\/wp-json\/wp\/v2\/media\/41786"}],"wp:attachment":[{"href":"https:\/\/skinstudio.ee\/lv\/wp-json\/wp\/v2\/media?parent=41794"}],"wp:term":[{"taxonomy":"pwb-brand","embeddable":true,"href":"https:\/\/skinstudio.ee\/lv\/wp-json\/wp\/v2\/pwb-brand?post=41794"},{"taxonomy":"product_brand","embeddable":true,"href":"https:\/\/skinstudio.ee\/lv\/wp-json\/wp\/v2\/product_brand?post=41794"},{"taxonomy":"product_cat","embeddable":true,"href":"https:\/\/skinstudio.ee\/lv\/wp-json\/wp\/v2\/product_cat?post=41794"},{"taxonomy":"product_tag","embeddable":true,"href":"https:\/\/skinstudio.ee\/lv\/wp-json\/wp\/v2\/product_tag?post=41794"},{"taxonomy":"giftcard-category","embeddable":true,"href":"https:\/\/skinstudio.ee\/lv\/wp-json\/wp\/v2\/giftcard-category?post=41794"}],"curies":[{"name":"wp","href":"https:\/\/api.w.org\/{rel}","templated":true}]}}