{"id":41842,"date":"2025-08-05T14:19:33","date_gmt":"2025-08-05T14:19:33","guid":{"rendered":"https:\/\/skinstudio.ee\/?post_type=product&#038;p=41842"},"modified":"2025-12-30T17:05:12","modified_gmt":"2025-12-30T17:05:12","slug":"porebium-cleansing-foam","status":"publish","type":"product","link":"https:\/\/skinstudio.ee\/lv\/catalog\/real-barrier\/porebium-cleansing-foam\/","title":{"rendered":"Porebium Cleansing Foam"},"content":{"rendered":"<p data-start=\"155\" data-end=\"696\">Maigi putojo\u0161s enz\u012bmu att\u012bro\u0161ais l\u012bdzeklis ar sk\u0101b\u0113m no Real Barrier ir lieliski piem\u0113rots jut\u012bgai \u0101dai, \u012bpa\u0161i gad\u012bjumos, kad pat maig\u0101kie enz\u012bmu pulveri izraisa kairin\u0101jumu. T\u0101pat tas ir piem\u0113rots ikdienas lieto\u0161anai ar\u012b norm\u0101lai un taukainai \u0101dai, kombin\u0113jot ar enz\u012bmu pulveri 2\u20133 reizes ned\u0113\u013c\u0101. Galven\u0101 sast\u0101vda\u013ca ir patent\u0113ts komplekss <strong data-start=\"495\" data-end=\"509\">4Acidezyme<\/strong>, kas satur enz\u012bmus un 4 veidu sk\u0101bes (AHA, BHA, PHA, LHA). Tas stimul\u0113 \u0101das atjauno\u0161anos, dzi\u013ci noloba atmiru\u0161\u0101s \u0161\u016bnas, m\u012bkstina raupjas vietas, dzied\u0113 iekaisumus un izl\u012bdzina \u0101das toni.<\/p>\n<p data-start=\"701\" data-end=\"724\"><strong data-start=\"701\" data-end=\"713\">Tilpums:<\/strong> <strong data-start=\"714\" data-end=\"724\">150 ml<\/strong><\/p>\n","protected":false},"excerpt":{"rendered":"<p data-start=\"885\" data-end=\"937\">Maigas tekst\u016bras att\u012bro\u0161\u0101s putas poru sa\u0161aurin\u0101\u0161anai<\/p>\n<h2 data-start=\"939\" data-end=\"1208\"><strong data-start=\"939\" data-end=\"988\">\u012apa\u0161\u012bbas Real Barrier Porebium Cleansing Foam<\/strong><\/h2>\n<p data-start=\"939\" data-end=\"1208\">\u2714\ufe0f Att\u012bra \u0101du un poras no net\u012brumiem<br data-start=\"1027\" data-end=\"1030\" \/>\u2714\ufe0f Samazina poru redzam\u012bbu un izl\u012bdzina \u0101das tekst\u016bru<br data-start=\"1083\" data-end=\"1086\" \/>\u2714\ufe0f Regul\u0113 lieko sebuma izdal\u012b\u0161anos<br data-start=\"1120\" data-end=\"1123\" \/>\u2714\ufe0f Atsvaidzina \u0101du, nesausinot to<br data-start=\"1156\" data-end=\"1159\" \/>\u2714\ufe0f Maiga putojo\u0161a tekst\u016bra komfortablai t\u012br\u012b\u0161ana<\/p>\n","protected":false},"featured_media":66734,"template":"","meta":[],"pwb-brand":[713],"product_brand":[],"product_cat":[715,745,743],"product_tag":[],"giftcard-category":[],"class_list":{"0":"post-41842","1":"product","2":"type-product","3":"status-publish","4":"has-post-thumbnail","6":"pwb-brand-real-barrier","7":"product_cat-attirisana","8":"product_cat-jutigai-adai","9":"product_cat-paplasinatas-poras","11":"first","12":"instock","13":"taxable","14":"shipping-taxable","15":"purchasable","16":"product-type-simple"},"acf":[],"brands":[{"id":713,"name":"Real Barrier","slug":"real-barrier"}],"_links":{"self":[{"href":"https:\/\/skinstudio.ee\/lv\/wp-json\/wp\/v2\/product\/41842","targetHints":{"allow":["GET"]}}],"collection":[{"href":"https:\/\/skinstudio.ee\/lv\/wp-json\/wp\/v2\/product"}],"about":[{"href":"https:\/\/skinstudio.ee\/lv\/wp-json\/wp\/v2\/types\/product"}],"version-history":[{"count":0,"href":"https:\/\/skinstudio.ee\/lv\/wp-json\/wp\/v2\/product\/41842\/revisions"}],"wp:featuredmedia":[{"embeddable":true,"href":"https:\/\/skinstudio.ee\/lv\/wp-json\/wp\/v2\/media\/66734"}],"wp:attachment":[{"href":"https:\/\/skinstudio.ee\/lv\/wp-json\/wp\/v2\/media?parent=41842"}],"wp:term":[{"taxonomy":"pwb-brand","embeddable":true,"href":"https:\/\/skinstudio.ee\/lv\/wp-json\/wp\/v2\/pwb-brand?post=41842"},{"taxonomy":"product_brand","embeddable":true,"href":"https:\/\/skinstudio.ee\/lv\/wp-json\/wp\/v2\/product_brand?post=41842"},{"taxonomy":"product_cat","embeddable":true,"href":"https:\/\/skinstudio.ee\/lv\/wp-json\/wp\/v2\/product_cat?post=41842"},{"taxonomy":"product_tag","embeddable":true,"href":"https:\/\/skinstudio.ee\/lv\/wp-json\/wp\/v2\/product_tag?post=41842"},{"taxonomy":"giftcard-category","embeddable":true,"href":"https:\/\/skinstudio.ee\/lv\/wp-json\/wp\/v2\/giftcard-category?post=41842"}],"curies":[{"name":"wp","href":"https:\/\/api.w.org\/{rel}","templated":true}]}}