{"id":41860,"date":"2025-08-05T14:35:10","date_gmt":"2025-08-05T14:35:10","guid":{"rendered":"https:\/\/skinstudio.ee\/?post_type=product&#038;p=41860"},"modified":"2025-12-30T17:05:12","modified_gmt":"2025-12-30T17:05:12","slug":"porebium-powder-wash","status":"publish","type":"product","link":"https:\/\/skinstudio.ee\/lv\/catalog\/real-barrier\/porebium-powder-wash\/","title":{"rendered":"Porebium Powder Wash"},"content":{"rendered":"<p data-start=\"121\" data-end=\"438\">Real Barrier Porebium Powder Wash efekt\u012bvi att\u012bra poras, likvid\u0113jot net\u012brumus, lieko sebumu un atmiru\u0161\u0101s \u0101das \u0161\u016bnas. Jau p\u0113c vienas lieto\u0161anas reizes tiek sasniegts l\u012bdz pat 98% poru att\u012br\u012b\u0161anas rezult\u0101ts. L\u012bdzeklis saudz\u012bgi noloba \u0101du, nekairinot to, stiprina \u0101das aizsargbarjeru, mitrina un pal\u012bdz sa\u0161aurin\u0101t poras.<\/p>\n<p data-start=\"440\" data-end=\"707\">P\u0113c 28 dienu regul\u0101ras lieto\u0161anas tiek iev\u0113rojami uzlabots \u0101das tonis un tekst\u016bra. Pulveris viegli saputojas saskar\u0113 ar \u016bdeni, veidojot biezu un maigu putas. Nesatur sulf\u0101tus, smar\u017evielas vai kr\u0101svielas. Piem\u0113rots ar\u012b jut\u012bgai \u0101dai. Produkts ir dermatolo\u0123iski test\u0113ts.<\/p>\n<p data-start=\"709\" data-end=\"726\"><strong data-start=\"709\" data-end=\"721\">Tilpums:<\/strong> 50 g<\/p>\n","protected":false},"excerpt":{"rendered":"<p data-start=\"995\" data-end=\"1038\">P\u016bderveida dzi\u013c\u0101s att\u012br\u012b\u0161anas l\u012bdzeklis<\/p>\n<h2 data-start=\"1040\" data-end=\"1321\"><strong data-start=\"1040\" data-end=\"1086\">Real Barrier Porebium Powder Wash \u012bpa\u0161\u012bbas<\/strong><\/h2>\n<p data-start=\"1040\" data-end=\"1321\">\u2714\ufe0f Efekt\u012bvi att\u012bra poras un likvid\u0113 net\u012brumus<br data-start=\"1134\" data-end=\"1137\" \/>\u2714\ufe0f Noloba atmiru\u0161\u0101s \u0101das \u0161\u016bnas un lieko sebumu<br data-start=\"1183\" data-end=\"1186\" \/>\u2714\ufe0f Samazina poru redzam\u012bbu un izl\u012bdzina \u0101das reljefu<br data-start=\"1238\" data-end=\"1241\" \/>\u2714\ufe0f Nostiprina \u0101das barjeru un mitrina<br data-start=\"1278\" data-end=\"1281\" \/>\u2714\ufe0f Nekairina \u0101du, piem\u0113rots jut\u012bgai \u0101dai<\/p>\n","protected":false},"featured_media":66729,"template":"","meta":[],"pwb-brand":[713],"product_brand":[],"product_cat":[715,745,743],"product_tag":[],"giftcard-category":[],"class_list":{"0":"post-41860","1":"product","2":"type-product","3":"status-publish","4":"has-post-thumbnail","6":"pwb-brand-real-barrier","7":"product_cat-attirisana","8":"product_cat-jutigai-adai","9":"product_cat-paplasinatas-poras","11":"first","12":"instock","13":"taxable","14":"shipping-taxable","15":"purchasable","16":"product-type-simple"},"acf":[],"brands":[{"id":713,"name":"Real Barrier","slug":"real-barrier"}],"_links":{"self":[{"href":"https:\/\/skinstudio.ee\/lv\/wp-json\/wp\/v2\/product\/41860","targetHints":{"allow":["GET"]}}],"collection":[{"href":"https:\/\/skinstudio.ee\/lv\/wp-json\/wp\/v2\/product"}],"about":[{"href":"https:\/\/skinstudio.ee\/lv\/wp-json\/wp\/v2\/types\/product"}],"version-history":[{"count":0,"href":"https:\/\/skinstudio.ee\/lv\/wp-json\/wp\/v2\/product\/41860\/revisions"}],"wp:featuredmedia":[{"embeddable":true,"href":"https:\/\/skinstudio.ee\/lv\/wp-json\/wp\/v2\/media\/66729"}],"wp:attachment":[{"href":"https:\/\/skinstudio.ee\/lv\/wp-json\/wp\/v2\/media?parent=41860"}],"wp:term":[{"taxonomy":"pwb-brand","embeddable":true,"href":"https:\/\/skinstudio.ee\/lv\/wp-json\/wp\/v2\/pwb-brand?post=41860"},{"taxonomy":"product_brand","embeddable":true,"href":"https:\/\/skinstudio.ee\/lv\/wp-json\/wp\/v2\/product_brand?post=41860"},{"taxonomy":"product_cat","embeddable":true,"href":"https:\/\/skinstudio.ee\/lv\/wp-json\/wp\/v2\/product_cat?post=41860"},{"taxonomy":"product_tag","embeddable":true,"href":"https:\/\/skinstudio.ee\/lv\/wp-json\/wp\/v2\/product_tag?post=41860"},{"taxonomy":"giftcard-category","embeddable":true,"href":"https:\/\/skinstudio.ee\/lv\/wp-json\/wp\/v2\/giftcard-category?post=41860"}],"curies":[{"name":"wp","href":"https:\/\/api.w.org\/{rel}","templated":true}]}}