{"id":41876,"date":"2025-08-05T14:45:38","date_gmt":"2025-08-05T14:45:38","guid":{"rendered":"https:\/\/skinstudio.ee\/?post_type=product&#038;p=41876"},"modified":"2025-12-30T17:05:12","modified_gmt":"2025-12-30T17:05:12","slug":"porebium-peeling-toner","status":"publish","type":"product","link":"https:\/\/skinstudio.ee\/lv\/catalog\/real-barrier\/porebium-peeling-toner\/","title":{"rendered":"Porebium Peeling Toner"},"content":{"rendered":"<p data-start=\"161\" data-end=\"595\">Izbaudi poras sa\u0161aurino\u0161u kop\u0161anu ar <strong data-start=\"198\" data-end=\"237\">Real Barrier Porebium Peeling Toner<\/strong> \u2014 enz\u012bmu p\u012blinga toniku, kas stiprina c\u012b\u0146u pret melnajiem punktiem. \u0160\u012b efekt\u012bv\u0101 formula saudz\u012bgi no\u0146em net\u012brumus, kosm\u0113tikas paliekas, atmiru\u0161\u0101s \u0101das \u0161\u016bnas un lieku sebumu, vienlaikus pal\u012bdzot normaliz\u0113t tauku dziedzeru darb\u012bbu. Produkta sast\u0101v\u0101 ir \u010detras sk\u0101bes, enz\u012bmi, n\u012bmas ekstrakts, vilk\u0101bele un madekasosi\u0101ds, kas nomierina un atjauno \u0101das strukt\u016bru.<\/p>\n<p data-start=\"597\" data-end=\"616\"><strong data-start=\"597\" data-end=\"609\">Tilpums:<\/strong> 305 ml<\/p>\n","protected":false},"excerpt":{"rendered":"<p data-start=\"756\" data-end=\"783\">Enz\u012bmis, atjaunojo\u0161s toniks<\/p>\n<h2 data-start=\"785\" data-end=\"1053\"><strong data-start=\"785\" data-end=\"833\">Real Barrier Porebium Peeling Toner \u012bpa\u0161\u012bbas<\/strong><\/h2>\n<p data-start=\"785\" data-end=\"1053\">\u2714\ufe0f Dzi\u013ci att\u012bra poras un no\u0146em net\u012brumus<br data-start=\"876\" data-end=\"879\" \/>\u2714\ufe0f Saudz\u012bgi noloba atmiru\u0161\u0101s \u0161\u016bnas un lieku sebumu<br data-start=\"929\" data-end=\"932\" \/>\u2714\ufe0f Samazina melno punktu veido\u0161anos un izl\u012bdzina \u0101das toni<br data-start=\"990\" data-end=\"993\" \/>\u2714\ufe0f Normaliz\u0113 sebuma izdal\u012b\u0161anos<br data-start=\"1024\" data-end=\"1027\" \/>\u2714\ufe0f Nomierina un baro \u0101du<\/p>\n","protected":false},"featured_media":66724,"template":"","meta":[],"pwb-brand":[713],"product_brand":[],"product_cat":[745,751,721],"product_tag":[],"giftcard-category":[],"class_list":{"0":"post-41876","1":"product","2":"type-product","3":"status-publish","4":"has-post-thumbnail","6":"pwb-brand-real-barrier","7":"product_cat-jutigai-adai","8":"product_cat-pigmentacija-lv","9":"product_cat-toniki-lv","11":"first","12":"instock","13":"taxable","14":"shipping-taxable","15":"purchasable","16":"product-type-simple"},"acf":[],"brands":[{"id":713,"name":"Real Barrier","slug":"real-barrier"}],"_links":{"self":[{"href":"https:\/\/skinstudio.ee\/lv\/wp-json\/wp\/v2\/product\/41876","targetHints":{"allow":["GET"]}}],"collection":[{"href":"https:\/\/skinstudio.ee\/lv\/wp-json\/wp\/v2\/product"}],"about":[{"href":"https:\/\/skinstudio.ee\/lv\/wp-json\/wp\/v2\/types\/product"}],"version-history":[{"count":0,"href":"https:\/\/skinstudio.ee\/lv\/wp-json\/wp\/v2\/product\/41876\/revisions"}],"wp:featuredmedia":[{"embeddable":true,"href":"https:\/\/skinstudio.ee\/lv\/wp-json\/wp\/v2\/media\/66724"}],"wp:attachment":[{"href":"https:\/\/skinstudio.ee\/lv\/wp-json\/wp\/v2\/media?parent=41876"}],"wp:term":[{"taxonomy":"pwb-brand","embeddable":true,"href":"https:\/\/skinstudio.ee\/lv\/wp-json\/wp\/v2\/pwb-brand?post=41876"},{"taxonomy":"product_brand","embeddable":true,"href":"https:\/\/skinstudio.ee\/lv\/wp-json\/wp\/v2\/product_brand?post=41876"},{"taxonomy":"product_cat","embeddable":true,"href":"https:\/\/skinstudio.ee\/lv\/wp-json\/wp\/v2\/product_cat?post=41876"},{"taxonomy":"product_tag","embeddable":true,"href":"https:\/\/skinstudio.ee\/lv\/wp-json\/wp\/v2\/product_tag?post=41876"},{"taxonomy":"giftcard-category","embeddable":true,"href":"https:\/\/skinstudio.ee\/lv\/wp-json\/wp\/v2\/giftcard-category?post=41876"}],"curies":[{"name":"wp","href":"https:\/\/api.w.org\/{rel}","templated":true}]}}