{"id":41892,"date":"2025-08-05T15:17:42","date_gmt":"2025-08-05T15:17:42","guid":{"rendered":"https:\/\/skinstudio.ee\/?post_type=product&#038;p=41892"},"modified":"2025-12-30T17:05:12","modified_gmt":"2025-12-30T17:05:12","slug":"porebium-waterlock-essence","status":"publish","type":"product","link":"https:\/\/skinstudio.ee\/lv\/catalog\/real-barrier\/porebium-waterlock-essence\/","title":{"rendered":"Porebium Waterlock Essence"},"content":{"rendered":"<p data-start=\"171\" data-end=\"399\"><strong data-start=\"171\" data-end=\"214\">Real Barrier Porebium Waterlock Essence<\/strong> ir atsvaidzino\u0161s \u0101das kop\u0161anas l\u012bdzeklis ar tr\u012bsk\u0101r\u0161u iedarb\u012bbu: pret lob\u012b\u0161anos, lieko sebumu un papla\u0161in\u0101t\u0101m por\u0101m. Tas nodro\u0161ina \u012bpa\u0161u kop\u0161anu, noturot mitrumu \u0101d\u0101, to nep\u0101rslogojot.<\/p>\n<p data-start=\"401\" data-end=\"558\">Patent\u0113tais <strong data-start=\"413\" data-end=\"436\">4Acidzyme komplekss<\/strong> (enz\u012bmi + sk\u0101bes attiec\u012bb\u0101 5:1) nodro\u0161ina intens\u012bvu eksfoli\u0101ciju un uzlabo \u0101das st\u0101vokli, samazinot lob\u012b\u0161anos par 88,34%.<\/p>\n<p data-start=\"560\" data-end=\"579\"><strong data-start=\"560\" data-end=\"572\">Tilpums:<\/strong> 110 ml<\/p>\n","protected":false},"excerpt":{"rendered":"<p data-start=\"154\" data-end=\"207\">Viegls esences l\u012bdzeklis sebuma kontrolei un poru sa\u0161aurin\u0101\u0161anai<\/p>\n<h2 data-start=\"154\" data-end=\"207\"><strong data-start=\"687\" data-end=\"739\">Real Barrier Porebium Waterlock Essence \u012bpa\u0161\u012bbas<\/strong><\/h2>\n<p data-start=\"154\" data-end=\"207\">\u2714\ufe0f Regul\u0113 sebuma izdal\u012b\u0161anos un nov\u0113r\u0161 taukainu sp\u012bdumu<br data-start=\"797\" data-end=\"800\" \/>\u2714\ufe0f Mitrina \u0101du, to nep\u0101rslogojot<br data-start=\"832\" data-end=\"835\" \/>\u2714\ufe0f Samazina lob\u012b\u0161anos un izl\u012bdzina \u0101das tekst\u016bru<br data-start=\"883\" data-end=\"886\" \/>\u2714\ufe0f Sa\u0161aurina poras un uzlabo \u0101das visp\u0101r\u0113jo st\u0101vokli<br data-start=\"938\" data-end=\"941\" \/>\u2714\ufe0f Atbalsta vesel\u012bgu \u0101das l\u012bdzsvaru<\/p>\n","protected":false},"featured_media":41885,"template":"","meta":[],"pwb-brand":[713],"product_brand":[],"product_cat":[745,743,723],"product_tag":[],"giftcard-category":[],"class_list":{"0":"post-41892","1":"product","2":"type-product","3":"status-publish","4":"has-post-thumbnail","6":"pwb-brand-real-barrier","7":"product_cat-jutigai-adai","8":"product_cat-paplasinatas-poras","9":"product_cat-serumi","11":"first","12":"instock","13":"taxable","14":"shipping-taxable","15":"purchasable","16":"product-type-simple"},"acf":[],"brands":[{"id":713,"name":"Real Barrier","slug":"real-barrier"}],"_links":{"self":[{"href":"https:\/\/skinstudio.ee\/lv\/wp-json\/wp\/v2\/product\/41892","targetHints":{"allow":["GET"]}}],"collection":[{"href":"https:\/\/skinstudio.ee\/lv\/wp-json\/wp\/v2\/product"}],"about":[{"href":"https:\/\/skinstudio.ee\/lv\/wp-json\/wp\/v2\/types\/product"}],"version-history":[{"count":0,"href":"https:\/\/skinstudio.ee\/lv\/wp-json\/wp\/v2\/product\/41892\/revisions"}],"wp:featuredmedia":[{"embeddable":true,"href":"https:\/\/skinstudio.ee\/lv\/wp-json\/wp\/v2\/media\/41885"}],"wp:attachment":[{"href":"https:\/\/skinstudio.ee\/lv\/wp-json\/wp\/v2\/media?parent=41892"}],"wp:term":[{"taxonomy":"pwb-brand","embeddable":true,"href":"https:\/\/skinstudio.ee\/lv\/wp-json\/wp\/v2\/pwb-brand?post=41892"},{"taxonomy":"product_brand","embeddable":true,"href":"https:\/\/skinstudio.ee\/lv\/wp-json\/wp\/v2\/product_brand?post=41892"},{"taxonomy":"product_cat","embeddable":true,"href":"https:\/\/skinstudio.ee\/lv\/wp-json\/wp\/v2\/product_cat?post=41892"},{"taxonomy":"product_tag","embeddable":true,"href":"https:\/\/skinstudio.ee\/lv\/wp-json\/wp\/v2\/product_tag?post=41892"},{"taxonomy":"giftcard-category","embeddable":true,"href":"https:\/\/skinstudio.ee\/lv\/wp-json\/wp\/v2\/giftcard-category?post=41892"}],"curies":[{"name":"wp","href":"https:\/\/api.w.org\/{rel}","templated":true}]}}