{"id":41907,"date":"2025-08-05T15:35:11","date_gmt":"2025-08-05T15:35:11","guid":{"rendered":"https:\/\/skinstudio.ee\/?post_type=product&#038;p=41907"},"modified":"2025-12-30T17:05:12","modified_gmt":"2025-12-30T17:05:12","slug":"porebium-oil-control-paper","status":"publish","type":"product","link":"https:\/\/skinstudio.ee\/lv\/catalog\/real-barrier\/porebium-oil-control-paper\/","title":{"rendered":"Porebium Oil Control Paper"},"content":{"rendered":"<p data-start=\"424\" data-end=\"779\">Real Barrier Porebium Oil Control Paper \u2014 mat\u0113jo\u0161as salvetes taukainai un kombin\u0113tai \u0101dai. T\u0101s absorb\u0113 lieko sebumu, nov\u0113r\u0161 sp\u012bdumu T zon\u0101 un padara \u0101du mat\u0113tu, pal\u012bdzot nov\u0113rst poru aizsprosto\u0161anos p\u0101rm\u0113r\u012bgas tauku izdal\u012b\u0161an\u0101s d\u0113\u013c. Atsvaidzina \u0101du un nekairina to. Lietojamas pirms atk\u0101rtotas SPF uzkl\u0101\u0161anas vai p\u0113c nepiecie\u0161am\u012bbas, lai nov\u0113rstu sp\u012bdumu.<\/p>\n<p data-start=\"781\" data-end=\"805\"><strong data-start=\"781\" data-end=\"793\">Tilpums:<\/strong> <strong data-start=\"794\" data-end=\"805\">70 gab.<\/strong><\/p>\n<p data-start=\"807\" data-end=\"944\">\n","protected":false},"excerpt":{"rendered":"<p data-start=\"166\" data-end=\"205\">Sebuma kontroles salvetes<\/p>\n<h2 data-start=\"207\" data-end=\"259\"><strong data-start=\"207\" data-end=\"259\">Real Barrier Porebium Oil Control Paper \u012bpa\u0161\u012bbas<\/strong><\/h2>\n<p data-start=\"261\" data-end=\"467\">\u2714\ufe0f \u0100tri nov\u0113r\u0161 sp\u012bdumu, neboj\u0101jot grimu<br data-start=\"300\" data-end=\"303\" \/>\u2714\ufe0f Absorb\u0113 lieko sebumu un att\u012bra poras<br data-start=\"342\" data-end=\"345\" \/>\u2714\ufe0f Nesausina \u0101du un saglab\u0101 t\u0101s mitruma l\u012bdzsvaru<br data-start=\"394\" data-end=\"397\" \/>\u2714\ufe0f Piem\u0113rotas jut\u012bgai \u0101dai<br data-start=\"423\" data-end=\"426\" \/>\u2714\ufe0f Kompakts form\u0101ts \u2013 \u0113rti pa\u0146emt l\u012bdzi<\/p>\n","protected":false},"featured_media":66719,"template":"","meta":[],"pwb-brand":[713],"product_brand":[],"product_cat":[747],"product_tag":[],"giftcard-category":[],"class_list":{"0":"post-41907","1":"product","2":"type-product","3":"status-publish","4":"has-post-thumbnail","6":"pwb-brand-real-barrier","7":"product_cat-taukainai-adai","9":"first","10":"instock","11":"taxable","12":"shipping-taxable","13":"purchasable","14":"product-type-simple"},"acf":[],"brands":[{"id":713,"name":"Real Barrier","slug":"real-barrier"}],"_links":{"self":[{"href":"https:\/\/skinstudio.ee\/lv\/wp-json\/wp\/v2\/product\/41907","targetHints":{"allow":["GET"]}}],"collection":[{"href":"https:\/\/skinstudio.ee\/lv\/wp-json\/wp\/v2\/product"}],"about":[{"href":"https:\/\/skinstudio.ee\/lv\/wp-json\/wp\/v2\/types\/product"}],"version-history":[{"count":0,"href":"https:\/\/skinstudio.ee\/lv\/wp-json\/wp\/v2\/product\/41907\/revisions"}],"wp:featuredmedia":[{"embeddable":true,"href":"https:\/\/skinstudio.ee\/lv\/wp-json\/wp\/v2\/media\/66719"}],"wp:attachment":[{"href":"https:\/\/skinstudio.ee\/lv\/wp-json\/wp\/v2\/media?parent=41907"}],"wp:term":[{"taxonomy":"pwb-brand","embeddable":true,"href":"https:\/\/skinstudio.ee\/lv\/wp-json\/wp\/v2\/pwb-brand?post=41907"},{"taxonomy":"product_brand","embeddable":true,"href":"https:\/\/skinstudio.ee\/lv\/wp-json\/wp\/v2\/product_brand?post=41907"},{"taxonomy":"product_cat","embeddable":true,"href":"https:\/\/skinstudio.ee\/lv\/wp-json\/wp\/v2\/product_cat?post=41907"},{"taxonomy":"product_tag","embeddable":true,"href":"https:\/\/skinstudio.ee\/lv\/wp-json\/wp\/v2\/product_tag?post=41907"},{"taxonomy":"giftcard-category","embeddable":true,"href":"https:\/\/skinstudio.ee\/lv\/wp-json\/wp\/v2\/giftcard-category?post=41907"}],"curies":[{"name":"wp","href":"https:\/\/api.w.org\/{rel}","templated":true}]}}