{"id":41922,"date":"2025-08-05T15:48:40","date_gmt":"2025-08-05T15:48:40","guid":{"rendered":"https:\/\/skinstudio.ee\/?post_type=product&#038;p=41922"},"modified":"2025-12-30T17:05:12","modified_gmt":"2025-12-30T17:05:12","slug":"pdrn-glow-repair-serum","status":"publish","type":"product","link":"https:\/\/skinstudio.ee\/lv\/catalog\/real-barrier\/pdrn-glow-repair-serum\/","title":{"rendered":"PDRN Glow Repair Serum"},"content":{"rendered":"<p data-start=\"292\" data-end=\"595\">Real Barrier PDRN Glow Repair Serum ar PDRN un ekzosom\u0101m efekt\u012bvi atjauno un nostiprina \u0101du, papildina \u0161\u016bnu mitruma rezerves, palielina \u0101das bl\u012bvumu, elast\u012bbu un tvirtumu, nov\u0113r\u0161 priek\u0161laic\u012bgu noveco\u0161anos, maigi izl\u012bdzina nogurdin\u0101tos vai raupj\u0101kos \u0101das laukumus un pie\u0161\u0137ir skaistu, iek\u0161\u0113ju 3D mirdzumu.<\/p>\n<p data-start=\"597\" data-end=\"1043\">P\u0113c divu ned\u0113\u013cu regul\u0101ras lieto\u0161anas maksim\u0101li samazin\u0101s transepiderm\u0101lais mitruma zudums par 126,51\u202f%, mazin\u0101s aps\u0101rtums un kairin\u0101jumi, nostiprin\u0101s epidermas barjera. Serums pal\u012bdz izl\u012bdzin\u0101t pigment\u0101ciju un p\u0113caknes p\u0113das, vienlaikus uzlabo \u0101das toni un mikroreljefu, padarot to glud\u0101ku un samtain\u012bg\u0101ku. G\u0113la tekst\u016bra viegli uzkl\u0101jas, \u0101tri uzs\u016bcas, nekav\u0113joties rada komforta saj\u016btu un atst\u0101j vesel\u012bgu, mirdzo\u0161u nosl\u0113dzo\u0161o efektu bez lip\u012bguma.<\/p>\n<p data-start=\"1045\" data-end=\"1067\"><strong data-start=\"1045\" data-end=\"1057\">Tilpums:<\/strong> <strong data-start=\"1058\" data-end=\"1067\">30\u202fml<\/strong><\/p>\n<p data-start=\"1069\" data-end=\"1231\">\n","protected":false},"excerpt":{"rendered":"<p data-start=\"1233\" data-end=\"1272\">Viegls atjaunojo\u0161s serums ar mirdzumu<\/p>\n<h2 data-start=\"1274\" data-end=\"1606\"><strong data-start=\"1274\" data-end=\"1323\">Real Barrier PDRN Glow Repair Serum \u012bpa\u0161\u012bbas<\/strong><\/h2>\n<p data-start=\"1274\" data-end=\"1606\">\u2714\ufe0f Aktiviz\u0113 \u0161\u016bnu re\u0123ener\u0101ciju un \u0101das atjauno\u0161anos<br data-start=\"1376\" data-end=\"1379\" \/>\u2714\ufe0f Uzlabo \u0101das mikroreljefu un pie\u0161\u0137ir mirdzumu<br data-start=\"1426\" data-end=\"1429\" \/>\u2714\ufe0f Stiprina \u0101das barjeru un palielina elast\u012bbu<br data-start=\"1475\" data-end=\"1478\" \/>\u2714\ufe0f Intens\u012bvi mitrina un samazina jut\u012bgumu<br data-start=\"1519\" data-end=\"1522\" \/>\u2714\ufe0f Kvie\u0161u prote\u012bniem bag\u0101ta viegla g\u0113la tekst\u016bra<\/p>\n","protected":false},"featured_media":66714,"template":"","meta":[],"pwb-brand":[713],"product_brand":[],"product_cat":[745,737,749,723],"product_tag":[],"giftcard-category":[],"class_list":{"0":"post-41922","1":"product","2":"type-product","3":"status-publish","4":"has-post-thumbnail","6":"pwb-brand-real-barrier","7":"product_cat-jutigai-adai","8":"product_cat-mitrinasana","9":"product_cat-novecojosa-ada","10":"product_cat-serumi","12":"first","13":"instock","14":"taxable","15":"shipping-taxable","16":"purchasable","17":"product-type-simple"},"acf":[],"brands":[{"id":713,"name":"Real Barrier","slug":"real-barrier"}],"_links":{"self":[{"href":"https:\/\/skinstudio.ee\/lv\/wp-json\/wp\/v2\/product\/41922","targetHints":{"allow":["GET"]}}],"collection":[{"href":"https:\/\/skinstudio.ee\/lv\/wp-json\/wp\/v2\/product"}],"about":[{"href":"https:\/\/skinstudio.ee\/lv\/wp-json\/wp\/v2\/types\/product"}],"version-history":[{"count":0,"href":"https:\/\/skinstudio.ee\/lv\/wp-json\/wp\/v2\/product\/41922\/revisions"}],"wp:featuredmedia":[{"embeddable":true,"href":"https:\/\/skinstudio.ee\/lv\/wp-json\/wp\/v2\/media\/66714"}],"wp:attachment":[{"href":"https:\/\/skinstudio.ee\/lv\/wp-json\/wp\/v2\/media?parent=41922"}],"wp:term":[{"taxonomy":"pwb-brand","embeddable":true,"href":"https:\/\/skinstudio.ee\/lv\/wp-json\/wp\/v2\/pwb-brand?post=41922"},{"taxonomy":"product_brand","embeddable":true,"href":"https:\/\/skinstudio.ee\/lv\/wp-json\/wp\/v2\/product_brand?post=41922"},{"taxonomy":"product_cat","embeddable":true,"href":"https:\/\/skinstudio.ee\/lv\/wp-json\/wp\/v2\/product_cat?post=41922"},{"taxonomy":"product_tag","embeddable":true,"href":"https:\/\/skinstudio.ee\/lv\/wp-json\/wp\/v2\/product_tag?post=41922"},{"taxonomy":"giftcard-category","embeddable":true,"href":"https:\/\/skinstudio.ee\/lv\/wp-json\/wp\/v2\/giftcard-category?post=41922"}],"curies":[{"name":"wp","href":"https:\/\/api.w.org\/{rel}","templated":true}]}}