{"id":42022,"date":"2025-08-06T09:57:54","date_gmt":"2025-08-06T09:57:54","guid":{"rendered":"https:\/\/skinstudio.ee\/?post_type=product&#038;p=42022"},"modified":"2025-12-30T17:05:12","modified_gmt":"2025-12-30T17:05:12","slug":"peptivita-c-blemish-serum","status":"publish","type":"product","link":"https:\/\/skinstudio.ee\/lv\/catalog\/real-barrier\/peptivita-c-blemish-serum\/","title":{"rendered":"Peptivita C Blemish Serum"},"content":{"rendered":"<p data-start=\"156\" data-end=\"402\">Serums ar C vitam\u012bnu un pept\u012bdiem, kas efekt\u012bvi iedarbojas uz pigment\u0101ciju, samazina vasarraibumu un citu \u0101das to\u0146a nevienm\u0113r\u012bbu redzam\u012bbu, nov\u0113r\u0161 bl\u0101vumu, izl\u012bdzina \u0101das tekst\u016bru un pie\u0161\u0137ir vesel\u012bgu mirdzumu, k\u0101 ar\u012b sa\u0161aurina papla\u0161in\u0101tas poras.<\/p>\n<p data-start=\"404\" data-end=\"743\">Produkts samazina pigment\u0101cijas plankumu intensit\u0101ti par 26% un to laukumu par 3,5% p\u0113c divu ned\u0113\u013cu regul\u0101ras lieto\u0161anas. Tas uzlabo \u0101das tekst\u016bru par 10% jau p\u0113c pirm\u0101s lieto\u0161anas reizes, izgaismo sebuma pavedienus, nov\u0113r\u0161 izsitumu veido\u0161anos, nodro\u0161ina sp\u0113c\u012bgu antioksidantu un atjaunojo\u0161u iedarb\u012bbu, k\u0101 ar\u012b stiprina \u0101das aizsargbarjeru.<\/p>\n<p data-start=\"745\" data-end=\"1005\">Formula satur PeptiVitaC\u2122 \u2013 liposom\u0101lo formu, kas apvieno t\u012bru C vitam\u012bnu un 12 pept\u012bdu kompleksu, kura da\u013ci\u0146as ir 356 reizes maz\u0101kas par \u0101das por\u0101m. Tas nodro\u0161ina dzi\u013cu akt\u012bvo sast\u0101vda\u013cu ies\u016bk\u0161anos \u0101das raga sl\u0101n\u012b, lab\u0101ku uzs\u016bk\u0161anos un izteikt\u0101kus rezult\u0101tus.<\/p>\n<p data-start=\"1010\" data-end=\"1028\"><strong data-start=\"1010\" data-end=\"1022\">Tilpums:<\/strong> 30 ml<\/p>\n","protected":false},"excerpt":{"rendered":"<p data-start=\"212\" data-end=\"237\">Izgaismojo\u0161s serums sejai<\/p>\n<h2 data-start=\"239\" data-end=\"451\"><strong data-start=\"243\" data-end=\"294\">Real Barrier Peptivita C Blemish Serum \u012bpa\u0161\u012bbas<\/strong><\/h2>\n<p data-start=\"239\" data-end=\"451\">\u2714\ufe0f Izl\u012bdzina \u0101das toni<br data-start=\"319\" data-end=\"322\" \/>\u2714\ufe0f Samazina pigment\u0101ciju<br data-start=\"346\" data-end=\"349\" \/>\u2714\ufe0f Uzlabo tekst\u016bru un mikroreljefu<br data-start=\"383\" data-end=\"386\" \/>\u2714\ufe0f Pie\u0161\u0137ir mirdzumu un svaigumu<br data-start=\"417\" data-end=\"420\" \/>\u2714\ufe0f Stiprina \u0101das aizsargbarjeru<\/p>\n","protected":false},"featured_media":66709,"template":"","meta":[],"pwb-brand":[713],"product_brand":[],"product_cat":[729,749,751,723],"product_tag":[],"giftcard-category":[],"class_list":{"0":"post-42022","1":"product","2":"type-product","3":"status-publish","4":"has-post-thumbnail","6":"pwb-brand-real-barrier","7":"product_cat-c-vitamins","8":"product_cat-novecojosa-ada","9":"product_cat-pigmentacija-lv","10":"product_cat-serumi","12":"first","13":"instock","14":"taxable","15":"shipping-taxable","16":"purchasable","17":"product-type-simple"},"acf":[],"brands":[{"id":713,"name":"Real Barrier","slug":"real-barrier"}],"_links":{"self":[{"href":"https:\/\/skinstudio.ee\/lv\/wp-json\/wp\/v2\/product\/42022","targetHints":{"allow":["GET"]}}],"collection":[{"href":"https:\/\/skinstudio.ee\/lv\/wp-json\/wp\/v2\/product"}],"about":[{"href":"https:\/\/skinstudio.ee\/lv\/wp-json\/wp\/v2\/types\/product"}],"version-history":[{"count":0,"href":"https:\/\/skinstudio.ee\/lv\/wp-json\/wp\/v2\/product\/42022\/revisions"}],"wp:featuredmedia":[{"embeddable":true,"href":"https:\/\/skinstudio.ee\/lv\/wp-json\/wp\/v2\/media\/66709"}],"wp:attachment":[{"href":"https:\/\/skinstudio.ee\/lv\/wp-json\/wp\/v2\/media?parent=42022"}],"wp:term":[{"taxonomy":"pwb-brand","embeddable":true,"href":"https:\/\/skinstudio.ee\/lv\/wp-json\/wp\/v2\/pwb-brand?post=42022"},{"taxonomy":"product_brand","embeddable":true,"href":"https:\/\/skinstudio.ee\/lv\/wp-json\/wp\/v2\/product_brand?post=42022"},{"taxonomy":"product_cat","embeddable":true,"href":"https:\/\/skinstudio.ee\/lv\/wp-json\/wp\/v2\/product_cat?post=42022"},{"taxonomy":"product_tag","embeddable":true,"href":"https:\/\/skinstudio.ee\/lv\/wp-json\/wp\/v2\/product_tag?post=42022"},{"taxonomy":"giftcard-category","embeddable":true,"href":"https:\/\/skinstudio.ee\/lv\/wp-json\/wp\/v2\/giftcard-category?post=42022"}],"curies":[{"name":"wp","href":"https:\/\/api.w.org\/{rel}","templated":true}]}}