{"id":42043,"date":"2025-08-06T10:13:19","date_gmt":"2025-08-06T10:13:19","guid":{"rendered":"https:\/\/skinstudio.ee\/?post_type=product&#038;p=42043"},"modified":"2025-12-30T17:05:12","modified_gmt":"2025-12-30T17:05:12","slug":"retiniol-pore-tightening-serum","status":"publish","type":"product","link":"https:\/\/skinstudio.ee\/lv\/catalog\/real-barrier\/retiniol-pore-tightening-serum\/","title":{"rendered":"Retiniol Pore Tightening Serum"},"content":{"rendered":"<p data-start=\"96\" data-end=\"320\">Atjaunojo\u0161s serums ar 0,1% retinola efekt\u012bvi savelk papla\u0161in\u0101tas poras, sniedz nostiprino\u0161u un liftinga efektu, nov\u0113r\u0161 \u0101das \u013cenganumu, izl\u012bdzina s\u012bk\u0101s grumbi\u0146as, m\u012bkstina nel\u012bdzenumus, padarot \u0101du gludu un vesel\u012bgi mirdzo\u0161u.<\/p>\n<p data-start=\"322\" data-end=\"612\">Produkts tikai p\u0113c vienas lieto\u0161anas reizes samazina poru izm\u0113ru un laukumu par 34,17%, izl\u012bdzina mikroreljefa nel\u012bdzenumus, pal\u012bdz mazin\u0101t nev\u0113lamu pigment\u0101ciju, intens\u012bvi mitrina un atjauno optim\u0101lu hidrolip\u012bdu l\u012bdzsvaru, blo\u0137\u0113jot transepiderm\u0101lo \u016bdens zudumu un saglab\u0101jot mitrumu ilg\u0101k.<\/p>\n<p data-start=\"614\" data-end=\"808\">Formula ir bag\u0101tin\u0101ta ar 0,1% t\u012bra retinola, kas divk\u0101rt kapsul\u0113ts liposom\u0101s, lai nodro\u0161in\u0101tu dzi\u013c\u0101ku akt\u012bvo vielu ies\u016bk\u0161anos un izteikt\u0101kus rezult\u0101tus, vienlaikus minimiz\u0113jot kairin\u0101juma risku.<\/p>\n<p data-start=\"813\" data-end=\"831\"><strong data-start=\"813\" data-end=\"825\">Tilpums:<\/strong> 30 ml<\/p>\n","protected":false},"excerpt":{"rendered":"<p data-start=\"1028\" data-end=\"1259\">Poras savelko\u0161s sejas serums<\/p>\n<h2 data-start=\"1028\" data-end=\"1259\"><strong data-start=\"1019\" data-end=\"1074\">Real Barrier Retiniol Pore Tightening Serum \u012bpa\u0161\u012bbas<\/strong><\/h2>\n<p data-start=\"1028\" data-end=\"1259\">\u2714\ufe0f Samazina papla\u0161in\u0101tas poras<br data-start=\"1107\" data-end=\"1110\" \/>\u2714\ufe0f Izl\u012bdzina \u0101das tekst\u016bru<br data-start=\"1136\" data-end=\"1139\" \/>\u2714\ufe0f Regul\u0113 sebuma veido\u0161anos<br data-start=\"1166\" data-end=\"1169\" \/>\u2714\ufe0f Uzlabo \u0101das elast\u012bbu<br data-start=\"1192\" data-end=\"1195\" \/>\u2714\ufe0f Veicina \u0161\u016bnu atjauno\u0161anos<\/p>\n","protected":false},"featured_media":66704,"template":"","meta":[],"pwb-brand":[713],"product_brand":[],"product_cat":[727,737,749,743,751,723],"product_tag":[],"giftcard-category":[],"class_list":{"0":"post-42043","1":"product","2":"type-product","3":"status-publish","4":"has-post-thumbnail","6":"pwb-brand-real-barrier","7":"product_cat-a-vitamins-retinols","8":"product_cat-mitrinasana","9":"product_cat-novecojosa-ada","10":"product_cat-paplasinatas-poras","11":"product_cat-pigmentacija-lv","12":"product_cat-serumi","14":"first","15":"instock","16":"taxable","17":"shipping-taxable","18":"purchasable","19":"product-type-simple"},"acf":[],"brands":[{"id":713,"name":"Real Barrier","slug":"real-barrier"}],"_links":{"self":[{"href":"https:\/\/skinstudio.ee\/lv\/wp-json\/wp\/v2\/product\/42043","targetHints":{"allow":["GET"]}}],"collection":[{"href":"https:\/\/skinstudio.ee\/lv\/wp-json\/wp\/v2\/product"}],"about":[{"href":"https:\/\/skinstudio.ee\/lv\/wp-json\/wp\/v2\/types\/product"}],"version-history":[{"count":0,"href":"https:\/\/skinstudio.ee\/lv\/wp-json\/wp\/v2\/product\/42043\/revisions"}],"wp:featuredmedia":[{"embeddable":true,"href":"https:\/\/skinstudio.ee\/lv\/wp-json\/wp\/v2\/media\/66704"}],"wp:attachment":[{"href":"https:\/\/skinstudio.ee\/lv\/wp-json\/wp\/v2\/media?parent=42043"}],"wp:term":[{"taxonomy":"pwb-brand","embeddable":true,"href":"https:\/\/skinstudio.ee\/lv\/wp-json\/wp\/v2\/pwb-brand?post=42043"},{"taxonomy":"product_brand","embeddable":true,"href":"https:\/\/skinstudio.ee\/lv\/wp-json\/wp\/v2\/product_brand?post=42043"},{"taxonomy":"product_cat","embeddable":true,"href":"https:\/\/skinstudio.ee\/lv\/wp-json\/wp\/v2\/product_cat?post=42043"},{"taxonomy":"product_tag","embeddable":true,"href":"https:\/\/skinstudio.ee\/lv\/wp-json\/wp\/v2\/product_tag?post=42043"},{"taxonomy":"giftcard-category","embeddable":true,"href":"https:\/\/skinstudio.ee\/lv\/wp-json\/wp\/v2\/giftcard-category?post=42043"}],"curies":[{"name":"wp","href":"https:\/\/api.w.org\/{rel}","templated":true}]}}