{"id":42061,"date":"2025-08-06T11:05:54","date_gmt":"2025-08-06T11:05:54","guid":{"rendered":"https:\/\/skinstudio.ee\/?post_type=product&#038;p=42061"},"modified":"2025-12-30T17:05:12","modified_gmt":"2025-12-30T17:05:12","slug":"retiniol-pore-tightening-serum-gel-mask","status":"publish","type":"product","link":"https:\/\/skinstudio.ee\/lv\/catalog\/real-barrier\/retiniol-pore-tightening-serum-gel-mask\/","title":{"rendered":"Retiniol Pore Tightening Serum Gel Mask"},"content":{"rendered":"<p data-start=\"446\" data-end=\"731\">Hidrogelveida maska ar retinolu akt\u012bvi iedarbojas uz papla\u0161in\u0101t\u0101m por\u0101m, aizpildot t\u0101s un vizu\u0101li samazinot to redzam\u012bbu, savelk \u013cenganu un tonusu zaud\u0113ju\u0161u \u0101du, atjauno tvirtumu, elast\u012bbu un bl\u012bvumu, intens\u012bvi mitrina un nov\u0113r\u0161 sausuma un savilkuma saj\u016btu, padarot \u0101du gludu un maigu.<\/p>\n<p data-start=\"733\" data-end=\"921\">Tikai p\u0113c vienas lieto\u0161anas reizes produkts samazina poru izteikt\u012bbu par 24,67% un izl\u012bdzina epidermas tekst\u016bru par 6,46%, pie\u0161\u0137irot \u0101dai pild\u012btu izskatu un vesel\u012bgu mirdzumu no iek\u0161puses.<\/p>\n<p data-start=\"923\" data-end=\"1093\">Formula bag\u0101tin\u0101ta ar t\u012bru retinolu, kas divk\u0101rt iesl\u0113gts liposom\u0101s, lai nodro\u0161in\u0101tu dzi\u013c\u0101ku ies\u016bk\u0161anos un izteikt\u0101kus rezult\u0101tus, vienlaikus samazinot kairin\u0101juma risku.<\/p>\n<p data-start=\"1098\" data-end=\"1115\"><strong data-start=\"1098\" data-end=\"1110\">Tilpums:<\/strong> 30 g<\/p>\n","protected":false},"excerpt":{"rendered":"<p data-start=\"2336\" data-end=\"2427\">Poras att\u012bro\u0161a \u017eelejveida maska<\/p>\n<h2 data-start=\"2336\" data-end=\"2427\">Real Barrier Retiniol Pore Tightening Serum Gel Mask \u012bpa\u0161\u012bbas<\/h2>\n<p data-start=\"2336\" data-end=\"2427\">\u2714\ufe0f Samazina papla\u0161in\u0101to poru redzam\u012bbu<br data-start=\"1405\" data-end=\"1408\" \/>\u2714\ufe0f Padara \u0101das tekst\u016bru vienm\u0113r\u012bg\u0101ku<br data-start=\"1444\" data-end=\"1447\" \/>\u2714\ufe0f Maigi noloba atmiru\u0161\u0101s \u0161\u016bnas<br data-start=\"1478\" data-end=\"1481\" \/>\u2714\ufe0f Atsvaidzina un izgaismo \u0101das toni<br data-start=\"1517\" data-end=\"1520\" \/>\u2714\ufe0f M\u012bkstina un mitrina \u0101du<\/p>\n","protected":false},"featured_media":66699,"template":"","meta":[],"pwb-brand":[713],"product_brand":[],"product_cat":[727,725,749],"product_tag":[],"giftcard-category":[],"class_list":{"0":"post-42061","1":"product","2":"type-product","3":"status-publish","4":"has-post-thumbnail","6":"pwb-brand-real-barrier","7":"product_cat-a-vitamins-retinols","8":"product_cat-maskas","9":"product_cat-novecojosa-ada","11":"first","12":"instock","13":"taxable","14":"shipping-taxable","15":"purchasable","16":"product-type-simple"},"acf":[],"brands":[{"id":713,"name":"Real Barrier","slug":"real-barrier"}],"_links":{"self":[{"href":"https:\/\/skinstudio.ee\/lv\/wp-json\/wp\/v2\/product\/42061","targetHints":{"allow":["GET"]}}],"collection":[{"href":"https:\/\/skinstudio.ee\/lv\/wp-json\/wp\/v2\/product"}],"about":[{"href":"https:\/\/skinstudio.ee\/lv\/wp-json\/wp\/v2\/types\/product"}],"version-history":[{"count":0,"href":"https:\/\/skinstudio.ee\/lv\/wp-json\/wp\/v2\/product\/42061\/revisions"}],"wp:featuredmedia":[{"embeddable":true,"href":"https:\/\/skinstudio.ee\/lv\/wp-json\/wp\/v2\/media\/66699"}],"wp:attachment":[{"href":"https:\/\/skinstudio.ee\/lv\/wp-json\/wp\/v2\/media?parent=42061"}],"wp:term":[{"taxonomy":"pwb-brand","embeddable":true,"href":"https:\/\/skinstudio.ee\/lv\/wp-json\/wp\/v2\/pwb-brand?post=42061"},{"taxonomy":"product_brand","embeddable":true,"href":"https:\/\/skinstudio.ee\/lv\/wp-json\/wp\/v2\/product_brand?post=42061"},{"taxonomy":"product_cat","embeddable":true,"href":"https:\/\/skinstudio.ee\/lv\/wp-json\/wp\/v2\/product_cat?post=42061"},{"taxonomy":"product_tag","embeddable":true,"href":"https:\/\/skinstudio.ee\/lv\/wp-json\/wp\/v2\/product_tag?post=42061"},{"taxonomy":"giftcard-category","embeddable":true,"href":"https:\/\/skinstudio.ee\/lv\/wp-json\/wp\/v2\/giftcard-category?post=42061"}],"curies":[{"name":"wp","href":"https:\/\/api.w.org\/{rel}","templated":true}]}}