{"id":42078,"date":"2025-08-06T11:16:17","date_gmt":"2025-08-06T11:16:17","guid":{"rendered":"https:\/\/skinstudio.ee\/?post_type=product&#038;p=42078"},"modified":"2025-12-30T17:05:12","modified_gmt":"2025-12-30T17:05:12","slug":"retiniol-lifting-wrapping-mask","status":"publish","type":"product","link":"https:\/\/skinstudio.ee\/lv\/catalog\/real-barrier\/retiniol-lifting-wrapping-mask\/","title":{"rendered":"Retiniol Lifting Wrapping Mask"},"content":{"rendered":"<p data-start=\"182\" data-end=\"451\">Real Barrier Retiniol Lifting Wrapping Mask pace\u013c, atjauno un toniz\u0113 \u0101du, pie\u0161\u0137irot tai gludumu un samtainu maigumu. Kr\u0113mveida tekst\u016bra veido elast\u012bgu pl\u0113vi, kas veicina akt\u012bvo vielu dzi\u013c\u0101ku iek\u013c\u016b\u0161anu un iedarb\u012bbu. Komplekt\u0101 iek\u013cauta silikona birst\u012bte \u0113rtai uzkl\u0101\u0161anai.<\/p>\n<p data-start=\"453\" data-end=\"641\">Galven\u0101 akt\u012bv\u0101 sast\u0101vda\u013ca \u2014 retinols (A vitam\u012bns, 0,23%), kas pa\u0101trina epidermas \u0161\u016bnu atjauno\u0161anos, uzlabo \u0101das elast\u012bbu un tvirtumu, izl\u012bdzina mikroreljefu un aizsarg\u0101 no fotonoveco\u0161an\u0101s.<\/p>\n<p data-start=\"646\" data-end=\"664\"><strong data-start=\"646\" data-end=\"658\">Tilpums:<\/strong> 80 ml<\/p>\n","protected":false},"excerpt":{"rendered":"<p data-start=\"942\" data-end=\"1027\">Liftinga maska ar retinolu<\/p>\n<h2 data-start=\"942\" data-end=\"1027\"><strong data-start=\"971\" data-end=\"1027\">Real Barrier Retiniol Lifting Wrapping Mask \u012bpa\u0161\u012bbas<\/strong><\/h2>\n<p data-start=\"1029\" data-end=\"1226\">\u2714\ufe0f Nostiprina un kontur\u0113 sejas ov\u0101lu<br data-start=\"1065\" data-end=\"1068\" \/>\u2714\ufe0f Sabiezina \u0101du un atjauno tvirtumu<br data-start=\"1104\" data-end=\"1107\" \/>\u2714\ufe0f Izl\u012bdzina grumbas un uzlabo elast\u012bbu<br data-start=\"1146\" data-end=\"1149\" \/>\u2714\ufe0f Vienm\u0113rina \u0101das virsmu un tekst\u016bru<br data-start=\"1186\" data-end=\"1189\" \/>\u2714\ufe0f Uzlabo toni un atsvaidzina izskatu<\/p>\n","protected":false},"featured_media":66694,"template":"","meta":[],"pwb-brand":[713],"product_brand":[],"product_cat":[727,745,725,749],"product_tag":[],"giftcard-category":[],"class_list":{"0":"post-42078","1":"product","2":"type-product","3":"status-publish","4":"has-post-thumbnail","6":"pwb-brand-real-barrier","7":"product_cat-a-vitamins-retinols","8":"product_cat-jutigai-adai","9":"product_cat-maskas","10":"product_cat-novecojosa-ada","12":"first","13":"instock","14":"taxable","15":"shipping-taxable","16":"purchasable","17":"product-type-simple"},"acf":[],"brands":[{"id":713,"name":"Real Barrier","slug":"real-barrier"}],"_links":{"self":[{"href":"https:\/\/skinstudio.ee\/lv\/wp-json\/wp\/v2\/product\/42078","targetHints":{"allow":["GET"]}}],"collection":[{"href":"https:\/\/skinstudio.ee\/lv\/wp-json\/wp\/v2\/product"}],"about":[{"href":"https:\/\/skinstudio.ee\/lv\/wp-json\/wp\/v2\/types\/product"}],"version-history":[{"count":0,"href":"https:\/\/skinstudio.ee\/lv\/wp-json\/wp\/v2\/product\/42078\/revisions"}],"wp:featuredmedia":[{"embeddable":true,"href":"https:\/\/skinstudio.ee\/lv\/wp-json\/wp\/v2\/media\/66694"}],"wp:attachment":[{"href":"https:\/\/skinstudio.ee\/lv\/wp-json\/wp\/v2\/media?parent=42078"}],"wp:term":[{"taxonomy":"pwb-brand","embeddable":true,"href":"https:\/\/skinstudio.ee\/lv\/wp-json\/wp\/v2\/pwb-brand?post=42078"},{"taxonomy":"product_brand","embeddable":true,"href":"https:\/\/skinstudio.ee\/lv\/wp-json\/wp\/v2\/product_brand?post=42078"},{"taxonomy":"product_cat","embeddable":true,"href":"https:\/\/skinstudio.ee\/lv\/wp-json\/wp\/v2\/product_cat?post=42078"},{"taxonomy":"product_tag","embeddable":true,"href":"https:\/\/skinstudio.ee\/lv\/wp-json\/wp\/v2\/product_tag?post=42078"},{"taxonomy":"giftcard-category","embeddable":true,"href":"https:\/\/skinstudio.ee\/lv\/wp-json\/wp\/v2\/giftcard-category?post=42078"}],"curies":[{"name":"wp","href":"https:\/\/api.w.org\/{rel}","templated":true}]}}