{"id":42109,"date":"2025-08-06T11:37:47","date_gmt":"2025-08-06T11:37:47","guid":{"rendered":"https:\/\/skinstudio.ee\/?post_type=product&#038;p=42109"},"modified":"2025-12-30T17:05:12","modified_gmt":"2025-12-30T17:05:12","slug":"watery-hyal-cream","status":"publish","type":"product","link":"https:\/\/skinstudio.ee\/lv\/catalog\/real-barrier\/watery-hyal-cream\/","title":{"rendered":"Watery Hyal Cream"},"content":{"rendered":"<p data-start=\"146\" data-end=\"639\">Watery Hyal Cream ir vieglas tekst\u016bras mitrino\u0161s kr\u0113ms ar \u017eelejveida konsistenci, kas dzi\u013ci mitrina \u0101du, nov\u0113r\u0161 sausumu un atjauno t\u0101s mitruma l\u012bdzsvaru. Augsts hialuronsk\u0101bes saturs pal\u012bdz notur\u0113t mitrumu \u0101das sl\u0101\u0146os, uzlabojot t\u0101s elast\u012bbu, tvirtumu un gludumu. Formul\u0101 iek\u013cautas nomierino\u0161as sast\u0101vda\u013cas, kas samazina jut\u012bgumu, mazina kairin\u0101jumu un stiprina \u0101das aizsargbarjeru. Kr\u0113ms \u0101tri ies\u016bcas un neatst\u0101j lip\u012bgu saj\u016btu, nodro\u0161inot ilgsto\u0161u komfortu un mitrin\u0101\u0161anu visas dienas garum\u0101.<\/p>\n<p data-start=\"644\" data-end=\"662\"><strong data-start=\"644\" data-end=\"656\">Tilpums:<\/strong> 70 ml<\/p>\n","protected":false},"excerpt":{"rendered":"<p data-start=\"775\" data-end=\"854\">Vieglas tekst\u016bras mitrino\u0161s kr\u0113ms<\/p>\n<h2 data-start=\"775\" data-end=\"854\"><strong data-start=\"811\" data-end=\"854\">Real Barrier Watery Hyal Cream \u012bpa\u0161\u012bbas<\/strong><\/h2>\n<p data-start=\"856\" data-end=\"1046\">\u2714\ufe0f Dzi\u013ci mitrina un saglab\u0101 mitrumu<br data-start=\"891\" data-end=\"894\" \/>\u2714\ufe0f Uzlabo \u0101das elast\u012bbu un tvirtumu<br data-start=\"929\" data-end=\"932\" \/>\u2714\ufe0f Nov\u0113r\u0161 sausumu un savilkuma saj\u016btu<br data-start=\"969\" data-end=\"972\" \/>\u2714\ufe0f Nomierina un m\u012bkstina jut\u012bgu \u0101du<br data-start=\"1007\" data-end=\"1010\" \/>\u2714\ufe0f \u0100tri ies\u016bcas un neatst\u0101j lip\u012bgumu<\/p>\n","protected":false},"featured_media":66689,"template":"","meta":[],"pwb-brand":[713],"product_brand":[],"product_cat":[745,737,739],"product_tag":[],"giftcard-category":[],"class_list":{"0":"post-42109","1":"product","2":"type-product","3":"status-publish","4":"has-post-thumbnail","6":"pwb-brand-real-barrier","7":"product_cat-jutigai-adai","8":"product_cat-mitrinasana","9":"product_cat-sausai-adai","11":"first","12":"instock","13":"taxable","14":"shipping-taxable","15":"purchasable","16":"product-type-simple"},"acf":[],"brands":[{"id":713,"name":"Real Barrier","slug":"real-barrier"}],"_links":{"self":[{"href":"https:\/\/skinstudio.ee\/lv\/wp-json\/wp\/v2\/product\/42109","targetHints":{"allow":["GET"]}}],"collection":[{"href":"https:\/\/skinstudio.ee\/lv\/wp-json\/wp\/v2\/product"}],"about":[{"href":"https:\/\/skinstudio.ee\/lv\/wp-json\/wp\/v2\/types\/product"}],"version-history":[{"count":0,"href":"https:\/\/skinstudio.ee\/lv\/wp-json\/wp\/v2\/product\/42109\/revisions"}],"wp:featuredmedia":[{"embeddable":true,"href":"https:\/\/skinstudio.ee\/lv\/wp-json\/wp\/v2\/media\/66689"}],"wp:attachment":[{"href":"https:\/\/skinstudio.ee\/lv\/wp-json\/wp\/v2\/media?parent=42109"}],"wp:term":[{"taxonomy":"pwb-brand","embeddable":true,"href":"https:\/\/skinstudio.ee\/lv\/wp-json\/wp\/v2\/pwb-brand?post=42109"},{"taxonomy":"product_brand","embeddable":true,"href":"https:\/\/skinstudio.ee\/lv\/wp-json\/wp\/v2\/product_brand?post=42109"},{"taxonomy":"product_cat","embeddable":true,"href":"https:\/\/skinstudio.ee\/lv\/wp-json\/wp\/v2\/product_cat?post=42109"},{"taxonomy":"product_tag","embeddable":true,"href":"https:\/\/skinstudio.ee\/lv\/wp-json\/wp\/v2\/product_tag?post=42109"},{"taxonomy":"giftcard-category","embeddable":true,"href":"https:\/\/skinstudio.ee\/lv\/wp-json\/wp\/v2\/giftcard-category?post=42109"}],"curies":[{"name":"wp","href":"https:\/\/api.w.org\/{rel}","templated":true}]}}