{"id":42125,"date":"2025-08-06T11:45:00","date_gmt":"2025-08-06T11:45:00","guid":{"rendered":"https:\/\/skinstudio.ee\/?post_type=product&#038;p=42125"},"modified":"2025-12-30T17:05:12","modified_gmt":"2025-12-30T17:05:12","slug":"watery-hyal-serum","status":"publish","type":"product","link":"https:\/\/skinstudio.ee\/lv\/catalog\/real-barrier\/watery-hyal-serum\/","title":{"rendered":"Watery Hyal Serum"},"content":{"rendered":"<p data-start=\"165\" data-end=\"684\">Watery Hyal Serum ir vieglas konsistences, \u0101tri ies\u016bco\u0161s serums ar augstu hialuronsk\u0101bes koncentr\u0101ciju, kas nodro\u0161ina dzi\u013cu un ilgsto\u0161u mitrin\u0101\u0161anu, atjauno mitruma l\u012bmeni ar\u012b \u0101das dzi\u013c\u0101kajos sl\u0101\u0146os. Pal\u012bdz atjaunot \u0101das dabisko mitruma l\u012bdzsvaru, nov\u0113r\u0161 sausumu un savilkuma saj\u016btu, padara \u0101du gludu, maigu un svaigu. Formula bag\u0101tin\u0101ta ar nomierino\u0161\u0101m un stiprino\u0161\u0101m sast\u0101vda\u013c\u0101m, kas samazina jut\u012bgumu, uzlabo elast\u012bbu un atbalsta \u0101das aizsargbarjeru. Piem\u0113rots visiem \u0101das tipiem, \u012bpa\u0161i dehidrat\u0113tai un jut\u012bgai \u0101dai.<\/p>\n<p data-start=\"689\" data-end=\"707\"><strong data-start=\"689\" data-end=\"701\">Tilpums:<\/strong> 50 ml<\/p>\n","protected":false},"excerpt":{"rendered":"<p data-start=\"848\" data-end=\"920\">Intens\u012bvi mitrino\u0161s serums<\/p>\n<h2 data-start=\"848\" data-end=\"920\"><strong data-start=\"877\" data-end=\"920\">Real Barrier Watery Hyal Serum \u012bpa\u0161\u012bbas<\/strong><\/h2>\n<p data-start=\"922\" data-end=\"1124\">\u2714\ufe0f Nodro\u0161ina dzi\u013cu un ilgsto\u0161u mitrin\u0101\u0161anu<br data-start=\"964\" data-end=\"967\" \/>\u2714\ufe0f Atjauno \u0101das mitruma l\u012bdzsvaru<br data-start=\"1000\" data-end=\"1003\" \/>\u2714\ufe0f Mazina sausumu un savilkuma saj\u016btu<br data-start=\"1040\" data-end=\"1043\" \/>\u2714\ufe0f Uzlabo \u0101das elast\u012bbu un maigumu<br data-start=\"1077\" data-end=\"1080\" \/>\u2714\ufe0f Nomierina un stiprina \u0101das aizsargbarjeru<\/p>\n","protected":false},"featured_media":66684,"template":"","meta":[],"pwb-brand":[713],"product_brand":[],"product_cat":[745,737,749,739,723],"product_tag":[],"giftcard-category":[],"class_list":{"0":"post-42125","1":"product","2":"type-product","3":"status-publish","4":"has-post-thumbnail","6":"pwb-brand-real-barrier","7":"product_cat-jutigai-adai","8":"product_cat-mitrinasana","9":"product_cat-novecojosa-ada","10":"product_cat-sausai-adai","11":"product_cat-serumi","13":"first","14":"instock","15":"taxable","16":"shipping-taxable","17":"purchasable","18":"product-type-simple"},"acf":[],"brands":[{"id":713,"name":"Real Barrier","slug":"real-barrier"}],"_links":{"self":[{"href":"https:\/\/skinstudio.ee\/lv\/wp-json\/wp\/v2\/product\/42125","targetHints":{"allow":["GET"]}}],"collection":[{"href":"https:\/\/skinstudio.ee\/lv\/wp-json\/wp\/v2\/product"}],"about":[{"href":"https:\/\/skinstudio.ee\/lv\/wp-json\/wp\/v2\/types\/product"}],"version-history":[{"count":0,"href":"https:\/\/skinstudio.ee\/lv\/wp-json\/wp\/v2\/product\/42125\/revisions"}],"wp:featuredmedia":[{"embeddable":true,"href":"https:\/\/skinstudio.ee\/lv\/wp-json\/wp\/v2\/media\/66684"}],"wp:attachment":[{"href":"https:\/\/skinstudio.ee\/lv\/wp-json\/wp\/v2\/media?parent=42125"}],"wp:term":[{"taxonomy":"pwb-brand","embeddable":true,"href":"https:\/\/skinstudio.ee\/lv\/wp-json\/wp\/v2\/pwb-brand?post=42125"},{"taxonomy":"product_brand","embeddable":true,"href":"https:\/\/skinstudio.ee\/lv\/wp-json\/wp\/v2\/product_brand?post=42125"},{"taxonomy":"product_cat","embeddable":true,"href":"https:\/\/skinstudio.ee\/lv\/wp-json\/wp\/v2\/product_cat?post=42125"},{"taxonomy":"product_tag","embeddable":true,"href":"https:\/\/skinstudio.ee\/lv\/wp-json\/wp\/v2\/product_tag?post=42125"},{"taxonomy":"giftcard-category","embeddable":true,"href":"https:\/\/skinstudio.ee\/lv\/wp-json\/wp\/v2\/giftcard-category?post=42125"}],"curies":[{"name":"wp","href":"https:\/\/api.w.org\/{rel}","templated":true}]}}