{"id":42141,"date":"2025-08-06T11:54:08","date_gmt":"2025-08-06T11:54:08","guid":{"rendered":"https:\/\/skinstudio.ee\/?post_type=product&#038;p=42141"},"modified":"2025-12-30T17:05:12","modified_gmt":"2025-12-30T17:05:12","slug":"watery-hyal-serum-mask","status":"publish","type":"product","link":"https:\/\/skinstudio.ee\/lv\/catalog\/real-barrier\/watery-hyal-serum-mask\/","title":{"rendered":"Watery Hyal Serum Mask"},"content":{"rendered":"<p data-start=\"167\" data-end=\"694\">Kl\u012bniski pier\u0101d\u012bts, ka maska uzlabo \u0101das mitrin\u0101\u0161anas l\u012bmeni, palielina mitrumu gan virs\u0113jos, gan dzi\u013c\u0101kajos \u0101das sl\u0101\u0146os, k\u0101 ar\u012b samazina kairin\u0101jumu, ko izraisa nosusin\u0101\u0161ana ar dvieli un citi ikdienas faktori.<br data-start=\"377\" data-end=\"380\" \/>Seruma pies\u0101tin\u0101ta auduma maska ar 91% dabiskas izcelsmes sast\u0101vda\u013cu maigi nomierina un atjauno jut\u012bgu \u0101du.<br data-start=\"487\" data-end=\"490\" \/>Biolo\u0123iski no\u0101rd\u0101ms veg\u0101nisks audums cie\u0161i piek\u013caujas sejai, vienm\u0113r\u012bgi nog\u0101d\u0101jot akt\u012bv\u0101s sast\u0101vda\u013cas un nodro\u0161inot \u0101du ar sabalans\u0113tu mitrumu. \u0100da k\u013c\u016bst maiga, elast\u012bga un starojo\u0161a jau p\u0113c neilga laika.<\/p>\n<p data-start=\"699\" data-end=\"717\"><strong data-start=\"699\" data-end=\"711\">Tilpums:<\/strong> 25 ml<\/p>\n","protected":false},"excerpt":{"rendered":"<p data-start=\"897\" data-end=\"970\">Mitrino\u0161a auduma maska<\/p>\n<h2 data-start=\"897\" data-end=\"970\"><strong data-start=\"922\" data-end=\"970\">Real Barrier Watery Hyal Serum Mask \u012bpa\u0161\u012bbas<\/strong><\/h2>\n<p data-start=\"972\" data-end=\"1176\">\u2714\ufe0f Nomierina jut\u012bgu un sakairin\u0101tu \u0101du<br data-start=\"1010\" data-end=\"1013\" \/>\u2714\ufe0f Intens\u012bvi mitrina un atsvaidzina<br data-start=\"1048\" data-end=\"1051\" \/>\u2714\ufe0f Atjauno mitruma l\u012bmeni \u0101d\u0101<br data-start=\"1080\" data-end=\"1083\" \/>\u2714\ufe0f Padara \u0101du gludu, maigu un starojo\u0161u<br data-start=\"1122\" data-end=\"1125\" \/>\u2714\ufe0f Nodro\u0161ina komfortu un svaigumu jau p\u0113c \u012bsa laika<\/p>\n","protected":false},"featured_media":66678,"template":"","meta":[],"pwb-brand":[713],"product_brand":[],"product_cat":[745,725,737,749],"product_tag":[],"giftcard-category":[],"class_list":{"0":"post-42141","1":"product","2":"type-product","3":"status-publish","4":"has-post-thumbnail","6":"pwb-brand-real-barrier","7":"product_cat-jutigai-adai","8":"product_cat-maskas","9":"product_cat-mitrinasana","10":"product_cat-novecojosa-ada","12":"first","13":"instock","14":"taxable","15":"shipping-taxable","16":"purchasable","17":"product-type-simple"},"acf":[],"brands":[{"id":713,"name":"Real Barrier","slug":"real-barrier"}],"_links":{"self":[{"href":"https:\/\/skinstudio.ee\/lv\/wp-json\/wp\/v2\/product\/42141","targetHints":{"allow":["GET"]}}],"collection":[{"href":"https:\/\/skinstudio.ee\/lv\/wp-json\/wp\/v2\/product"}],"about":[{"href":"https:\/\/skinstudio.ee\/lv\/wp-json\/wp\/v2\/types\/product"}],"version-history":[{"count":0,"href":"https:\/\/skinstudio.ee\/lv\/wp-json\/wp\/v2\/product\/42141\/revisions"}],"wp:featuredmedia":[{"embeddable":true,"href":"https:\/\/skinstudio.ee\/lv\/wp-json\/wp\/v2\/media\/66678"}],"wp:attachment":[{"href":"https:\/\/skinstudio.ee\/lv\/wp-json\/wp\/v2\/media?parent=42141"}],"wp:term":[{"taxonomy":"pwb-brand","embeddable":true,"href":"https:\/\/skinstudio.ee\/lv\/wp-json\/wp\/v2\/pwb-brand?post=42141"},{"taxonomy":"product_brand","embeddable":true,"href":"https:\/\/skinstudio.ee\/lv\/wp-json\/wp\/v2\/product_brand?post=42141"},{"taxonomy":"product_cat","embeddable":true,"href":"https:\/\/skinstudio.ee\/lv\/wp-json\/wp\/v2\/product_cat?post=42141"},{"taxonomy":"product_tag","embeddable":true,"href":"https:\/\/skinstudio.ee\/lv\/wp-json\/wp\/v2\/product_tag?post=42141"},{"taxonomy":"giftcard-category","embeddable":true,"href":"https:\/\/skinstudio.ee\/lv\/wp-json\/wp\/v2\/giftcard-category?post=42141"}],"curies":[{"name":"wp","href":"https:\/\/api.w.org\/{rel}","templated":true}]}}