{"id":42157,"date":"2025-08-06T12:03:47","date_gmt":"2025-08-06T12:03:47","guid":{"rendered":"https:\/\/skinstudio.ee\/?post_type=product&#038;p=42157"},"modified":"2025-12-30T17:05:12","modified_gmt":"2025-12-30T17:05:12","slug":"control-t-acid-quick-boosting-pad","status":"publish","type":"product","link":"https:\/\/skinstudio.ee\/lv\/catalog\/real-barrier\/control-t-acid-quick-boosting-pad\/","title":{"rendered":"Control-T Acid Quick Boosting Pad"},"content":{"rendered":"<p data-start=\"497\" data-end=\"801\">Kliniski pier\u0101d\u012bts, ka p\u0113c tikai vienas lieto\u0161anas reizes \u0161ie sk\u0101bju kompleksa padjuki no\u0146em 88,1\u202f% no atmiru\u0161aj\u0101m \u0161\u016bn\u0101m un samazina sebuma sekr\u0113ciju par 77,4\u202f%, kas pal\u012bdz nov\u0113rst meln\u0101s punkti\u0146as un izsitumus un redzami samazina poru izskatu, padarot \u0101du glud\u0101ku un radot vesel\u012bgu mirdzumu.<\/p>\n<p data-start=\"803\" data-end=\"1007\">Produkts nodro\u0161ina intens\u012bvu mitrin\u0101\u0161anu \u2013 palielinot \u0161\u016bnu mitruma l\u012bmeni par 82,4\u202f% un saglab\u0101jot to ilgsto\u0161i. Tas ar\u012b samazina \u0101das reaktivit\u0101ti, pal\u012bdzot \u0101tr\u0101k nomierin\u0101t \u0101das kairin\u0101jumu un aps\u0101rtumu.<\/p>\n<p data-start=\"1009\" data-end=\"1131\">Padjuki ir izgatavoti no m\u012bksta materi\u0101la ar perfor\u0101ciju, kas \u013cauj tos viegli sadal\u012bt un lietot pat gr\u016bti pieejam\u0101s zon\u0101s.<\/p>\n<p data-start=\"1136\" data-end=\"1155\"><strong data-start=\"1136\" data-end=\"1148\">Tilpums:<\/strong> 210 ml<\/p>\n","protected":false},"excerpt":{"rendered":"<p data-start=\"1236\" data-end=\"1275\">Exfoli\u0113jo\u0161i padjuki ar sk\u0101bju kompleksu<\/p>\n<h2 data-start=\"1236\" data-end=\"1275\"><strong data-start=\"220\" data-end=\"279\">Real Barrier Control-T Acid Quick Boosting Pad \u012bpa\u0161\u012bbas<\/strong><\/h2>\n<p data-start=\"1236\" data-end=\"1275\">\u2714\ufe0f Efekt\u012bvi no\u0146em atmiru\u0161\u0101s \u0101das \u0161\u016bnas<br data-start=\"320\" data-end=\"323\" \/>\u2714\ufe0f Atsvaidzina un izl\u012bdzina \u0101das virsmu<br data-start=\"362\" data-end=\"365\" \/>\u2714\ufe0f Samazina poru izteikt\u012bbu un uzlabo tekst\u016bru<br data-start=\"411\" data-end=\"414\" \/>\u2714\ufe0f Nov\u0113r\u0161 izsitumus un meln\u0101s punkti\u0146as<br data-start=\"453\" data-end=\"456\" \/>\u2714\ufe0f Sagatavo \u0101du turpm\u0101kai kop\u0161anai<\/p>\n","protected":false},"featured_media":66673,"template":"","meta":[],"pwb-brand":[713],"product_brand":[],"product_cat":[745,749,743,751,721],"product_tag":[],"giftcard-category":[],"class_list":{"0":"post-42157","1":"product","2":"type-product","3":"status-publish","4":"has-post-thumbnail","6":"pwb-brand-real-barrier","7":"product_cat-jutigai-adai","8":"product_cat-novecojosa-ada","9":"product_cat-paplasinatas-poras","10":"product_cat-pigmentacija-lv","11":"product_cat-toniki-lv","13":"first","14":"instock","15":"taxable","16":"shipping-taxable","17":"purchasable","18":"product-type-simple"},"acf":[],"brands":[{"id":713,"name":"Real Barrier","slug":"real-barrier"}],"_links":{"self":[{"href":"https:\/\/skinstudio.ee\/lv\/wp-json\/wp\/v2\/product\/42157","targetHints":{"allow":["GET"]}}],"collection":[{"href":"https:\/\/skinstudio.ee\/lv\/wp-json\/wp\/v2\/product"}],"about":[{"href":"https:\/\/skinstudio.ee\/lv\/wp-json\/wp\/v2\/types\/product"}],"version-history":[{"count":0,"href":"https:\/\/skinstudio.ee\/lv\/wp-json\/wp\/v2\/product\/42157\/revisions"}],"wp:featuredmedia":[{"embeddable":true,"href":"https:\/\/skinstudio.ee\/lv\/wp-json\/wp\/v2\/media\/66673"}],"wp:attachment":[{"href":"https:\/\/skinstudio.ee\/lv\/wp-json\/wp\/v2\/media?parent=42157"}],"wp:term":[{"taxonomy":"pwb-brand","embeddable":true,"href":"https:\/\/skinstudio.ee\/lv\/wp-json\/wp\/v2\/pwb-brand?post=42157"},{"taxonomy":"product_brand","embeddable":true,"href":"https:\/\/skinstudio.ee\/lv\/wp-json\/wp\/v2\/product_brand?post=42157"},{"taxonomy":"product_cat","embeddable":true,"href":"https:\/\/skinstudio.ee\/lv\/wp-json\/wp\/v2\/product_cat?post=42157"},{"taxonomy":"product_tag","embeddable":true,"href":"https:\/\/skinstudio.ee\/lv\/wp-json\/wp\/v2\/product_tag?post=42157"},{"taxonomy":"giftcard-category","embeddable":true,"href":"https:\/\/skinstudio.ee\/lv\/wp-json\/wp\/v2\/giftcard-category?post=42157"}],"curies":[{"name":"wp","href":"https:\/\/api.w.org\/{rel}","templated":true}]}}